{"id":8,"date":"2021-03-07T12:32:58","date_gmt":"2021-03-07T17:32:58","guid":{"rendered":"https:\/\/bruval.com.ec\/home\/carrito\/"},"modified":"2024-09-19T11:50:22","modified_gmt":"2024-09-19T16:50:22","slug":"carrito","status":"publish","type":"page","link":"https:\/\/bruval.com.ec\/home\/carrito\/","title":{"rendered":"Carrito"},"content":{"rendered":"\t\t<div data-elementor-type=\"wp-page\" data-elementor-id=\"8\" class=\"elementor elementor-8\" data-elementor-post-type=\"page\">\n\t\t\t\t\t\t<section class=\"elementor-section elementor-top-section elementor-element elementor-element-61c98a47 elementor-section-boxed elementor-section-height-default elementor-section-height-default\" data-id=\"61c98a47\" data-element_type=\"section\" data-e-type=\"section\">\n\t\t\t\t\t\t<div class=\"elementor-container elementor-column-gap-default\">\n\t\t\t\t\t<div class=\"elementor-column elementor-col-100 elementor-top-column elementor-element elementor-element-37001464\" data-id=\"37001464\" data-element_type=\"column\" data-e-type=\"column\">\n\t\t\t<div class=\"elementor-widget-wrap elementor-element-populated\">\n\t\t\t\t\t\t<div class=\"elementor-element elementor-element-ee49f48 elementor-widget elementor-widget-tp-woo-cart\" data-id=\"ee49f48\" data-element_type=\"widget\" data-e-type=\"widget\" data-widget_type=\"tp-woo-cart.default\">\n\t\t\t\t<div class=\"elementor-widget-container\">\n\t\t\t\t\t<div class=\"tp-cart-page-wrapper ee49f48 layout-1 tp-wcart-center\"><\/div>\t\t\t\t<\/div>\n\t\t\t\t<\/div>\n\t\t\t\t\t<\/div>\n\t\t<\/div>\n\t\t\t\t\t<\/div>\n\t\t<\/section>\n\t\t\t\t<\/div>\n\t\t","protected":false},"excerpt":{"rendered":"<p>Eliminar art\u00edculo Imagen en miniatura Producto Precio Cantidad Subtotal BVBOX1030 &#36;83.48 BVBOX1030 cantidad &#36;83.48 Cup\u00f3n: Aplicar cup\u00f3n Actualizar carrito Totales del carrito Subtotal &#36;83.48 Env\u00edo V\u00eda Salitre: &#036;12.00V\u00eda a la Costa: &#036;10.00V\u00eda Dur\u00e1n Tambo: &#036;10.00V\u00eda a Samborond\u00f3n: &#036;10.00V\u00eda a Daule hasta el Km 10: &#036;10.00Via a Daule desde Km10 hasta Km 16: &#036;13.00V\u00eda a Daule [&hellip;]<\/p>\n","protected":false},"author":1,"featured_media":0,"parent":0,"menu_order":0,"comment_status":"closed","ping_status":"closed","template":"","meta":{"site-sidebar-layout":"default","site-content-layout":"default","ast-site-content-layout":"","site-content-style":"default","site-sidebar-style":"default","ast-global-header-display":"","ast-banner-title-visibility":"","ast-main-header-display":"","ast-hfb-above-header-display":"","ast-hfb-below-header-display":"","ast-hfb-mobile-header-display":"","site-post-title":"","ast-breadcrumbs-content":"","ast-featured-img":"","footer-sml-layout":"","theme-transparent-header-meta":"default","adv-header-id-meta":"","stick-header-meta":"default","header-above-stick-meta":"","header-main-stick-meta":"","header-below-stick-meta":"","astra-migrate-meta-layouts":"default","ast-page-background-enabled":"default","ast-page-background-meta":{"desktop":{"background-color":"","background-image":"","background-repeat":"repeat","background-position":"center center","background-size":"auto","background-attachment":"scroll","background-type":"","background-media":"","overlay-type":"","overlay-color":"","overlay-opacity":"","overlay-gradient":""},"tablet":{"background-color":"","background-image":"","background-repeat":"repeat","background-position":"center center","background-size":"auto","background-attachment":"scroll","background-type":"","background-media":"","overlay-type":"","overlay-color":"","overlay-opacity":"","overlay-gradient":""},"mobile":{"background-color":"","background-image":"","background-repeat":"repeat","background-position":"center center","background-size":"auto","background-attachment":"scroll","background-type":"","background-media":"","overlay-type":"","overlay-color":"","overlay-opacity":"","overlay-gradient":""}},"ast-content-background-meta":{"desktop":{"background-color":"var(--ast-global-color-5)","background-image":"","background-repeat":"repeat","background-position":"center center","background-size":"auto","background-attachment":"scroll","background-type":"","background-media":"","overlay-type":"","overlay-color":"","overlay-opacity":"","overlay-gradient":""},"tablet":{"background-color":"var(--ast-global-color-5)","background-image":"","background-repeat":"repeat","background-position":"center center","background-size":"auto","background-attachment":"scroll","background-type":"","background-media":"","overlay-type":"","overlay-color":"","overlay-opacity":"","overlay-gradient":""},"mobile":{"background-color":"var(--ast-global-color-5)","background-image":"","background-repeat":"repeat","background-position":"center center","background-size":"auto","background-attachment":"scroll","background-type":"","background-media":"","overlay-type":"","overlay-color":"","overlay-opacity":"","overlay-gradient":""}},"footnotes":""},"class_list":["post-8","page","type-page","status-publish","hentry"],"jetpack-related-posts":[{"id":507,"url":"https:\/\/bruval.com.ec\/home\/","url_meta":{"origin":8,"position":0},"title":"Inicio","author":"cviteri","date":"marzo 7, 2021","format":false,"excerpt":"IMPORTANTE: Los precios de la tienda no incluyen IVA ni costo de env\u00edo \u00daltimos Arreglos Estos son nuestros \u00faltimos arreglos y detalles cargados a la tienda. Sale! BVBOX255 $119.00 El precio original era: $119.00.$89.00El precio actual es: $89.00. A\u00f1adir al carrito Sale! BVBOX250 $99.00 El precio original era: $99.00.$79.00El precio\u2026","rel":"","context":"Entrada similar","block_context":{"text":"Entrada similar","link":""},"img":{"alt_text":"BVBOX255","src":"https:\/\/i0.wp.com\/bruval.com.ec\/home\/wp-content\/uploads\/2026\/04\/006-400x400.webp?resize=350%2C200&ssl=1","width":350,"height":200},"classes":[]},{"id":7,"url":"https:\/\/bruval.com.ec\/home\/tienda\/","url_meta":{"origin":8,"position":1},"title":"Tienda","author":"cviteri","date":"marzo 7, 2021","format":false,"excerpt":"Oferta 20% OFF BOUQUET 140 $99.00 $79.00 Agregar al carrito Oferta 40% OFF BOUQUET 100 $50.00 $30.00 Agregar al carrito Oferta 18% OFF BVBOX2025 $109.00 $89.00 Agregar al carrito Oferta 20% OFF BVBOX2020 $149.00 $119.00 Agregar al carrito Oferta 20% OFF Boquet 135 $149.00 $119.00 Agregar al carrito Oferta 25%\u2026","rel":"","context":"Entrada similar","block_context":{"text":"Entrada similar","link":""},"img":{"alt_text":"BOUQUET 140","src":"https:\/\/i0.wp.com\/bruval.com.ec\/home\/wp-content\/uploads\/2026\/01\/BOUQUET-140-768x576.webp?resize=350%2C200&ssl=1","width":350,"height":200,"srcset":"https:\/\/i0.wp.com\/bruval.com.ec\/home\/wp-content\/uploads\/2026\/01\/BOUQUET-140-768x576.webp?resize=350%2C200&ssl=1 1x, https:\/\/i0.wp.com\/bruval.com.ec\/home\/wp-content\/uploads\/2026\/01\/BOUQUET-140-768x576.webp?resize=525%2C300&ssl=1 1.5x, https:\/\/i0.wp.com\/bruval.com.ec\/home\/wp-content\/uploads\/2026\/01\/BOUQUET-140-768x576.webp?resize=700%2C400&ssl=1 2x"},"classes":[]},{"id":430,"url":"https:\/\/bruval.com.ec\/home\/nosotros\/","url_meta":{"origin":8,"position":2},"title":"Nosotros","author":"cviteri","date":"marzo 7, 2021","format":false,"excerpt":"Nosotros Bruval nace del deseo de brindar el servicio de dise\u00f1o y entrega personalizada de arreglos florales por medio de una de las v\u00edas de mayor auge en la actualidad, el Internet, que permitir\u00e1 un servicio \u00e1gil y de mayor interactividad con el cliente. En base a un previo estudio\u2026","rel":"","context":"Entrada similar","block_context":{"text":"Entrada similar","link":""},"img":{"alt_text":"","src":"","width":0,"height":0},"classes":[]},{"id":432,"url":"https:\/\/bruval.com.ec\/home\/terminos-y-politicas\/","url_meta":{"origin":8,"position":3},"title":"T\u00e9rminos y Pol\u00edticas","author":"cviteri","date":"marzo 7, 2021","format":false,"excerpt":"T\u00e9rminos\u00a0y Pol\u00edticasPol\u00edticas del Servicio El cliente se obliga a cancelar el valor del arreglo floral o complementos a escoger, en su totalidad antes de ser enviado. En caso de realizar el pago con una tarjeta de cr\u00e9dito v\u00eda telef\u00f3nica, el cliente deber\u00e1 proporcionar su n\u00famero, fecha de caducidad y c\u00f3digo\u2026","rel":"","context":"Entrada similar","block_context":{"text":"Entrada similar","link":""},"img":{"alt_text":"","src":"","width":0,"height":0},"classes":[]}],"jetpack_sharing_enabled":true,"_links":{"self":[{"href":"https:\/\/bruval.com.ec\/home\/wp-json\/wp\/v2\/pages\/8","targetHints":{"allow":["GET"]}}],"collection":[{"href":"https:\/\/bruval.com.ec\/home\/wp-json\/wp\/v2\/pages"}],"about":[{"href":"https:\/\/bruval.com.ec\/home\/wp-json\/wp\/v2\/types\/page"}],"author":[{"embeddable":true,"href":"https:\/\/bruval.com.ec\/home\/wp-json\/wp\/v2\/users\/1"}],"replies":[{"embeddable":true,"href":"https:\/\/bruval.com.ec\/home\/wp-json\/wp\/v2\/comments?post=8"}],"version-history":[{"count":4,"href":"https:\/\/bruval.com.ec\/home\/wp-json\/wp\/v2\/pages\/8\/revisions"}],"predecessor-version":[{"id":2390,"href":"https:\/\/bruval.com.ec\/home\/wp-json\/wp\/v2\/pages\/8\/revisions\/2390"}],"wp:attachment":[{"href":"https:\/\/bruval.com.ec\/home\/wp-json\/wp\/v2\/media?parent=8"}],"curies":[{"name":"wp","href":"https:\/\/api.w.org\/{rel}","templated":true}]}}