{"id":1012,"date":"2021-04-13T16:52:17","date_gmt":"2021-04-13T21:52:17","guid":{"rendered":"https:\/\/bruval.com.ec\/home\/?post_type=product&#038;p=1012"},"modified":"2024-05-06T08:29:11","modified_gmt":"2024-05-06T13:29:11","slug":"1012","status":"publish","type":"product","link":"https:\/\/bruval.com.ec\/home\/producto\/1012\/","title":{"rendered":"BVBOX651"},"content":{"rendered":"","protected":false},"excerpt":{"rendered":"<p>Mini Box en hermosos tonos pasteles compuesta de rosas, mini rosas y follaje de temporada, los peque\u00f1os detalles construyen grandes momentos.<\/p>\n<ul>\n<li>Color de Box y flores pueden cambiar seg\u00fan stock.<\/li>\n<\/ul>\n","protected":false},"featured_media":1114,"template":"","meta":{"site-sidebar-layout":"default","site-content-layout":"default","ast-site-content-layout":"","site-content-style":"default","site-sidebar-style":"default","ast-global-header-display":"","ast-banner-title-visibility":"","ast-main-header-display":"","ast-hfb-above-header-display":"","ast-hfb-below-header-display":"","ast-hfb-mobile-header-display":"","site-post-title":"","ast-breadcrumbs-content":"","ast-featured-img":"","footer-sml-layout":"","theme-transparent-header-meta":"default","adv-header-id-meta":"","stick-header-meta":"default","header-above-stick-meta":"","header-main-stick-meta":"","header-below-stick-meta":"","astra-migrate-meta-layouts":"default","ast-page-background-enabled":"default","ast-page-background-meta":{"desktop":{"background-color":"","background-image":"","background-repeat":"repeat","background-position":"center center","background-size":"auto","background-attachment":"scroll","background-type":"","background-media":"","overlay-type":"","overlay-color":"","overlay-opacity":"","overlay-gradient":""},"tablet":{"background-color":"","background-image":"","background-repeat":"repeat","background-position":"center center","background-size":"auto","background-attachment":"scroll","background-type":"","background-media":"","overlay-type":"","overlay-color":"","overlay-opacity":"","overlay-gradient":""},"mobile":{"background-color":"","background-image":"","background-repeat":"repeat","background-position":"center center","background-size":"auto","background-attachment":"scroll","background-type":"","background-media":"","overlay-type":"","overlay-color":"","overlay-opacity":"","overlay-gradient":""}},"ast-content-background-meta":{"desktop":{"background-color":"var(--ast-global-color-5)","background-image":"","background-repeat":"repeat","background-position":"center center","background-size":"auto","background-attachment":"scroll","background-type":"","background-media":"","overlay-type":"","overlay-color":"","overlay-opacity":"","overlay-gradient":""},"tablet":{"background-color":"var(--ast-global-color-5)","background-image":"","background-repeat":"repeat","background-position":"center center","background-size":"auto","background-attachment":"scroll","background-type":"","background-media":"","overlay-type":"","overlay-color":"","overlay-opacity":"","overlay-gradient":""},"mobile":{"background-color":"var(--ast-global-color-5)","background-image":"","background-repeat":"repeat","background-position":"center center","background-size":"auto","background-attachment":"scroll","background-type":"","background-media":"","overlay-type":"","overlay-color":"","overlay-opacity":"","overlay-gradient":""}}},"product_brand":[],"product_cat":[20,18,24,29,25,31,30,26],"product_tag":[],"class_list":{"0":"post-1012","1":"product","2":"type-product","3":"status-publish","4":"has-post-thumbnail","6":"product_cat-amistad","7":"product_cat-amor","8":"product_cat-aniversario","9":"product_cat-bruval-box","10":"product_cat-cumpleanos","11":"product_cat-mama","12":"product_cat-san-valentin","13":"product_cat-trabajo","14":"desktop-align-center","15":"tablet-align-center","16":"mobile-align-center","17":"ast-product-gallery-layout-horizontal","18":"ast-product-gallery-with-no-image","19":"ast-product-tabs-layout-vertical","21":"first","22":"instock","23":"sale","24":"taxable","25":"shipping-taxable","26":"purchasable","27":"product-type-simple"},"jetpack-related-posts":[{"id":1010,"url":"https:\/\/bruval.com.ec\/home\/producto\/bvbox605\/","url_meta":{"origin":1012,"position":0},"title":"BVBOX605","author":"cviteri","date":"abril 13, 2021","format":false,"excerpt":"Mini Box de Rosas y mini rosas una combinaci\u00f3n ideal para enamorar! Color de Box y flores pueden cambiar seg\u00fan el stock.","rel":"","context":"Entrada similar","block_context":{"text":"Entrada similar","link":""},"img":{"alt_text":"BRUVAL","src":"https:\/\/i0.wp.com\/bruval.com.ec\/home\/wp-content\/uploads\/2021\/04\/BVBOX605-B.jpg?fit=800%2C800&ssl=1&resize=350%2C200","width":350,"height":200,"srcset":"https:\/\/i0.wp.com\/bruval.com.ec\/home\/wp-content\/uploads\/2021\/04\/BVBOX605-B.jpg?fit=800%2C800&ssl=1&resize=350%2C200 1x, https:\/\/i0.wp.com\/bruval.com.ec\/home\/wp-content\/uploads\/2021\/04\/BVBOX605-B.jpg?fit=800%2C800&ssl=1&resize=525%2C300 1.5x, https:\/\/i0.wp.com\/bruval.com.ec\/home\/wp-content\/uploads\/2021\/04\/BVBOX605-B.jpg?fit=800%2C800&ssl=1&resize=700%2C400 2x"},"classes":[]},{"id":307,"url":"https:\/\/bruval.com.ec\/home\/producto\/bvbox028\/","url_meta":{"origin":1012,"position":1},"title":"BVBOX028","author":"cviteri","date":"enero 16, 2019","format":false,"excerpt":"Nuestra hermosa Box Large de 50 rosas y mini rosas linda y delicada para regalar por cualquier ocasion. *Colores de caja, rosas y mini rosas pueden variar segun disponibilidad. *Mini rosas pueden ser reemplazadas por clavelinas en caso de ser necesario.","rel":"","context":"Entrada similar","block_context":{"text":"Entrada similar","link":""},"img":{"alt_text":"BVBOX028","src":"https:\/\/i0.wp.com\/bruval.com.ec\/home\/wp-content\/uploads\/2019\/01\/265-BVBOX028.jpg?fit=700%2C800&ssl=1&resize=350%2C200","width":350,"height":200,"srcset":"https:\/\/i0.wp.com\/bruval.com.ec\/home\/wp-content\/uploads\/2019\/01\/265-BVBOX028.jpg?fit=700%2C800&ssl=1&resize=350%2C200 1x, https:\/\/i0.wp.com\/bruval.com.ec\/home\/wp-content\/uploads\/2019\/01\/265-BVBOX028.jpg?fit=700%2C800&ssl=1&resize=525%2C300 1.5x, https:\/\/i0.wp.com\/bruval.com.ec\/home\/wp-content\/uploads\/2019\/01\/265-BVBOX028.jpg?fit=700%2C800&ssl=1&resize=700%2C400 2x"},"classes":[]},{"id":2015,"url":"https:\/\/bruval.com.ec\/home\/producto\/bvbox1010\/","url_meta":{"origin":1012,"position":2},"title":"BVBOX1010","author":"fmanzetti","date":"diciembre 1, 2023","format":false,"excerpt":"25 Rosas Bruval en esta elegante mini box dandole el toque de elegancia su tira de perlas. *Color de la caja puede variar segun stock *Color de Rosas pueden variar segun stock","rel":"","context":"Entrada similar","block_context":{"text":"Entrada similar","link":""},"img":{"alt_text":"BVBOX1010","src":"https:\/\/i0.wp.com\/bruval.com.ec\/home\/wp-content\/uploads\/2023\/12\/3.webp?fit=600%2C800&ssl=1&resize=350%2C200","width":350,"height":200,"srcset":"https:\/\/i0.wp.com\/bruval.com.ec\/home\/wp-content\/uploads\/2023\/12\/3.webp?fit=600%2C800&ssl=1&resize=350%2C200 1x, https:\/\/i0.wp.com\/bruval.com.ec\/home\/wp-content\/uploads\/2023\/12\/3.webp?fit=600%2C800&ssl=1&resize=525%2C300 1.5x"},"classes":[]},{"id":2028,"url":"https:\/\/bruval.com.ec\/home\/producto\/bvbox1040\/","url_meta":{"origin":1012,"position":3},"title":"BVBOX1040","author":"fmanzetti","date":"diciembre 1, 2023","format":false,"excerpt":"25 Rosas Bruval en esta elegante mini box dandole el toque de elegancia su tira de perlas. *Color de la caja puede variar segun stock *Color de Rosas pueden variar segun stock","rel":"","context":"Entrada similar","block_context":{"text":"Entrada similar","link":""},"img":{"alt_text":"BVBOX1040","src":"https:\/\/i0.wp.com\/bruval.com.ec\/home\/wp-content\/uploads\/2023\/12\/DSCN8051.webp?fit=905%2C800&ssl=1&resize=350%2C200","width":350,"height":200,"srcset":"https:\/\/i0.wp.com\/bruval.com.ec\/home\/wp-content\/uploads\/2023\/12\/DSCN8051.webp?fit=905%2C800&ssl=1&resize=350%2C200 1x, https:\/\/i0.wp.com\/bruval.com.ec\/home\/wp-content\/uploads\/2023\/12\/DSCN8051.webp?fit=905%2C800&ssl=1&resize=525%2C300 1.5x, https:\/\/i0.wp.com\/bruval.com.ec\/home\/wp-content\/uploads\/2023\/12\/DSCN8051.webp?fit=905%2C800&ssl=1&resize=700%2C400 2x"},"classes":[]},{"id":245,"url":"https:\/\/bruval.com.ec\/home\/producto\/bvbox0012\/","url_meta":{"origin":1012,"position":4},"title":"BVBOX0012","author":"cviteri","date":"febrero 1, 2018","format":false,"excerpt":"En nuestra Bruval Box XL encontraras una hermosa armon\u00eda de rosas, claveles, mini rosas, lirios y follaje de temporada.","rel":"","context":"Entrada similar","block_context":{"text":"Entrada similar","link":""},"img":{"alt_text":"BVBOX0012","src":"https:\/\/i0.wp.com\/bruval.com.ec\/home\/wp-content\/uploads\/2018\/02\/233-BVBOX0012.jpg?fit=700%2C800&ssl=1&resize=350%2C200","width":350,"height":200,"srcset":"https:\/\/i0.wp.com\/bruval.com.ec\/home\/wp-content\/uploads\/2018\/02\/233-BVBOX0012.jpg?fit=700%2C800&ssl=1&resize=350%2C200 1x, https:\/\/i0.wp.com\/bruval.com.ec\/home\/wp-content\/uploads\/2018\/02\/233-BVBOX0012.jpg?fit=700%2C800&ssl=1&resize=525%2C300 1.5x, https:\/\/i0.wp.com\/bruval.com.ec\/home\/wp-content\/uploads\/2018\/02\/233-BVBOX0012.jpg?fit=700%2C800&ssl=1&resize=700%2C400 2x"},"classes":[]},{"id":1013,"url":"https:\/\/bruval.com.ec\/home\/producto\/bvbox650\/","url_meta":{"origin":1012,"position":5},"title":"BVBOX650","author":"cviteri","date":"abril 13, 2021","format":false,"excerpt":"Una elegante Mini box de Rosas y Orqu\u00eddeas Dendrobium hacen de esta box algo muy sublime. Color de box, rosas y orqu\u00eddeas pueden cambiar seg\u00fan disponibilidad.","rel":"","context":"Entrada similar","block_context":{"text":"Entrada similar","link":""},"img":{"alt_text":"BRUVAL","src":"https:\/\/i0.wp.com\/bruval.com.ec\/home\/wp-content\/uploads\/2021\/04\/BVBOX650-B.jpg?fit=800%2C800&ssl=1&resize=350%2C200","width":350,"height":200,"srcset":"https:\/\/i0.wp.com\/bruval.com.ec\/home\/wp-content\/uploads\/2021\/04\/BVBOX650-B.jpg?fit=800%2C800&ssl=1&resize=350%2C200 1x, https:\/\/i0.wp.com\/bruval.com.ec\/home\/wp-content\/uploads\/2021\/04\/BVBOX650-B.jpg?fit=800%2C800&ssl=1&resize=525%2C300 1.5x, https:\/\/i0.wp.com\/bruval.com.ec\/home\/wp-content\/uploads\/2021\/04\/BVBOX650-B.jpg?fit=800%2C800&ssl=1&resize=700%2C400 2x"},"classes":[]}],"jetpack_sharing_enabled":true,"_links":{"self":[{"href":"https:\/\/bruval.com.ec\/home\/wp-json\/wp\/v2\/product\/1012","targetHints":{"allow":["GET"]}}],"collection":[{"href":"https:\/\/bruval.com.ec\/home\/wp-json\/wp\/v2\/product"}],"about":[{"href":"https:\/\/bruval.com.ec\/home\/wp-json\/wp\/v2\/types\/product"}],"wp:featuredmedia":[{"embeddable":true,"href":"https:\/\/bruval.com.ec\/home\/wp-json\/wp\/v2\/media\/1114"}],"wp:attachment":[{"href":"https:\/\/bruval.com.ec\/home\/wp-json\/wp\/v2\/media?parent=1012"}],"wp:term":[{"taxonomy":"product_brand","embeddable":true,"href":"https:\/\/bruval.com.ec\/home\/wp-json\/wp\/v2\/product_brand?post=1012"},{"taxonomy":"product_cat","embeddable":true,"href":"https:\/\/bruval.com.ec\/home\/wp-json\/wp\/v2\/product_cat?post=1012"},{"taxonomy":"product_tag","embeddable":true,"href":"https:\/\/bruval.com.ec\/home\/wp-json\/wp\/v2\/product_tag?post=1012"}],"curies":[{"name":"wp","href":"https:\/\/api.w.org\/{rel}","templated":true}]}}