{"id":1013,"date":"2021-04-13T16:54:06","date_gmt":"2021-04-13T21:54:06","guid":{"rendered":"https:\/\/bruval.com.ec\/home\/?post_type=product&#038;p=1013"},"modified":"2022-08-31T12:23:02","modified_gmt":"2022-08-31T17:23:02","slug":"bvbox650","status":"publish","type":"product","link":"https:\/\/bruval.com.ec\/home\/producto\/bvbox650\/","title":{"rendered":"BVBOX650"},"content":{"rendered":"","protected":false},"excerpt":{"rendered":"<p>Una elegante Mini box de Rosas y Orqu\u00eddeas Dendrobium hacen de esta box algo muy sublime.<\/p>\n<ul>\n<li>Color de box, rosas y orqu\u00eddeas pueden cambiar seg\u00fan disponibilidad.<\/li>\n<\/ul>\n","protected":false},"featured_media":1111,"template":"","meta":{"site-sidebar-layout":"default","site-content-layout":"default","ast-site-content-layout":"","site-content-style":"default","site-sidebar-style":"default","ast-global-header-display":"","ast-banner-title-visibility":"","ast-main-header-display":"","ast-hfb-above-header-display":"","ast-hfb-below-header-display":"","ast-hfb-mobile-header-display":"","site-post-title":"","ast-breadcrumbs-content":"","ast-featured-img":"","footer-sml-layout":"","theme-transparent-header-meta":"default","adv-header-id-meta":"","stick-header-meta":"default","header-above-stick-meta":"","header-main-stick-meta":"","header-below-stick-meta":"","astra-migrate-meta-layouts":"default","ast-page-background-enabled":"default","ast-page-background-meta":{"desktop":{"background-color":"","background-image":"","background-repeat":"repeat","background-position":"center center","background-size":"auto","background-attachment":"scroll","background-type":"","background-media":"","overlay-type":"","overlay-color":"","overlay-opacity":"","overlay-gradient":""},"tablet":{"background-color":"","background-image":"","background-repeat":"repeat","background-position":"center center","background-size":"auto","background-attachment":"scroll","background-type":"","background-media":"","overlay-type":"","overlay-color":"","overlay-opacity":"","overlay-gradient":""},"mobile":{"background-color":"","background-image":"","background-repeat":"repeat","background-position":"center center","background-size":"auto","background-attachment":"scroll","background-type":"","background-media":"","overlay-type":"","overlay-color":"","overlay-opacity":"","overlay-gradient":""}},"ast-content-background-meta":{"desktop":{"background-color":"var(--ast-global-color-5)","background-image":"","background-repeat":"repeat","background-position":"center center","background-size":"auto","background-attachment":"scroll","background-type":"","background-media":"","overlay-type":"","overlay-color":"","overlay-opacity":"","overlay-gradient":""},"tablet":{"background-color":"var(--ast-global-color-5)","background-image":"","background-repeat":"repeat","background-position":"center center","background-size":"auto","background-attachment":"scroll","background-type":"","background-media":"","overlay-type":"","overlay-color":"","overlay-opacity":"","overlay-gradient":""},"mobile":{"background-color":"var(--ast-global-color-5)","background-image":"","background-repeat":"repeat","background-position":"center center","background-size":"auto","background-attachment":"scroll","background-type":"","background-media":"","overlay-type":"","overlay-color":"","overlay-opacity":"","overlay-gradient":""}}},"product_brand":[],"product_cat":[20,24,15,29,25,26],"product_tag":[],"class_list":{"0":"post-1013","1":"product","2":"type-product","3":"status-publish","4":"has-post-thumbnail","6":"product_cat-amistad","7":"product_cat-aniversario","8":"product_cat-bruval","9":"product_cat-bruval-box","10":"product_cat-cumpleanos","11":"product_cat-trabajo","12":"desktop-align-center","13":"tablet-align-center","14":"mobile-align-center","15":"ast-product-gallery-layout-horizontal","16":"ast-product-gallery-with-no-image","17":"ast-product-tabs-layout-vertical","19":"first","20":"instock","21":"sale","22":"taxable","23":"shipping-taxable","24":"purchasable","25":"product-type-simple"},"jetpack-related-posts":[{"id":1017,"url":"https:\/\/bruval.com.ec\/home\/producto\/bvbox653\/","url_meta":{"origin":1013,"position":0},"title":"BVBOX653","author":"cviteri","date":"abril 13, 2021","format":false,"excerpt":"Linda box de rosas y orqu\u00eddeas Dendrobium hacen que esta elegante box sea inolvidable. Color de rosas, box, orqu\u00eddeas y follaje puede variar seg\u00fan disponibilidad.","rel":"","context":"Entrada similar","block_context":{"text":"Entrada similar","link":""},"img":{"alt_text":"BRUVAL","src":"https:\/\/i0.wp.com\/bruval.com.ec\/home\/wp-content\/uploads\/2021\/04\/BVBOX653-B.jpg?fit=800%2C800&ssl=1&resize=350%2C200","width":350,"height":200,"srcset":"https:\/\/i0.wp.com\/bruval.com.ec\/home\/wp-content\/uploads\/2021\/04\/BVBOX653-B.jpg?fit=800%2C800&ssl=1&resize=350%2C200 1x, https:\/\/i0.wp.com\/bruval.com.ec\/home\/wp-content\/uploads\/2021\/04\/BVBOX653-B.jpg?fit=800%2C800&ssl=1&resize=525%2C300 1.5x, https:\/\/i0.wp.com\/bruval.com.ec\/home\/wp-content\/uploads\/2021\/04\/BVBOX653-B.jpg?fit=800%2C800&ssl=1&resize=700%2C400 2x"},"classes":[]},{"id":359,"url":"https:\/\/bruval.com.ec\/home\/producto\/bvbox044\/","url_meta":{"origin":1013,"position":1},"title":"BVBOX044","author":"cviteri","date":"abril 29, 2019","format":false,"excerpt":"Una elegante box en nuestra nueva colecci\u00f3n de cajas\u2026 Lindas orqu\u00eddeas con rosas y follaje de temporada\u2026. *Color de caja, rosas y Orquideas\u00a0 pueden variar seg\u00fan stock y elecci\u00f3n del cliente.","rel":"","context":"Entrada similar","block_context":{"text":"Entrada similar","link":""},"img":{"alt_text":"BVBOX044","src":"https:\/\/i0.wp.com\/bruval.com.ec\/home\/wp-content\/uploads\/2019\/04\/304-BVBOX044.jpg?fit=700%2C800&ssl=1&resize=350%2C200","width":350,"height":200,"srcset":"https:\/\/i0.wp.com\/bruval.com.ec\/home\/wp-content\/uploads\/2019\/04\/304-BVBOX044.jpg?fit=700%2C800&ssl=1&resize=350%2C200 1x, https:\/\/i0.wp.com\/bruval.com.ec\/home\/wp-content\/uploads\/2019\/04\/304-BVBOX044.jpg?fit=700%2C800&ssl=1&resize=525%2C300 1.5x, https:\/\/i0.wp.com\/bruval.com.ec\/home\/wp-content\/uploads\/2019\/04\/304-BVBOX044.jpg?fit=700%2C800&ssl=1&resize=700%2C400 2x"},"classes":[]},{"id":387,"url":"https:\/\/bruval.com.ec\/home\/producto\/bvbox055\/","url_meta":{"origin":1013,"position":2},"title":"BVBOX055","author":"cviteri","date":"enero 28, 2020","format":false,"excerpt":"Una hermosa combinaci\u00f3n de rosas y orqu\u00eddeas en esta hermosa Bruval Box. *Color de Box puede variar seg\u00fan disponibilidad*Color de rosas y orqu\u00eddeas pueden variar seg\u00fan stock","rel":"","context":"Entrada similar","block_context":{"text":"Entrada similar","link":""},"img":{"alt_text":"BVBOX055","src":"https:\/\/i0.wp.com\/bruval.com.ec\/home\/wp-content\/uploads\/2020\/01\/333-BVBOX055.jpg?fit=700%2C800&ssl=1&resize=350%2C200","width":350,"height":200,"srcset":"https:\/\/i0.wp.com\/bruval.com.ec\/home\/wp-content\/uploads\/2020\/01\/333-BVBOX055.jpg?fit=700%2C800&ssl=1&resize=350%2C200 1x, https:\/\/i0.wp.com\/bruval.com.ec\/home\/wp-content\/uploads\/2020\/01\/333-BVBOX055.jpg?fit=700%2C800&ssl=1&resize=525%2C300 1.5x, https:\/\/i0.wp.com\/bruval.com.ec\/home\/wp-content\/uploads\/2020\/01\/333-BVBOX055.jpg?fit=700%2C800&ssl=1&resize=700%2C400 2x"},"classes":[]},{"id":1015,"url":"https:\/\/bruval.com.ec\/home\/producto\/bvbox652\/","url_meta":{"origin":1013,"position":3},"title":"BVBOX652","author":"cviteri","date":"abril 13, 2021","format":false,"excerpt":"Cuando no encuentres las palabras para expresarte, mejor dilo con flores y esta mini box de rosas es lo que estas necesitando. Color de box, rosas y orqu\u00eddeas pueden cambiar seg\u00fan la disponibilidad.","rel":"","context":"Entrada similar","block_context":{"text":"Entrada similar","link":""},"img":{"alt_text":"Bruval","src":"https:\/\/i0.wp.com\/bruval.com.ec\/home\/wp-content\/uploads\/2021\/04\/Bruval-1.jpg?fit=800%2C800&ssl=1&resize=350%2C200","width":350,"height":200,"srcset":"https:\/\/i0.wp.com\/bruval.com.ec\/home\/wp-content\/uploads\/2021\/04\/Bruval-1.jpg?fit=800%2C800&ssl=1&resize=350%2C200 1x, https:\/\/i0.wp.com\/bruval.com.ec\/home\/wp-content\/uploads\/2021\/04\/Bruval-1.jpg?fit=800%2C800&ssl=1&resize=525%2C300 1.5x, https:\/\/i0.wp.com\/bruval.com.ec\/home\/wp-content\/uploads\/2021\/04\/Bruval-1.jpg?fit=800%2C800&ssl=1&resize=700%2C400 2x"},"classes":[]},{"id":1501,"url":"https:\/\/bruval.com.ec\/home\/producto\/bvbox805\/","url_meta":{"origin":1013,"position":4},"title":"BVBOX805","author":"Bruval Ecuador","date":"abril 13, 2022","format":false,"excerpt":"70 Hermosas Rosas en tonos pasteles complementadas con orquideas.","rel":"","context":"Entrada similar","block_context":{"text":"Entrada similar","link":""},"img":{"alt_text":"","src":"https:\/\/i0.wp.com\/bruval.com.ec\/home\/wp-content\/uploads\/2022\/04\/IMG_4928.webp?fit=653%2C980&ssl=1&resize=350%2C200","width":350,"height":200,"srcset":"https:\/\/i0.wp.com\/bruval.com.ec\/home\/wp-content\/uploads\/2022\/04\/IMG_4928.webp?fit=653%2C980&ssl=1&resize=350%2C200 1x, https:\/\/i0.wp.com\/bruval.com.ec\/home\/wp-content\/uploads\/2022\/04\/IMG_4928.webp?fit=653%2C980&ssl=1&resize=525%2C300 1.5x"},"classes":[]},{"id":257,"url":"https:\/\/bruval.com.ec\/home\/producto\/bvbox0018\/","url_meta":{"origin":1013,"position":5},"title":"BVBOX0018","author":"cviteri","date":"febrero 1, 2018","format":false,"excerpt":"En esta elegante box unimos la belleza de las rosas con la delicadeza de las orqu\u00eddeas, estamos seguros que enamorar\u00e1s con ella. \u00a0*Color de caja y flores pueden variar segun disponibilidad.","rel":"","context":"Entrada similar","block_context":{"text":"Entrada similar","link":""},"img":{"alt_text":"BVBOX0018","src":"https:\/\/i0.wp.com\/bruval.com.ec\/home\/wp-content\/uploads\/2018\/02\/178-BVBOX0018.jpg?fit=700%2C800&ssl=1&resize=350%2C200","width":350,"height":200,"srcset":"https:\/\/i0.wp.com\/bruval.com.ec\/home\/wp-content\/uploads\/2018\/02\/178-BVBOX0018.jpg?fit=700%2C800&ssl=1&resize=350%2C200 1x, https:\/\/i0.wp.com\/bruval.com.ec\/home\/wp-content\/uploads\/2018\/02\/178-BVBOX0018.jpg?fit=700%2C800&ssl=1&resize=525%2C300 1.5x, https:\/\/i0.wp.com\/bruval.com.ec\/home\/wp-content\/uploads\/2018\/02\/178-BVBOX0018.jpg?fit=700%2C800&ssl=1&resize=700%2C400 2x"},"classes":[]}],"jetpack_sharing_enabled":true,"_links":{"self":[{"href":"https:\/\/bruval.com.ec\/home\/wp-json\/wp\/v2\/product\/1013","targetHints":{"allow":["GET"]}}],"collection":[{"href":"https:\/\/bruval.com.ec\/home\/wp-json\/wp\/v2\/product"}],"about":[{"href":"https:\/\/bruval.com.ec\/home\/wp-json\/wp\/v2\/types\/product"}],"wp:featuredmedia":[{"embeddable":true,"href":"https:\/\/bruval.com.ec\/home\/wp-json\/wp\/v2\/media\/1111"}],"wp:attachment":[{"href":"https:\/\/bruval.com.ec\/home\/wp-json\/wp\/v2\/media?parent=1013"}],"wp:term":[{"taxonomy":"product_brand","embeddable":true,"href":"https:\/\/bruval.com.ec\/home\/wp-json\/wp\/v2\/product_brand?post=1013"},{"taxonomy":"product_cat","embeddable":true,"href":"https:\/\/bruval.com.ec\/home\/wp-json\/wp\/v2\/product_cat?post=1013"},{"taxonomy":"product_tag","embeddable":true,"href":"https:\/\/bruval.com.ec\/home\/wp-json\/wp\/v2\/product_tag?post=1013"}],"curies":[{"name":"wp","href":"https:\/\/api.w.org\/{rel}","templated":true}]}}