{"id":1019,"date":"2021-04-13T17:01:36","date_gmt":"2021-04-13T22:01:36","guid":{"rendered":"https:\/\/bruval.com.ec\/home\/?post_type=product&#038;p=1019"},"modified":"2024-04-08T17:19:09","modified_gmt":"2024-04-08T22:19:09","slug":"bvbox506","status":"publish","type":"product","link":"https:\/\/bruval.com.ec\/home\/producto\/bvbox506\/","title":{"rendered":"BVBOX506"},"content":{"rendered":"","protected":false},"excerpt":{"rendered":"<p>Una Box de rosas y girasoles siempre ser\u00e1 lindo recibirla.<\/p>\n<ul>\n<li>Color de rosas y box puedan cambiar seg\u00fan disponibilidad.<\/li>\n<\/ul>\n","protected":false},"featured_media":1112,"template":"","meta":{"site-sidebar-layout":"default","site-content-layout":"default","ast-site-content-layout":"","site-content-style":"default","site-sidebar-style":"default","ast-global-header-display":"","ast-banner-title-visibility":"","ast-main-header-display":"","ast-hfb-above-header-display":"","ast-hfb-below-header-display":"","ast-hfb-mobile-header-display":"","site-post-title":"","ast-breadcrumbs-content":"","ast-featured-img":"","footer-sml-layout":"","theme-transparent-header-meta":"default","adv-header-id-meta":"","stick-header-meta":"default","header-above-stick-meta":"","header-main-stick-meta":"","header-below-stick-meta":"","astra-migrate-meta-layouts":"default","ast-page-background-enabled":"default","ast-page-background-meta":{"desktop":{"background-color":"","background-image":"","background-repeat":"repeat","background-position":"center center","background-size":"auto","background-attachment":"scroll","background-type":"","background-media":"","overlay-type":"","overlay-color":"","overlay-opacity":"","overlay-gradient":""},"tablet":{"background-color":"","background-image":"","background-repeat":"repeat","background-position":"center center","background-size":"auto","background-attachment":"scroll","background-type":"","background-media":"","overlay-type":"","overlay-color":"","overlay-opacity":"","overlay-gradient":""},"mobile":{"background-color":"","background-image":"","background-repeat":"repeat","background-position":"center center","background-size":"auto","background-attachment":"scroll","background-type":"","background-media":"","overlay-type":"","overlay-color":"","overlay-opacity":"","overlay-gradient":""}},"ast-content-background-meta":{"desktop":{"background-color":"var(--ast-global-color-5)","background-image":"","background-repeat":"repeat","background-position":"center center","background-size":"auto","background-attachment":"scroll","background-type":"","background-media":"","overlay-type":"","overlay-color":"","overlay-opacity":"","overlay-gradient":""},"tablet":{"background-color":"var(--ast-global-color-5)","background-image":"","background-repeat":"repeat","background-position":"center center","background-size":"auto","background-attachment":"scroll","background-type":"","background-media":"","overlay-type":"","overlay-color":"","overlay-opacity":"","overlay-gradient":""},"mobile":{"background-color":"var(--ast-global-color-5)","background-image":"","background-repeat":"repeat","background-position":"center center","background-size":"auto","background-attachment":"scroll","background-type":"","background-media":"","overlay-type":"","overlay-color":"","overlay-opacity":"","overlay-gradient":""}}},"product_brand":[],"product_cat":[20,18,29,25,30,26],"product_tag":[],"class_list":{"0":"post-1019","1":"product","2":"type-product","3":"status-publish","4":"has-post-thumbnail","6":"product_cat-amistad","7":"product_cat-amor","8":"product_cat-bruval-box","9":"product_cat-cumpleanos","10":"product_cat-san-valentin","11":"product_cat-trabajo","12":"desktop-align-center","13":"tablet-align-center","14":"mobile-align-center","15":"ast-product-gallery-layout-horizontal","16":"ast-product-gallery-with-no-image","17":"ast-product-tabs-layout-vertical","19":"first","20":"instock","21":"taxable","22":"shipping-taxable","23":"purchasable","24":"product-type-simple"},"jetpack-related-posts":[{"id":328,"url":"https:\/\/bruval.com.ec\/home\/producto\/bvbox033\/","url_meta":{"origin":1019,"position":0},"title":"BVBOX033","author":"cviteri","date":"abril 29, 2019","format":false,"excerpt":"Si eres amante de las rosas y tambi\u00e9n de los girasoles no tienes porque decidir una de estas flores al momento de regalar\u2026 Bruval las ha combinado de una manera s\u00faper elegante en nuestra elegante box. *Color de las rosas pueden cambiarse seg\u00fan elecci\u00f3n y disponibilidad. *Color de la base\u2026","rel":"","context":"Entrada similar","block_context":{"text":"Entrada similar","link":""},"img":{"alt_text":"BVBOX033","src":"https:\/\/i0.wp.com\/bruval.com.ec\/home\/wp-content\/uploads\/2019\/04\/280-BVBOX033.jpg?fit=700%2C800&ssl=1&resize=350%2C200","width":350,"height":200,"srcset":"https:\/\/i0.wp.com\/bruval.com.ec\/home\/wp-content\/uploads\/2019\/04\/280-BVBOX033.jpg?fit=700%2C800&ssl=1&resize=350%2C200 1x, https:\/\/i0.wp.com\/bruval.com.ec\/home\/wp-content\/uploads\/2019\/04\/280-BVBOX033.jpg?fit=700%2C800&ssl=1&resize=525%2C300 1.5x, https:\/\/i0.wp.com\/bruval.com.ec\/home\/wp-content\/uploads\/2019\/04\/280-BVBOX033.jpg?fit=700%2C800&ssl=1&resize=700%2C400 2x"},"classes":[]},{"id":253,"url":"https:\/\/bruval.com.ec\/home\/producto\/bvbox0016\/","url_meta":{"origin":1019,"position":1},"title":"BVBOX0016","author":"cviteri","date":"febrero 1, 2018","format":false,"excerpt":"La combinacion perfecta, rosas y girasoles en esta box espectacular. *Color de rosas y box puede variar seg\u00fan disponibilidad.","rel":"","context":"Entrada similar","block_context":{"text":"Entrada similar","link":""},"img":{"alt_text":"BVBOX0016","src":"https:\/\/i0.wp.com\/bruval.com.ec\/home\/wp-content\/uploads\/2018\/02\/176-BVBOX0016.jpg?fit=700%2C800&ssl=1&resize=350%2C200","width":350,"height":200,"srcset":"https:\/\/i0.wp.com\/bruval.com.ec\/home\/wp-content\/uploads\/2018\/02\/176-BVBOX0016.jpg?fit=700%2C800&ssl=1&resize=350%2C200 1x, https:\/\/i0.wp.com\/bruval.com.ec\/home\/wp-content\/uploads\/2018\/02\/176-BVBOX0016.jpg?fit=700%2C800&ssl=1&resize=525%2C300 1.5x, https:\/\/i0.wp.com\/bruval.com.ec\/home\/wp-content\/uploads\/2018\/02\/176-BVBOX0016.jpg?fit=700%2C800&ssl=1&resize=700%2C400 2x"},"classes":[]},{"id":251,"url":"https:\/\/bruval.com.ec\/home\/producto\/bvbox0015\/","url_meta":{"origin":1019,"position":2},"title":"BVBOX0015","author":"cviteri","date":"febrero 1, 2018","format":false,"excerpt":"La combinacion perfecta, rosas y girasoles en esta box espectacular. *Color de rosas y box puede variar seg\u00fan disponibilidad.","rel":"","context":"Entrada similar","block_context":{"text":"Entrada similar","link":""},"img":{"alt_text":"BVBOX0015","src":"https:\/\/i0.wp.com\/bruval.com.ec\/home\/wp-content\/uploads\/2018\/02\/175-BVBOX0015.jpg?fit=700%2C800&ssl=1&resize=350%2C200","width":350,"height":200,"srcset":"https:\/\/i0.wp.com\/bruval.com.ec\/home\/wp-content\/uploads\/2018\/02\/175-BVBOX0015.jpg?fit=700%2C800&ssl=1&resize=350%2C200 1x, https:\/\/i0.wp.com\/bruval.com.ec\/home\/wp-content\/uploads\/2018\/02\/175-BVBOX0015.jpg?fit=700%2C800&ssl=1&resize=525%2C300 1.5x, https:\/\/i0.wp.com\/bruval.com.ec\/home\/wp-content\/uploads\/2018\/02\/175-BVBOX0015.jpg?fit=700%2C800&ssl=1&resize=700%2C400 2x"},"classes":[]},{"id":307,"url":"https:\/\/bruval.com.ec\/home\/producto\/bvbox028\/","url_meta":{"origin":1019,"position":3},"title":"BVBOX028","author":"cviteri","date":"enero 16, 2019","format":false,"excerpt":"Nuestra hermosa Box Large de 50 rosas y mini rosas linda y delicada para regalar por cualquier ocasion. *Colores de caja, rosas y mini rosas pueden variar segun disponibilidad. *Mini rosas pueden ser reemplazadas por clavelinas en caso de ser necesario.","rel":"","context":"Entrada similar","block_context":{"text":"Entrada similar","link":""},"img":{"alt_text":"BVBOX028","src":"https:\/\/i0.wp.com\/bruval.com.ec\/home\/wp-content\/uploads\/2019\/01\/265-BVBOX028.jpg?fit=700%2C800&ssl=1&resize=350%2C200","width":350,"height":200,"srcset":"https:\/\/i0.wp.com\/bruval.com.ec\/home\/wp-content\/uploads\/2019\/01\/265-BVBOX028.jpg?fit=700%2C800&ssl=1&resize=350%2C200 1x, https:\/\/i0.wp.com\/bruval.com.ec\/home\/wp-content\/uploads\/2019\/01\/265-BVBOX028.jpg?fit=700%2C800&ssl=1&resize=525%2C300 1.5x, https:\/\/i0.wp.com\/bruval.com.ec\/home\/wp-content\/uploads\/2019\/01\/265-BVBOX028.jpg?fit=700%2C800&ssl=1&resize=700%2C400 2x"},"classes":[]},{"id":159,"url":"https:\/\/bruval.com.ec\/home\/producto\/bv0330\/","url_meta":{"origin":1019,"position":4},"title":"BV0330","author":"cviteri","date":"diciembre 18, 2017","format":false,"excerpt":"Lleg\u00f3 el momento de conocer nuestras BOX XL de girasoles y rosas *Color de la box y rosas pueden variar seg\u00fan stock","rel":"","context":"Entrada similar","block_context":{"text":"Entrada similar","link":""},"img":{"alt_text":"BV0330","src":"https:\/\/i0.wp.com\/bruval.com.ec\/home\/wp-content\/uploads\/2017\/12\/240-BV0330.jpg?fit=700%2C800&ssl=1&resize=350%2C200","width":350,"height":200,"srcset":"https:\/\/i0.wp.com\/bruval.com.ec\/home\/wp-content\/uploads\/2017\/12\/240-BV0330.jpg?fit=700%2C800&ssl=1&resize=350%2C200 1x, https:\/\/i0.wp.com\/bruval.com.ec\/home\/wp-content\/uploads\/2017\/12\/240-BV0330.jpg?fit=700%2C800&ssl=1&resize=525%2C300 1.5x, https:\/\/i0.wp.com\/bruval.com.ec\/home\/wp-content\/uploads\/2017\/12\/240-BV0330.jpg?fit=700%2C800&ssl=1&resize=700%2C400 2x"},"classes":[]},{"id":243,"url":"https:\/\/bruval.com.ec\/home\/producto\/bvbox0011\/","url_meta":{"origin":1019,"position":5},"title":"BVBOX0011","author":"cviteri","date":"enero 11, 2018","format":false,"excerpt":"Ahora puedes regalar nuestra Box de rosas y girasoles en presentaci\u00f3n MEDIUM. \u00a0*Color de caja y flores pueden variar segun disponibilidad.","rel":"","context":"Entrada similar","block_context":{"text":"Entrada similar","link":""},"img":{"alt_text":"BVBOX0011","src":"https:\/\/i0.wp.com\/bruval.com.ec\/home\/wp-content\/uploads\/2018\/01\/139-BVBOX0011.jpg?fit=700%2C800&ssl=1&resize=350%2C200","width":350,"height":200,"srcset":"https:\/\/i0.wp.com\/bruval.com.ec\/home\/wp-content\/uploads\/2018\/01\/139-BVBOX0011.jpg?fit=700%2C800&ssl=1&resize=350%2C200 1x, https:\/\/i0.wp.com\/bruval.com.ec\/home\/wp-content\/uploads\/2018\/01\/139-BVBOX0011.jpg?fit=700%2C800&ssl=1&resize=525%2C300 1.5x, https:\/\/i0.wp.com\/bruval.com.ec\/home\/wp-content\/uploads\/2018\/01\/139-BVBOX0011.jpg?fit=700%2C800&ssl=1&resize=700%2C400 2x"},"classes":[]}],"jetpack_sharing_enabled":true,"_links":{"self":[{"href":"https:\/\/bruval.com.ec\/home\/wp-json\/wp\/v2\/product\/1019","targetHints":{"allow":["GET"]}}],"collection":[{"href":"https:\/\/bruval.com.ec\/home\/wp-json\/wp\/v2\/product"}],"about":[{"href":"https:\/\/bruval.com.ec\/home\/wp-json\/wp\/v2\/types\/product"}],"wp:featuredmedia":[{"embeddable":true,"href":"https:\/\/bruval.com.ec\/home\/wp-json\/wp\/v2\/media\/1112"}],"wp:attachment":[{"href":"https:\/\/bruval.com.ec\/home\/wp-json\/wp\/v2\/media?parent=1019"}],"wp:term":[{"taxonomy":"product_brand","embeddable":true,"href":"https:\/\/bruval.com.ec\/home\/wp-json\/wp\/v2\/product_brand?post=1019"},{"taxonomy":"product_cat","embeddable":true,"href":"https:\/\/bruval.com.ec\/home\/wp-json\/wp\/v2\/product_cat?post=1019"},{"taxonomy":"product_tag","embeddable":true,"href":"https:\/\/bruval.com.ec\/home\/wp-json\/wp\/v2\/product_tag?post=1019"}],"curies":[{"name":"wp","href":"https:\/\/api.w.org\/{rel}","templated":true}]}}