{"id":1021,"date":"2021-04-13T17:02:54","date_gmt":"2021-04-13T22:02:54","guid":{"rendered":"https:\/\/bruval.com.ec\/home\/?post_type=product&#038;p=1021"},"modified":"2022-01-26T12:54:18","modified_gmt":"2022-01-26T17:54:18","slug":"bvbox654","status":"publish","type":"product","link":"https:\/\/bruval.com.ec\/home\/producto\/bvbox654\/","title":{"rendered":"BVBOX654"},"content":{"rendered":"","protected":false},"excerpt":{"rendered":"<p>En un solo detalle, regalar\u00e1s rosas naturales y una rosa preservada en cilindro de cristal.<\/p>\n<ul>\n<li>Color de rosas naturales, rosa preservada y box pueden cambiar seg\u00fan disponibilidad.<\/li>\n<\/ul>\n","protected":false},"featured_media":1054,"template":"","meta":{"site-sidebar-layout":"default","site-content-layout":"default","ast-site-content-layout":"","site-content-style":"default","site-sidebar-style":"default","ast-global-header-display":"","ast-banner-title-visibility":"","ast-main-header-display":"","ast-hfb-above-header-display":"","ast-hfb-below-header-display":"","ast-hfb-mobile-header-display":"","site-post-title":"","ast-breadcrumbs-content":"","ast-featured-img":"","footer-sml-layout":"","theme-transparent-header-meta":"default","adv-header-id-meta":"","stick-header-meta":"default","header-above-stick-meta":"","header-main-stick-meta":"","header-below-stick-meta":"","astra-migrate-meta-layouts":"default","ast-page-background-enabled":"default","ast-page-background-meta":{"desktop":{"background-color":"","background-image":"","background-repeat":"repeat","background-position":"center center","background-size":"auto","background-attachment":"scroll","background-type":"","background-media":"","overlay-type":"","overlay-color":"","overlay-opacity":"","overlay-gradient":""},"tablet":{"background-color":"","background-image":"","background-repeat":"repeat","background-position":"center center","background-size":"auto","background-attachment":"scroll","background-type":"","background-media":"","overlay-type":"","overlay-color":"","overlay-opacity":"","overlay-gradient":""},"mobile":{"background-color":"","background-image":"","background-repeat":"repeat","background-position":"center center","background-size":"auto","background-attachment":"scroll","background-type":"","background-media":"","overlay-type":"","overlay-color":"","overlay-opacity":"","overlay-gradient":""}},"ast-content-background-meta":{"desktop":{"background-color":"var(--ast-global-color-5)","background-image":"","background-repeat":"repeat","background-position":"center center","background-size":"auto","background-attachment":"scroll","background-type":"","background-media":"","overlay-type":"","overlay-color":"","overlay-opacity":"","overlay-gradient":""},"tablet":{"background-color":"var(--ast-global-color-5)","background-image":"","background-repeat":"repeat","background-position":"center center","background-size":"auto","background-attachment":"scroll","background-type":"","background-media":"","overlay-type":"","overlay-color":"","overlay-opacity":"","overlay-gradient":""},"mobile":{"background-color":"var(--ast-global-color-5)","background-image":"","background-repeat":"repeat","background-position":"center center","background-size":"auto","background-attachment":"scroll","background-type":"","background-media":"","overlay-type":"","overlay-color":"","overlay-opacity":"","overlay-gradient":""}}},"product_brand":[],"product_cat":[20,18,24,25,30,26],"product_tag":[],"class_list":{"0":"post-1021","1":"product","2":"type-product","3":"status-publish","4":"has-post-thumbnail","6":"product_cat-amistad","7":"product_cat-amor","8":"product_cat-aniversario","9":"product_cat-cumpleanos","10":"product_cat-san-valentin","11":"product_cat-trabajo","12":"desktop-align-center","13":"tablet-align-center","14":"mobile-align-center","15":"ast-product-gallery-layout-horizontal","16":"ast-product-gallery-with-no-image","17":"ast-product-tabs-layout-vertical","19":"first","20":"instock","21":"taxable","22":"shipping-taxable","23":"purchasable","24":"product-type-simple"},"jetpack-related-posts":[{"id":177,"url":"https:\/\/bruval.com.ec\/home\/producto\/bv0345\/","url_meta":{"origin":1021,"position":0},"title":"BV0345","author":"cviteri","date":"diciembre 18, 2017","format":false,"excerpt":"La belleza de la rosa Ecuatoriana ahora puede ser apreciada por mucho m\u00e1s tiempo como esta linda rosa XXL con tallo natural preservado. *Color de la rosa varia seg\u00fan disponibilidad. *No ponerle agua *Mantenerla en un lugar fresco *No exponerla al sol.","rel":"","context":"Entrada similar","block_context":{"text":"Entrada similar","link":""},"img":{"alt_text":"BV0345","src":"https:\/\/i0.wp.com\/bruval.com.ec\/home\/wp-content\/uploads\/2017\/12\/154-BV0345.jpg?fit=700%2C800&ssl=1&resize=350%2C200","width":350,"height":200,"srcset":"https:\/\/i0.wp.com\/bruval.com.ec\/home\/wp-content\/uploads\/2017\/12\/154-BV0345.jpg?fit=700%2C800&ssl=1&resize=350%2C200 1x, https:\/\/i0.wp.com\/bruval.com.ec\/home\/wp-content\/uploads\/2017\/12\/154-BV0345.jpg?fit=700%2C800&ssl=1&resize=525%2C300 1.5x, https:\/\/i0.wp.com\/bruval.com.ec\/home\/wp-content\/uploads\/2017\/12\/154-BV0345.jpg?fit=700%2C800&ssl=1&resize=700%2C400 2x"},"classes":[]},{"id":192,"url":"https:\/\/bruval.com.ec\/home\/producto\/bv0350\/","url_meta":{"origin":1021,"position":1},"title":"BV0350","author":"cviteri","date":"diciembre 18, 2017","format":false,"excerpt":"La belleza de la rosa Ecuatoriana ahora puede ser apreciada por mucho m\u00e1s tiempo como esta linda rosa XL con tallo natural preservado. *Color de la rosa varia seg\u00fan disponibilidad. *No ponerle agua *Mantenerla en un lugar fresco *No exponerla al sol.","rel":"","context":"Entrada similar","block_context":{"text":"Entrada similar","link":""},"img":{"alt_text":"BV0350","src":"https:\/\/i0.wp.com\/bruval.com.ec\/home\/wp-content\/uploads\/2017\/12\/215-BV0350.jpg?fit=700%2C800&ssl=1&resize=350%2C200","width":350,"height":200,"srcset":"https:\/\/i0.wp.com\/bruval.com.ec\/home\/wp-content\/uploads\/2017\/12\/215-BV0350.jpg?fit=700%2C800&ssl=1&resize=350%2C200 1x, https:\/\/i0.wp.com\/bruval.com.ec\/home\/wp-content\/uploads\/2017\/12\/215-BV0350.jpg?fit=700%2C800&ssl=1&resize=525%2C300 1.5x, https:\/\/i0.wp.com\/bruval.com.ec\/home\/wp-content\/uploads\/2017\/12\/215-BV0350.jpg?fit=700%2C800&ssl=1&resize=700%2C400 2x"},"classes":[]},{"id":203,"url":"https:\/\/bruval.com.ec\/home\/producto\/bv0355\/","url_meta":{"origin":1021,"position":2},"title":"BV0355","author":"cviteri","date":"diciembre 18, 2017","format":false,"excerpt":"La belleza de la rosa Ecuatoriana ahora puede ser apreciada por mucho m\u00e1s tiempo como esta linda rosa Large con tallo natural preservado en c\u00fapula de cristal. *Color de la rosa varia seg\u00fan disponibilidad. *No ponerle agua *Mantenerla en un lugar fresco *No exponerla al sol.","rel":"","context":"Entrada similar","block_context":{"text":"Entrada similar","link":""},"img":{"alt_text":"BV0355","src":"https:\/\/i0.wp.com\/bruval.com.ec\/home\/wp-content\/uploads\/2017\/12\/205-BV0355.jpg?fit=700%2C800&ssl=1&resize=350%2C200","width":350,"height":200,"srcset":"https:\/\/i0.wp.com\/bruval.com.ec\/home\/wp-content\/uploads\/2017\/12\/205-BV0355.jpg?fit=700%2C800&ssl=1&resize=350%2C200 1x, https:\/\/i0.wp.com\/bruval.com.ec\/home\/wp-content\/uploads\/2017\/12\/205-BV0355.jpg?fit=700%2C800&ssl=1&resize=525%2C300 1.5x, https:\/\/i0.wp.com\/bruval.com.ec\/home\/wp-content\/uploads\/2017\/12\/205-BV0355.jpg?fit=700%2C800&ssl=1&resize=700%2C400 2x"},"classes":[]},{"id":281,"url":"https:\/\/bruval.com.ec\/home\/producto\/bv0380\/","url_meta":{"origin":1021,"position":3},"title":"BV0380","author":"cviteri","date":"febrero 1, 2018","format":false,"excerpt":"La belleza de la rosa Ecuatoriana ahora puede ser apreciada por mucho m\u00e1s tiempo como esta linda rosa Large con tallo natural preservado en un cilindro de cristal. *Color de la rosa varia seg\u00fan disponibilidad. *No ponerle agua *Mantenerla en un lugar fresco *No exponerla al sol.\u00a0","rel":"","context":"Entrada similar","block_context":{"text":"Entrada similar","link":""},"img":{"alt_text":"BV0380","src":"https:\/\/i0.wp.com\/bruval.com.ec\/home\/wp-content\/uploads\/2018\/02\/229-BV0380.jpg?fit=700%2C800&ssl=1&resize=350%2C200","width":350,"height":200,"srcset":"https:\/\/i0.wp.com\/bruval.com.ec\/home\/wp-content\/uploads\/2018\/02\/229-BV0380.jpg?fit=700%2C800&ssl=1&resize=350%2C200 1x, https:\/\/i0.wp.com\/bruval.com.ec\/home\/wp-content\/uploads\/2018\/02\/229-BV0380.jpg?fit=700%2C800&ssl=1&resize=525%2C300 1.5x, https:\/\/i0.wp.com\/bruval.com.ec\/home\/wp-content\/uploads\/2018\/02\/229-BV0380.jpg?fit=700%2C800&ssl=1&resize=700%2C400 2x"},"classes":[]},{"id":268,"url":"https:\/\/bruval.com.ec\/home\/producto\/bv0360\/","url_meta":{"origin":1021,"position":4},"title":"BV0360","author":"cviteri","date":"febrero 1, 2018","format":false,"excerpt":"Delicado y hermoso nuestro coraz\u00f3n de mini rosas naturales preservadas, que pueden vivir un a\u00f1o o m\u00e1s sin necesidad de agua.","rel":"","context":"Entrada similar","block_context":{"text":"Entrada similar","link":""},"img":{"alt_text":"BV0360","src":"https:\/\/i0.wp.com\/bruval.com.ec\/home\/wp-content\/uploads\/2018\/02\/180-BV0360.jpg?fit=700%2C800&ssl=1&resize=350%2C200","width":350,"height":200,"srcset":"https:\/\/i0.wp.com\/bruval.com.ec\/home\/wp-content\/uploads\/2018\/02\/180-BV0360.jpg?fit=700%2C800&ssl=1&resize=350%2C200 1x, https:\/\/i0.wp.com\/bruval.com.ec\/home\/wp-content\/uploads\/2018\/02\/180-BV0360.jpg?fit=700%2C800&ssl=1&resize=525%2C300 1.5x, https:\/\/i0.wp.com\/bruval.com.ec\/home\/wp-content\/uploads\/2018\/02\/180-BV0360.jpg?fit=700%2C800&ssl=1&resize=700%2C400 2x"},"classes":[]},{"id":301,"url":"https:\/\/bruval.com.ec\/home\/producto\/bvbox0027\/","url_meta":{"origin":1021,"position":5},"title":"BVBOX0027","author":"cviteri","date":"abril 18, 2018","format":false,"excerpt":"Linda caja de 9 rosas preservadas, disfruta de esta box por mucho tiempo\u2026 nuestras rosas preservadas vivien un ano sin necesidad de agua.","rel":"","context":"Entrada similar","block_context":{"text":"Entrada similar","link":""},"img":{"alt_text":"BVBOX0027","src":"https:\/\/i0.wp.com\/bruval.com.ec\/home\/wp-content\/uploads\/2018\/04\/260-BVBOX0027.jpg?fit=700%2C800&ssl=1&resize=350%2C200","width":350,"height":200,"srcset":"https:\/\/i0.wp.com\/bruval.com.ec\/home\/wp-content\/uploads\/2018\/04\/260-BVBOX0027.jpg?fit=700%2C800&ssl=1&resize=350%2C200 1x, https:\/\/i0.wp.com\/bruval.com.ec\/home\/wp-content\/uploads\/2018\/04\/260-BVBOX0027.jpg?fit=700%2C800&ssl=1&resize=525%2C300 1.5x, https:\/\/i0.wp.com\/bruval.com.ec\/home\/wp-content\/uploads\/2018\/04\/260-BVBOX0027.jpg?fit=700%2C800&ssl=1&resize=700%2C400 2x"},"classes":[]}],"jetpack_sharing_enabled":true,"_links":{"self":[{"href":"https:\/\/bruval.com.ec\/home\/wp-json\/wp\/v2\/product\/1021","targetHints":{"allow":["GET"]}}],"collection":[{"href":"https:\/\/bruval.com.ec\/home\/wp-json\/wp\/v2\/product"}],"about":[{"href":"https:\/\/bruval.com.ec\/home\/wp-json\/wp\/v2\/types\/product"}],"wp:featuredmedia":[{"embeddable":true,"href":"https:\/\/bruval.com.ec\/home\/wp-json\/wp\/v2\/media\/1054"}],"wp:attachment":[{"href":"https:\/\/bruval.com.ec\/home\/wp-json\/wp\/v2\/media?parent=1021"}],"wp:term":[{"taxonomy":"product_brand","embeddable":true,"href":"https:\/\/bruval.com.ec\/home\/wp-json\/wp\/v2\/product_brand?post=1021"},{"taxonomy":"product_cat","embeddable":true,"href":"https:\/\/bruval.com.ec\/home\/wp-json\/wp\/v2\/product_cat?post=1021"},{"taxonomy":"product_tag","embeddable":true,"href":"https:\/\/bruval.com.ec\/home\/wp-json\/wp\/v2\/product_tag?post=1021"}],"curies":[{"name":"wp","href":"https:\/\/api.w.org\/{rel}","templated":true}]}}