{"id":1027,"date":"2021-04-13T17:07:46","date_gmt":"2021-04-13T22:07:46","guid":{"rendered":"https:\/\/bruval.com.ec\/home\/?post_type=product&#038;p=1027"},"modified":"2022-01-26T12:54:18","modified_gmt":"2022-01-26T17:54:18","slug":"bvbox630","status":"publish","type":"product","link":"https:\/\/bruval.com.ec\/home\/producto\/bvbox630\/","title":{"rendered":"BVBOX630"},"content":{"rendered":"","protected":false},"excerpt":{"rendered":"<p>Una rom\u00e1ntica Box de Rosas rojas en forma de un coraz\u00f3n inclinado\u2026 con ella seguro la flechar\u00e1s.<\/p>\n<ul>\n<li>Color de rosas y box pueden cambiar seg\u00fan disponibilidad.<\/li>\n<\/ul>\n","protected":false},"featured_media":1042,"template":"","meta":{"site-sidebar-layout":"default","site-content-layout":"default","ast-site-content-layout":"","site-content-style":"default","site-sidebar-style":"default","ast-global-header-display":"","ast-banner-title-visibility":"","ast-main-header-display":"","ast-hfb-above-header-display":"","ast-hfb-below-header-display":"","ast-hfb-mobile-header-display":"","site-post-title":"","ast-breadcrumbs-content":"","ast-featured-img":"","footer-sml-layout":"","theme-transparent-header-meta":"default","adv-header-id-meta":"","stick-header-meta":"default","header-above-stick-meta":"","header-main-stick-meta":"","header-below-stick-meta":"","astra-migrate-meta-layouts":"default","ast-page-background-enabled":"default","ast-page-background-meta":{"desktop":{"background-color":"","background-image":"","background-repeat":"repeat","background-position":"center center","background-size":"auto","background-attachment":"scroll","background-type":"","background-media":"","overlay-type":"","overlay-color":"","overlay-opacity":"","overlay-gradient":""},"tablet":{"background-color":"","background-image":"","background-repeat":"repeat","background-position":"center center","background-size":"auto","background-attachment":"scroll","background-type":"","background-media":"","overlay-type":"","overlay-color":"","overlay-opacity":"","overlay-gradient":""},"mobile":{"background-color":"","background-image":"","background-repeat":"repeat","background-position":"center center","background-size":"auto","background-attachment":"scroll","background-type":"","background-media":"","overlay-type":"","overlay-color":"","overlay-opacity":"","overlay-gradient":""}},"ast-content-background-meta":{"desktop":{"background-color":"var(--ast-global-color-5)","background-image":"","background-repeat":"repeat","background-position":"center center","background-size":"auto","background-attachment":"scroll","background-type":"","background-media":"","overlay-type":"","overlay-color":"","overlay-opacity":"","overlay-gradient":""},"tablet":{"background-color":"var(--ast-global-color-5)","background-image":"","background-repeat":"repeat","background-position":"center center","background-size":"auto","background-attachment":"scroll","background-type":"","background-media":"","overlay-type":"","overlay-color":"","overlay-opacity":"","overlay-gradient":""},"mobile":{"background-color":"var(--ast-global-color-5)","background-image":"","background-repeat":"repeat","background-position":"center center","background-size":"auto","background-attachment":"scroll","background-type":"","background-media":"","overlay-type":"","overlay-color":"","overlay-opacity":"","overlay-gradient":""}}},"product_brand":[],"product_cat":[20,18,24,29,25,30,26],"product_tag":[],"class_list":{"0":"post-1027","1":"product","2":"type-product","3":"status-publish","4":"has-post-thumbnail","6":"product_cat-amistad","7":"product_cat-amor","8":"product_cat-aniversario","9":"product_cat-bruval-box","10":"product_cat-cumpleanos","11":"product_cat-san-valentin","12":"product_cat-trabajo","13":"desktop-align-center","14":"tablet-align-center","15":"mobile-align-center","16":"ast-product-gallery-layout-horizontal","17":"ast-product-gallery-with-no-image","18":"ast-product-tabs-layout-vertical","20":"first","21":"instock","22":"taxable","23":"shipping-taxable","24":"purchasable","25":"product-type-simple"},"jetpack-related-posts":[{"id":1013,"url":"https:\/\/bruval.com.ec\/home\/producto\/bvbox650\/","url_meta":{"origin":1027,"position":0},"title":"BVBOX650","author":"cviteri","date":"abril 13, 2021","format":false,"excerpt":"Una elegante Mini box de Rosas y Orqu\u00eddeas Dendrobium hacen de esta box algo muy sublime. Color de box, rosas y orqu\u00eddeas pueden cambiar seg\u00fan disponibilidad.","rel":"","context":"Entrada similar","block_context":{"text":"Entrada similar","link":""},"img":{"alt_text":"BRUVAL","src":"https:\/\/i0.wp.com\/bruval.com.ec\/home\/wp-content\/uploads\/2021\/04\/BVBOX650-B.jpg?fit=800%2C800&ssl=1&resize=350%2C200","width":350,"height":200,"srcset":"https:\/\/i0.wp.com\/bruval.com.ec\/home\/wp-content\/uploads\/2021\/04\/BVBOX650-B.jpg?fit=800%2C800&ssl=1&resize=350%2C200 1x, https:\/\/i0.wp.com\/bruval.com.ec\/home\/wp-content\/uploads\/2021\/04\/BVBOX650-B.jpg?fit=800%2C800&ssl=1&resize=525%2C300 1.5x, https:\/\/i0.wp.com\/bruval.com.ec\/home\/wp-content\/uploads\/2021\/04\/BVBOX650-B.jpg?fit=800%2C800&ssl=1&resize=700%2C400 2x"},"classes":[]},{"id":1002,"url":"https:\/\/bruval.com.ec\/home\/producto\/dream-box-002\/","url_meta":{"origin":1027,"position":1},"title":"DREAM BOX 002","author":"cviteri","date":"abril 13, 2021","format":false,"excerpt":"Una hermosa manera de demostrar tus sentimientos con esta hermosa Box exclusiva de Bruval, compuesta de globos, oso de peluche de 12\" y un hermoso arreglo de rosas. Color de box, rosas y globos puede variar seg\u00fan el stock y ocasi\u00f3n.","rel":"","context":"Entrada similar","block_context":{"text":"Entrada similar","link":""},"img":{"alt_text":"Bruval","src":"https:\/\/i0.wp.com\/bruval.com.ec\/home\/wp-content\/uploads\/2021\/04\/Bruval-21.jpg?fit=800%2C800&ssl=1&resize=350%2C200","width":350,"height":200,"srcset":"https:\/\/i0.wp.com\/bruval.com.ec\/home\/wp-content\/uploads\/2021\/04\/Bruval-21.jpg?fit=800%2C800&ssl=1&resize=350%2C200 1x, https:\/\/i0.wp.com\/bruval.com.ec\/home\/wp-content\/uploads\/2021\/04\/Bruval-21.jpg?fit=800%2C800&ssl=1&resize=525%2C300 1.5x, https:\/\/i0.wp.com\/bruval.com.ec\/home\/wp-content\/uploads\/2021\/04\/Bruval-21.jpg?fit=800%2C800&ssl=1&resize=700%2C400 2x"},"classes":[]},{"id":1025,"url":"https:\/\/bruval.com.ec\/home\/producto\/bvbox504\/","url_meta":{"origin":1027,"position":2},"title":"BVBOX504","author":"cviteri","date":"abril 13, 2021","format":false,"excerpt":"Elegant Box, una cl\u00e1sica Box de rosas Bruval con un estilo muy sofisticado. Color de rosas y box pueden variar seg\u00fan disponibilidad.","rel":"","context":"Entrada similar","block_context":{"text":"Entrada similar","link":""},"img":{"alt_text":"Bruval","src":"https:\/\/i0.wp.com\/bruval.com.ec\/home\/wp-content\/uploads\/2021\/04\/Bruval-8.jpg?fit=800%2C800&ssl=1&resize=350%2C200","width":350,"height":200,"srcset":"https:\/\/i0.wp.com\/bruval.com.ec\/home\/wp-content\/uploads\/2021\/04\/Bruval-8.jpg?fit=800%2C800&ssl=1&resize=350%2C200 1x, https:\/\/i0.wp.com\/bruval.com.ec\/home\/wp-content\/uploads\/2021\/04\/Bruval-8.jpg?fit=800%2C800&ssl=1&resize=525%2C300 1.5x, https:\/\/i0.wp.com\/bruval.com.ec\/home\/wp-content\/uploads\/2021\/04\/Bruval-8.jpg?fit=800%2C800&ssl=1&resize=700%2C400 2x"},"classes":[]},{"id":1017,"url":"https:\/\/bruval.com.ec\/home\/producto\/bvbox653\/","url_meta":{"origin":1027,"position":3},"title":"BVBOX653","author":"cviteri","date":"abril 13, 2021","format":false,"excerpt":"Linda box de rosas y orqu\u00eddeas Dendrobium hacen que esta elegante box sea inolvidable. Color de rosas, box, orqu\u00eddeas y follaje puede variar seg\u00fan disponibilidad.","rel":"","context":"Entrada similar","block_context":{"text":"Entrada similar","link":""},"img":{"alt_text":"BRUVAL","src":"https:\/\/i0.wp.com\/bruval.com.ec\/home\/wp-content\/uploads\/2021\/04\/BVBOX653-B.jpg?fit=800%2C800&ssl=1&resize=350%2C200","width":350,"height":200,"srcset":"https:\/\/i0.wp.com\/bruval.com.ec\/home\/wp-content\/uploads\/2021\/04\/BVBOX653-B.jpg?fit=800%2C800&ssl=1&resize=350%2C200 1x, https:\/\/i0.wp.com\/bruval.com.ec\/home\/wp-content\/uploads\/2021\/04\/BVBOX653-B.jpg?fit=800%2C800&ssl=1&resize=525%2C300 1.5x, https:\/\/i0.wp.com\/bruval.com.ec\/home\/wp-content\/uploads\/2021\/04\/BVBOX653-B.jpg?fit=800%2C800&ssl=1&resize=700%2C400 2x"},"classes":[]},{"id":295,"url":"https:\/\/bruval.com.ec\/home\/producto\/bvbox0024\/","url_meta":{"origin":1027,"position":4},"title":"BVBOX0024","author":"cviteri","date":"abril 18, 2018","format":false,"excerpt":"Bruval Box\u2026 Lo que buscabas en una sola Box, una hermosa rosa preservada (tamano large) en una delicada cama de botones de rosas. *Colores de caja, rosas preservada y frescas pueden variar segun disponibilidad.","rel":"","context":"Entrada similar","block_context":{"text":"Entrada similar","link":""},"img":{"alt_text":"BVBOX0024","src":"https:\/\/i0.wp.com\/bruval.com.ec\/home\/wp-content\/uploads\/2018\/04\/257-BVBOX0024.jpg?fit=700%2C800&ssl=1&resize=350%2C200","width":350,"height":200,"srcset":"https:\/\/i0.wp.com\/bruval.com.ec\/home\/wp-content\/uploads\/2018\/04\/257-BVBOX0024.jpg?fit=700%2C800&ssl=1&resize=350%2C200 1x, https:\/\/i0.wp.com\/bruval.com.ec\/home\/wp-content\/uploads\/2018\/04\/257-BVBOX0024.jpg?fit=700%2C800&ssl=1&resize=525%2C300 1.5x, https:\/\/i0.wp.com\/bruval.com.ec\/home\/wp-content\/uploads\/2018\/04\/257-BVBOX0024.jpg?fit=700%2C800&ssl=1&resize=700%2C400 2x"},"classes":[]},{"id":154,"url":"https:\/\/bruval.com.ec\/home\/producto\/bv0325\/","url_meta":{"origin":1027,"position":5},"title":"BV0325","author":"cviteri","date":"diciembre 18, 2017","format":false,"excerpt":"Justo lo que buscabas regalar rosas Bruval y una rosa preservada que vive m\u00ednimo un a\u00f1o en nuestra Small Box *Color de la box y rosas pueden variar seg\u00fan stock","rel":"","context":"Entrada similar","block_context":{"text":"Entrada similar","link":""},"img":{"alt_text":"BV0325","src":"https:\/\/i0.wp.com\/bruval.com.ec\/home\/wp-content\/uploads\/2017\/12\/262-BV0325.jpg?fit=700%2C800&ssl=1&resize=350%2C200","width":350,"height":200,"srcset":"https:\/\/i0.wp.com\/bruval.com.ec\/home\/wp-content\/uploads\/2017\/12\/262-BV0325.jpg?fit=700%2C800&ssl=1&resize=350%2C200 1x, https:\/\/i0.wp.com\/bruval.com.ec\/home\/wp-content\/uploads\/2017\/12\/262-BV0325.jpg?fit=700%2C800&ssl=1&resize=525%2C300 1.5x, https:\/\/i0.wp.com\/bruval.com.ec\/home\/wp-content\/uploads\/2017\/12\/262-BV0325.jpg?fit=700%2C800&ssl=1&resize=700%2C400 2x"},"classes":[]}],"jetpack_sharing_enabled":true,"_links":{"self":[{"href":"https:\/\/bruval.com.ec\/home\/wp-json\/wp\/v2\/product\/1027","targetHints":{"allow":["GET"]}}],"collection":[{"href":"https:\/\/bruval.com.ec\/home\/wp-json\/wp\/v2\/product"}],"about":[{"href":"https:\/\/bruval.com.ec\/home\/wp-json\/wp\/v2\/types\/product"}],"wp:featuredmedia":[{"embeddable":true,"href":"https:\/\/bruval.com.ec\/home\/wp-json\/wp\/v2\/media\/1042"}],"wp:attachment":[{"href":"https:\/\/bruval.com.ec\/home\/wp-json\/wp\/v2\/media?parent=1027"}],"wp:term":[{"taxonomy":"product_brand","embeddable":true,"href":"https:\/\/bruval.com.ec\/home\/wp-json\/wp\/v2\/product_brand?post=1027"},{"taxonomy":"product_cat","embeddable":true,"href":"https:\/\/bruval.com.ec\/home\/wp-json\/wp\/v2\/product_cat?post=1027"},{"taxonomy":"product_tag","embeddable":true,"href":"https:\/\/bruval.com.ec\/home\/wp-json\/wp\/v2\/product_tag?post=1027"}],"curies":[{"name":"wp","href":"https:\/\/api.w.org\/{rel}","templated":true}]}}