{"id":1033,"date":"2021-04-13T17:14:38","date_gmt":"2021-04-13T22:14:38","guid":{"rendered":"https:\/\/bruval.com.ec\/home\/?post_type=product&#038;p=1033"},"modified":"2022-01-26T12:54:18","modified_gmt":"2022-01-26T17:54:18","slug":"bvbox503","status":"publish","type":"product","link":"https:\/\/bruval.com.ec\/home\/producto\/bvbox503\/","title":{"rendered":"BVBOX503"},"content":{"rendered":"","protected":false},"excerpt":{"rendered":"<p>Si ella ama los girasoles, d\u00e1selos todos en esta hermosa Box.<\/p>\n<ul>\n<li>Color de Box puede variar seg\u00fan disponibilidad.<\/li>\n<\/ul>\n","protected":false},"featured_media":1049,"template":"","meta":{"site-sidebar-layout":"default","site-content-layout":"default","ast-site-content-layout":"","site-content-style":"default","site-sidebar-style":"default","ast-global-header-display":"","ast-banner-title-visibility":"","ast-main-header-display":"","ast-hfb-above-header-display":"","ast-hfb-below-header-display":"","ast-hfb-mobile-header-display":"","site-post-title":"","ast-breadcrumbs-content":"","ast-featured-img":"","footer-sml-layout":"","theme-transparent-header-meta":"default","adv-header-id-meta":"","stick-header-meta":"default","header-above-stick-meta":"","header-main-stick-meta":"","header-below-stick-meta":"","astra-migrate-meta-layouts":"default","ast-page-background-enabled":"default","ast-page-background-meta":{"desktop":{"background-color":"","background-image":"","background-repeat":"repeat","background-position":"center center","background-size":"auto","background-attachment":"scroll","background-type":"","background-media":"","overlay-type":"","overlay-color":"","overlay-opacity":"","overlay-gradient":""},"tablet":{"background-color":"","background-image":"","background-repeat":"repeat","background-position":"center center","background-size":"auto","background-attachment":"scroll","background-type":"","background-media":"","overlay-type":"","overlay-color":"","overlay-opacity":"","overlay-gradient":""},"mobile":{"background-color":"","background-image":"","background-repeat":"repeat","background-position":"center center","background-size":"auto","background-attachment":"scroll","background-type":"","background-media":"","overlay-type":"","overlay-color":"","overlay-opacity":"","overlay-gradient":""}},"ast-content-background-meta":{"desktop":{"background-color":"var(--ast-global-color-5)","background-image":"","background-repeat":"repeat","background-position":"center center","background-size":"auto","background-attachment":"scroll","background-type":"","background-media":"","overlay-type":"","overlay-color":"","overlay-opacity":"","overlay-gradient":""},"tablet":{"background-color":"var(--ast-global-color-5)","background-image":"","background-repeat":"repeat","background-position":"center center","background-size":"auto","background-attachment":"scroll","background-type":"","background-media":"","overlay-type":"","overlay-color":"","overlay-opacity":"","overlay-gradient":""},"mobile":{"background-color":"var(--ast-global-color-5)","background-image":"","background-repeat":"repeat","background-position":"center center","background-size":"auto","background-attachment":"scroll","background-type":"","background-media":"","overlay-type":"","overlay-color":"","overlay-opacity":"","overlay-gradient":""}}},"product_brand":[],"product_cat":[20,18,24,25,22,27,30,26],"product_tag":[],"class_list":{"0":"post-1033","1":"product","2":"type-product","3":"status-publish","4":"has-post-thumbnail","6":"product_cat-amistad","7":"product_cat-amor","8":"product_cat-aniversario","9":"product_cat-cumpleanos","10":"product_cat-nacimiento","11":"product_cat-recuperacion","12":"product_cat-san-valentin","13":"product_cat-trabajo","14":"desktop-align-center","15":"tablet-align-center","16":"mobile-align-center","17":"ast-product-gallery-layout-horizontal","18":"ast-product-gallery-with-no-image","19":"ast-product-tabs-layout-vertical","21":"first","22":"instock","23":"taxable","24":"shipping-taxable","25":"purchasable","26":"product-type-simple"},"jetpack-related-posts":[{"id":2689,"url":"https:\/\/bruval.com.ec\/home\/producto\/bvbox2000\/","url_meta":{"origin":1033,"position":0},"title":"BVBOX2000","author":"Bruval Ecuador","date":"enero 7, 2026","format":false,"excerpt":"Hermosa Bruval Box de Girasoles que enamoran * Color de caja puede variar seg\u00fan stock","rel":"","context":"Entrada similar","block_context":{"text":"Entrada similar","link":""},"img":{"alt_text":"","src":"https:\/\/i0.wp.com\/bruval.com.ec\/home\/wp-content\/uploads\/2026\/01\/BVBOX200-.webp?fit=832%2C752&ssl=1&resize=350%2C200","width":350,"height":200,"srcset":"https:\/\/i0.wp.com\/bruval.com.ec\/home\/wp-content\/uploads\/2026\/01\/BVBOX200-.webp?fit=832%2C752&ssl=1&resize=350%2C200 1x, https:\/\/i0.wp.com\/bruval.com.ec\/home\/wp-content\/uploads\/2026\/01\/BVBOX200-.webp?fit=832%2C752&ssl=1&resize=525%2C300 1.5x, https:\/\/i0.wp.com\/bruval.com.ec\/home\/wp-content\/uploads\/2026\/01\/BVBOX200-.webp?fit=832%2C752&ssl=1&resize=700%2C400 2x"},"classes":[]},{"id":287,"url":"https:\/\/bruval.com.ec\/home\/producto\/bvbox0020\/","url_meta":{"origin":1033,"position":1},"title":"BVBOX0020","author":"cviteri","date":"abril 18, 2018","format":false,"excerpt":"Nuevas BruvalBox small, hermosos girasoles y follaje de temporada. *Color de la caja puede variar segun disponibilidad","rel":"","context":"Entrada similar","block_context":{"text":"Entrada similar","link":""},"img":{"alt_text":"BVBOX0020","src":"https:\/\/i0.wp.com\/bruval.com.ec\/home\/wp-content\/uploads\/2018\/04\/253-BVBOX0020.jpg?fit=700%2C800&ssl=1&resize=350%2C200","width":350,"height":200,"srcset":"https:\/\/i0.wp.com\/bruval.com.ec\/home\/wp-content\/uploads\/2018\/04\/253-BVBOX0020.jpg?fit=700%2C800&ssl=1&resize=350%2C200 1x, https:\/\/i0.wp.com\/bruval.com.ec\/home\/wp-content\/uploads\/2018\/04\/253-BVBOX0020.jpg?fit=700%2C800&ssl=1&resize=525%2C300 1.5x, https:\/\/i0.wp.com\/bruval.com.ec\/home\/wp-content\/uploads\/2018\/04\/253-BVBOX0020.jpg?fit=700%2C800&ssl=1&resize=700%2C400 2x"},"classes":[]},{"id":251,"url":"https:\/\/bruval.com.ec\/home\/producto\/bvbox0015\/","url_meta":{"origin":1033,"position":2},"title":"BVBOX0015","author":"cviteri","date":"febrero 1, 2018","format":false,"excerpt":"La combinacion perfecta, rosas y girasoles en esta box espectacular. *Color de rosas y box puede variar seg\u00fan disponibilidad.","rel":"","context":"Entrada similar","block_context":{"text":"Entrada similar","link":""},"img":{"alt_text":"BVBOX0015","src":"https:\/\/i0.wp.com\/bruval.com.ec\/home\/wp-content\/uploads\/2018\/02\/175-BVBOX0015.jpg?fit=700%2C800&ssl=1&resize=350%2C200","width":350,"height":200,"srcset":"https:\/\/i0.wp.com\/bruval.com.ec\/home\/wp-content\/uploads\/2018\/02\/175-BVBOX0015.jpg?fit=700%2C800&ssl=1&resize=350%2C200 1x, https:\/\/i0.wp.com\/bruval.com.ec\/home\/wp-content\/uploads\/2018\/02\/175-BVBOX0015.jpg?fit=700%2C800&ssl=1&resize=525%2C300 1.5x, https:\/\/i0.wp.com\/bruval.com.ec\/home\/wp-content\/uploads\/2018\/02\/175-BVBOX0015.jpg?fit=700%2C800&ssl=1&resize=700%2C400 2x"},"classes":[]},{"id":253,"url":"https:\/\/bruval.com.ec\/home\/producto\/bvbox0016\/","url_meta":{"origin":1033,"position":3},"title":"BVBOX0016","author":"cviteri","date":"febrero 1, 2018","format":false,"excerpt":"La combinacion perfecta, rosas y girasoles en esta box espectacular. *Color de rosas y box puede variar seg\u00fan disponibilidad.","rel":"","context":"Entrada similar","block_context":{"text":"Entrada similar","link":""},"img":{"alt_text":"BVBOX0016","src":"https:\/\/i0.wp.com\/bruval.com.ec\/home\/wp-content\/uploads\/2018\/02\/176-BVBOX0016.jpg?fit=700%2C800&ssl=1&resize=350%2C200","width":350,"height":200,"srcset":"https:\/\/i0.wp.com\/bruval.com.ec\/home\/wp-content\/uploads\/2018\/02\/176-BVBOX0016.jpg?fit=700%2C800&ssl=1&resize=350%2C200 1x, https:\/\/i0.wp.com\/bruval.com.ec\/home\/wp-content\/uploads\/2018\/02\/176-BVBOX0016.jpg?fit=700%2C800&ssl=1&resize=525%2C300 1.5x, https:\/\/i0.wp.com\/bruval.com.ec\/home\/wp-content\/uploads\/2018\/02\/176-BVBOX0016.jpg?fit=700%2C800&ssl=1&resize=700%2C400 2x"},"classes":[]},{"id":379,"url":"https:\/\/bruval.com.ec\/home\/producto\/bvbox052\/","url_meta":{"origin":1033,"position":4},"title":"BVBOX052","author":"cviteri","date":"enero 28, 2020","format":false,"excerpt":"Una hermosa Box de Orqu\u00eddeas complementada con hermoso follaje de temporada. *Colores de orqu\u00eddeas pueden variar seg\u00fan stock*Color de Box puede variar seg\u00fan disponibilidad","rel":"","context":"Entrada similar","block_context":{"text":"Entrada similar","link":""},"img":{"alt_text":"BVBOX052","src":"https:\/\/i0.wp.com\/bruval.com.ec\/home\/wp-content\/uploads\/2020\/01\/329-BVBOX052.jpg?fit=700%2C800&ssl=1&resize=350%2C200","width":350,"height":200,"srcset":"https:\/\/i0.wp.com\/bruval.com.ec\/home\/wp-content\/uploads\/2020\/01\/329-BVBOX052.jpg?fit=700%2C800&ssl=1&resize=350%2C200 1x, https:\/\/i0.wp.com\/bruval.com.ec\/home\/wp-content\/uploads\/2020\/01\/329-BVBOX052.jpg?fit=700%2C800&ssl=1&resize=525%2C300 1.5x, https:\/\/i0.wp.com\/bruval.com.ec\/home\/wp-content\/uploads\/2020\/01\/329-BVBOX052.jpg?fit=700%2C800&ssl=1&resize=700%2C400 2x"},"classes":[]},{"id":387,"url":"https:\/\/bruval.com.ec\/home\/producto\/bvbox055\/","url_meta":{"origin":1033,"position":5},"title":"BVBOX055","author":"cviteri","date":"enero 28, 2020","format":false,"excerpt":"Una hermosa combinaci\u00f3n de rosas y orqu\u00eddeas en esta hermosa Bruval Box. *Color de Box puede variar seg\u00fan disponibilidad*Color de rosas y orqu\u00eddeas pueden variar seg\u00fan stock","rel":"","context":"Entrada similar","block_context":{"text":"Entrada similar","link":""},"img":{"alt_text":"BVBOX055","src":"https:\/\/i0.wp.com\/bruval.com.ec\/home\/wp-content\/uploads\/2020\/01\/333-BVBOX055.jpg?fit=700%2C800&ssl=1&resize=350%2C200","width":350,"height":200,"srcset":"https:\/\/i0.wp.com\/bruval.com.ec\/home\/wp-content\/uploads\/2020\/01\/333-BVBOX055.jpg?fit=700%2C800&ssl=1&resize=350%2C200 1x, https:\/\/i0.wp.com\/bruval.com.ec\/home\/wp-content\/uploads\/2020\/01\/333-BVBOX055.jpg?fit=700%2C800&ssl=1&resize=525%2C300 1.5x, https:\/\/i0.wp.com\/bruval.com.ec\/home\/wp-content\/uploads\/2020\/01\/333-BVBOX055.jpg?fit=700%2C800&ssl=1&resize=700%2C400 2x"},"classes":[]}],"jetpack_sharing_enabled":true,"_links":{"self":[{"href":"https:\/\/bruval.com.ec\/home\/wp-json\/wp\/v2\/product\/1033","targetHints":{"allow":["GET"]}}],"collection":[{"href":"https:\/\/bruval.com.ec\/home\/wp-json\/wp\/v2\/product"}],"about":[{"href":"https:\/\/bruval.com.ec\/home\/wp-json\/wp\/v2\/types\/product"}],"wp:featuredmedia":[{"embeddable":true,"href":"https:\/\/bruval.com.ec\/home\/wp-json\/wp\/v2\/media\/1049"}],"wp:attachment":[{"href":"https:\/\/bruval.com.ec\/home\/wp-json\/wp\/v2\/media?parent=1033"}],"wp:term":[{"taxonomy":"product_brand","embeddable":true,"href":"https:\/\/bruval.com.ec\/home\/wp-json\/wp\/v2\/product_brand?post=1033"},{"taxonomy":"product_cat","embeddable":true,"href":"https:\/\/bruval.com.ec\/home\/wp-json\/wp\/v2\/product_cat?post=1033"},{"taxonomy":"product_tag","embeddable":true,"href":"https:\/\/bruval.com.ec\/home\/wp-json\/wp\/v2\/product_tag?post=1033"}],"curies":[{"name":"wp","href":"https:\/\/api.w.org\/{rel}","templated":true}]}}