{"id":140,"date":"2017-12-18T14:28:05","date_gmt":"2017-12-18T19:28:05","guid":{"rendered":"https:\/\/bruval.com.ec\/home\/producto\/bv0305\/"},"modified":"2023-01-23T17:27:03","modified_gmt":"2023-01-23T22:27:03","slug":"bv0305","status":"publish","type":"product","link":"https:\/\/bruval.com.ec\/home\/producto\/bv0305\/","title":{"rendered":"BV0305"},"content":{"rendered":"<p>Arreglo Floral contiene: rosas en una caja de madera. Colores de las rosas y\/o flores bajo disponibilidad y previa coordinaci\u00f3n con BRUVAL. Env\u00edos a Guayaquil, Dur\u00e1n y Samborond\u00f3n.\u00a0<strong>Aceptamos:<\/strong>\u00a0PayPal (Visa, MasterCard, AMEX, Diners Club, Discover) y Pagos en Efectivo y Transferencia Bancaria. No olvide visitar nuestra isla en el C.C. Riocentro Entre R\u00edos. M\u00e1s informaci\u00f3n al\u00a00999480437<\/p>\n","protected":false},"excerpt":{"rendered":"<p><span>Justo lo que buscabas regalar rosas bruval y una rosa preservada que vive m\u00ednimo un a\u00f1o en nuestra Large Box <\/span><\/p>\n<p><span>*Color de la box y rosas pueden variar seg\u00fan stock<\/span><\/p>\n","protected":false},"featured_media":138,"template":"","meta":{"site-sidebar-layout":"default","site-content-layout":"","ast-site-content-layout":"","site-content-style":"default","site-sidebar-style":"default","ast-global-header-display":"","ast-banner-title-visibility":"","ast-main-header-display":"","ast-hfb-above-header-display":"","ast-hfb-below-header-display":"","ast-hfb-mobile-header-display":"","site-post-title":"","ast-breadcrumbs-content":"","ast-featured-img":"","footer-sml-layout":"","theme-transparent-header-meta":"","adv-header-id-meta":"","stick-header-meta":"","header-above-stick-meta":"","header-main-stick-meta":"","header-below-stick-meta":"","astra-migrate-meta-layouts":"default","ast-page-background-enabled":"default","ast-page-background-meta":{"desktop":{"background-color":"","background-image":"","background-repeat":"repeat","background-position":"center center","background-size":"auto","background-attachment":"scroll","background-type":"","background-media":"","overlay-type":"","overlay-color":"","overlay-opacity":"","overlay-gradient":""},"tablet":{"background-color":"","background-image":"","background-repeat":"repeat","background-position":"center center","background-size":"auto","background-attachment":"scroll","background-type":"","background-media":"","overlay-type":"","overlay-color":"","overlay-opacity":"","overlay-gradient":""},"mobile":{"background-color":"","background-image":"","background-repeat":"repeat","background-position":"center center","background-size":"auto","background-attachment":"scroll","background-type":"","background-media":"","overlay-type":"","overlay-color":"","overlay-opacity":"","overlay-gradient":""}},"ast-content-background-meta":{"desktop":{"background-color":"var(--ast-global-color-5)","background-image":"","background-repeat":"repeat","background-position":"center center","background-size":"auto","background-attachment":"scroll","background-type":"","background-media":"","overlay-type":"","overlay-color":"","overlay-opacity":"","overlay-gradient":""},"tablet":{"background-color":"var(--ast-global-color-5)","background-image":"","background-repeat":"repeat","background-position":"center center","background-size":"auto","background-attachment":"scroll","background-type":"","background-media":"","overlay-type":"","overlay-color":"","overlay-opacity":"","overlay-gradient":""},"mobile":{"background-color":"var(--ast-global-color-5)","background-image":"","background-repeat":"repeat","background-position":"center center","background-size":"auto","background-attachment":"scroll","background-type":"","background-media":"","overlay-type":"","overlay-color":"","overlay-opacity":"","overlay-gradient":""}}},"product_brand":[],"product_cat":[20,18,24,29,17,22],"product_tag":[],"class_list":{"0":"post-140","1":"product","2":"type-product","3":"status-publish","4":"has-post-thumbnail","6":"product_cat-amistad","7":"product_cat-amor","8":"product_cat-aniversario","9":"product_cat-bruval-box","10":"product_cat-inicio","11":"product_cat-nacimiento","12":"desktop-align-center","13":"tablet-align-center","14":"mobile-align-center","15":"ast-product-gallery-layout-horizontal","16":"ast-product-tabs-layout-vertical","18":"first","19":"outofstock","20":"taxable","21":"shipping-taxable","22":"purchasable","23":"product-type-simple"},"jetpack-related-posts":[{"id":2015,"url":"https:\/\/bruval.com.ec\/home\/producto\/bvbox1010\/","url_meta":{"origin":140,"position":0},"title":"BVBOX1010","author":"fmanzetti","date":"diciembre 1, 2023","format":false,"excerpt":"25 Rosas Bruval en esta elegante mini box dandole el toque de elegancia su tira de perlas. *Color de la caja puede variar segun stock *Color de Rosas pueden variar segun stock","rel":"","context":"Entrada similar","block_context":{"text":"Entrada similar","link":""},"img":{"alt_text":"BVBOX1010","src":"https:\/\/i0.wp.com\/bruval.com.ec\/home\/wp-content\/uploads\/2023\/12\/3.webp?fit=600%2C800&ssl=1&resize=350%2C200","width":350,"height":200,"srcset":"https:\/\/i0.wp.com\/bruval.com.ec\/home\/wp-content\/uploads\/2023\/12\/3.webp?fit=600%2C800&ssl=1&resize=350%2C200 1x, https:\/\/i0.wp.com\/bruval.com.ec\/home\/wp-content\/uploads\/2023\/12\/3.webp?fit=600%2C800&ssl=1&resize=525%2C300 1.5x"},"classes":[]},{"id":2028,"url":"https:\/\/bruval.com.ec\/home\/producto\/bvbox1040\/","url_meta":{"origin":140,"position":1},"title":"BVBOX1040","author":"fmanzetti","date":"diciembre 1, 2023","format":false,"excerpt":"25 Rosas Bruval en esta elegante mini box dandole el toque de elegancia su tira de perlas. *Color de la caja puede variar segun stock *Color de Rosas pueden variar segun stock","rel":"","context":"Entrada similar","block_context":{"text":"Entrada similar","link":""},"img":{"alt_text":"BVBOX1040","src":"https:\/\/i0.wp.com\/bruval.com.ec\/home\/wp-content\/uploads\/2023\/12\/DSCN8051.webp?fit=905%2C800&ssl=1&resize=350%2C200","width":350,"height":200,"srcset":"https:\/\/i0.wp.com\/bruval.com.ec\/home\/wp-content\/uploads\/2023\/12\/DSCN8051.webp?fit=905%2C800&ssl=1&resize=350%2C200 1x, https:\/\/i0.wp.com\/bruval.com.ec\/home\/wp-content\/uploads\/2023\/12\/DSCN8051.webp?fit=905%2C800&ssl=1&resize=525%2C300 1.5x, https:\/\/i0.wp.com\/bruval.com.ec\/home\/wp-content\/uploads\/2023\/12\/DSCN8051.webp?fit=905%2C800&ssl=1&resize=700%2C400 2x"},"classes":[]},{"id":2703,"url":"https:\/\/bruval.com.ec\/home\/producto\/bvbox2015\/","url_meta":{"origin":140,"position":2},"title":"BVBOX2015","author":"Bruval Ecuador","date":"enero 7, 2026","format":false,"excerpt":"Una Small Box que lo tiene todo! Continen 25 rosas hermosas de Bruval y sus globitos *Color de rosas, globos y caja pueden variar seg\u00fan stock","rel":"","context":"Entrada similar","block_context":{"text":"Entrada similar","link":""},"img":{"alt_text":"","src":"https:\/\/i0.wp.com\/bruval.com.ec\/home\/wp-content\/uploads\/2026\/01\/BVBOX2015.webp?fit=832%2C608&ssl=1&resize=350%2C200","width":350,"height":200,"srcset":"https:\/\/i0.wp.com\/bruval.com.ec\/home\/wp-content\/uploads\/2026\/01\/BVBOX2015.webp?fit=832%2C608&ssl=1&resize=350%2C200 1x, https:\/\/i0.wp.com\/bruval.com.ec\/home\/wp-content\/uploads\/2026\/01\/BVBOX2015.webp?fit=832%2C608&ssl=1&resize=525%2C300 1.5x, https:\/\/i0.wp.com\/bruval.com.ec\/home\/wp-content\/uploads\/2026\/01\/BVBOX2015.webp?fit=832%2C608&ssl=1&resize=700%2C400 2x"},"classes":[]},{"id":154,"url":"https:\/\/bruval.com.ec\/home\/producto\/bv0325\/","url_meta":{"origin":140,"position":3},"title":"BV0325","author":"cviteri","date":"diciembre 18, 2017","format":false,"excerpt":"Justo lo que buscabas regalar rosas Bruval y una rosa preservada que vive m\u00ednimo un a\u00f1o en nuestra Small Box *Color de la box y rosas pueden variar seg\u00fan stock","rel":"","context":"Entrada similar","block_context":{"text":"Entrada similar","link":""},"img":{"alt_text":"BV0325","src":"https:\/\/i0.wp.com\/bruval.com.ec\/home\/wp-content\/uploads\/2017\/12\/262-BV0325.jpg?fit=700%2C800&ssl=1&resize=350%2C200","width":350,"height":200,"srcset":"https:\/\/i0.wp.com\/bruval.com.ec\/home\/wp-content\/uploads\/2017\/12\/262-BV0325.jpg?fit=700%2C800&ssl=1&resize=350%2C200 1x, https:\/\/i0.wp.com\/bruval.com.ec\/home\/wp-content\/uploads\/2017\/12\/262-BV0325.jpg?fit=700%2C800&ssl=1&resize=525%2C300 1.5x, https:\/\/i0.wp.com\/bruval.com.ec\/home\/wp-content\/uploads\/2017\/12\/262-BV0325.jpg?fit=700%2C800&ssl=1&resize=700%2C400 2x"},"classes":[]},{"id":2707,"url":"https:\/\/bruval.com.ec\/home\/producto\/bvbox2020\/","url_meta":{"origin":140,"position":4},"title":"BVBOX2020","author":"Bruval Ecuador","date":"enero 7, 2026","format":false,"excerpt":"Sobria y elegante nuestra Bruval Box de rosas rojas y ahora puedes personalizarla con la incial o numero que prefieras *Color de rosas y caja pueden variar seg\u00fan el stock","rel":"","context":"Entrada similar","block_context":{"text":"Entrada similar","link":""},"img":{"alt_text":"","src":"https:\/\/i0.wp.com\/bruval.com.ec\/home\/wp-content\/uploads\/2026\/01\/BVBOX2020.webp?fit=801%2C600&ssl=1&resize=350%2C200","width":350,"height":200,"srcset":"https:\/\/i0.wp.com\/bruval.com.ec\/home\/wp-content\/uploads\/2026\/01\/BVBOX2020.webp?fit=801%2C600&ssl=1&resize=350%2C200 1x, https:\/\/i0.wp.com\/bruval.com.ec\/home\/wp-content\/uploads\/2026\/01\/BVBOX2020.webp?fit=801%2C600&ssl=1&resize=525%2C300 1.5x, https:\/\/i0.wp.com\/bruval.com.ec\/home\/wp-content\/uploads\/2026\/01\/BVBOX2020.webp?fit=801%2C600&ssl=1&resize=700%2C400 2x"},"classes":[]},{"id":1013,"url":"https:\/\/bruval.com.ec\/home\/producto\/bvbox650\/","url_meta":{"origin":140,"position":5},"title":"BVBOX650","author":"cviteri","date":"abril 13, 2021","format":false,"excerpt":"Una elegante Mini box de Rosas y Orqu\u00eddeas Dendrobium hacen de esta box algo muy sublime. Color de box, rosas y orqu\u00eddeas pueden cambiar seg\u00fan disponibilidad.","rel":"","context":"Entrada similar","block_context":{"text":"Entrada similar","link":""},"img":{"alt_text":"BRUVAL","src":"https:\/\/i0.wp.com\/bruval.com.ec\/home\/wp-content\/uploads\/2021\/04\/BVBOX650-B.jpg?fit=800%2C800&ssl=1&resize=350%2C200","width":350,"height":200,"srcset":"https:\/\/i0.wp.com\/bruval.com.ec\/home\/wp-content\/uploads\/2021\/04\/BVBOX650-B.jpg?fit=800%2C800&ssl=1&resize=350%2C200 1x, https:\/\/i0.wp.com\/bruval.com.ec\/home\/wp-content\/uploads\/2021\/04\/BVBOX650-B.jpg?fit=800%2C800&ssl=1&resize=525%2C300 1.5x, https:\/\/i0.wp.com\/bruval.com.ec\/home\/wp-content\/uploads\/2021\/04\/BVBOX650-B.jpg?fit=800%2C800&ssl=1&resize=700%2C400 2x"},"classes":[]}],"jetpack_sharing_enabled":true,"_links":{"self":[{"href":"https:\/\/bruval.com.ec\/home\/wp-json\/wp\/v2\/product\/140","targetHints":{"allow":["GET"]}}],"collection":[{"href":"https:\/\/bruval.com.ec\/home\/wp-json\/wp\/v2\/product"}],"about":[{"href":"https:\/\/bruval.com.ec\/home\/wp-json\/wp\/v2\/types\/product"}],"wp:featuredmedia":[{"embeddable":true,"href":"https:\/\/bruval.com.ec\/home\/wp-json\/wp\/v2\/media\/138"}],"wp:attachment":[{"href":"https:\/\/bruval.com.ec\/home\/wp-json\/wp\/v2\/media?parent=140"}],"wp:term":[{"taxonomy":"product_brand","embeddable":true,"href":"https:\/\/bruval.com.ec\/home\/wp-json\/wp\/v2\/product_brand?post=140"},{"taxonomy":"product_cat","embeddable":true,"href":"https:\/\/bruval.com.ec\/home\/wp-json\/wp\/v2\/product_cat?post=140"},{"taxonomy":"product_tag","embeddable":true,"href":"https:\/\/bruval.com.ec\/home\/wp-json\/wp\/v2\/product_tag?post=140"}],"curies":[{"name":"wp","href":"https:\/\/api.w.org\/{rel}","templated":true}]}}