{"id":2026,"date":"2023-12-01T20:15:27","date_gmt":"2023-12-02T01:15:27","guid":{"rendered":"https:\/\/bruval.com.ec\/home\/?post_type=product&#038;p=2026"},"modified":"2024-01-17T17:21:29","modified_gmt":"2024-01-17T22:21:29","slug":"bvbox1035","status":"publish","type":"product","link":"https:\/\/bruval.com.ec\/home\/producto\/bvbox1035\/","title":{"rendered":"BVBOX1035"},"content":{"rendered":"<p>Ahora le dimos un refresh a nuestro modelo de Petit Box incluye un globo matalizdo de 18&#8243;<\/p>\n<p>*Tematica del globo puede cambiar segun la ocasion<\/p>\n","protected":false},"excerpt":{"rendered":"<p>Ahora le dimos un refresh a nuestro modelo de Petit Box incluye un globo matalizdo de 18&#8243;<\/p>\n<p>*Tematica del globo puede cambiar segun la ocasion<\/p>\n","protected":false},"featured_media":2041,"template":"","meta":{"site-sidebar-layout":"default","site-content-layout":"default","ast-site-content-layout":"","site-content-style":"default","site-sidebar-style":"default","ast-global-header-display":"","ast-banner-title-visibility":"","ast-main-header-display":"","ast-hfb-above-header-display":"","ast-hfb-below-header-display":"","ast-hfb-mobile-header-display":"","site-post-title":"","ast-breadcrumbs-content":"","ast-featured-img":"","footer-sml-layout":"","theme-transparent-header-meta":"default","adv-header-id-meta":"","stick-header-meta":"default","header-above-stick-meta":"","header-main-stick-meta":"","header-below-stick-meta":"","astra-migrate-meta-layouts":"default","ast-page-background-enabled":"default","ast-page-background-meta":{"desktop":{"background-color":"","background-image":"","background-repeat":"repeat","background-position":"center center","background-size":"auto","background-attachment":"scroll","background-type":"","background-media":"","overlay-type":"","overlay-color":"","overlay-opacity":"","overlay-gradient":""},"tablet":{"background-color":"","background-image":"","background-repeat":"repeat","background-position":"center center","background-size":"auto","background-attachment":"scroll","background-type":"","background-media":"","overlay-type":"","overlay-color":"","overlay-opacity":"","overlay-gradient":""},"mobile":{"background-color":"","background-image":"","background-repeat":"repeat","background-position":"center center","background-size":"auto","background-attachment":"scroll","background-type":"","background-media":"","overlay-type":"","overlay-color":"","overlay-opacity":"","overlay-gradient":""}},"ast-content-background-meta":{"desktop":{"background-color":"var(--ast-global-color-5)","background-image":"","background-repeat":"repeat","background-position":"center center","background-size":"auto","background-attachment":"scroll","background-type":"","background-media":"","overlay-type":"","overlay-color":"","overlay-opacity":"","overlay-gradient":""},"tablet":{"background-color":"var(--ast-global-color-5)","background-image":"","background-repeat":"repeat","background-position":"center center","background-size":"auto","background-attachment":"scroll","background-type":"","background-media":"","overlay-type":"","overlay-color":"","overlay-opacity":"","overlay-gradient":""},"mobile":{"background-color":"var(--ast-global-color-5)","background-image":"","background-repeat":"repeat","background-position":"center center","background-size":"auto","background-attachment":"scroll","background-type":"","background-media":"","overlay-type":"","overlay-color":"","overlay-opacity":"","overlay-gradient":""}}},"product_brand":[],"product_cat":[20,18,24,15,29,25,33,22,23,30,26],"product_tag":[],"class_list":{"0":"post-2026","1":"product","2":"type-product","3":"status-publish","4":"has-post-thumbnail","6":"product_cat-amistad","7":"product_cat-amor","8":"product_cat-aniversario","9":"product_cat-bruval","10":"product_cat-bruval-box","11":"product_cat-cumpleanos","12":"product_cat-lo-nuevo","13":"product_cat-nacimiento","14":"product_cat-para-el","15":"product_cat-san-valentin","16":"product_cat-trabajo","17":"desktop-align-center","18":"tablet-align-center","19":"mobile-align-center","20":"ast-product-gallery-layout-horizontal","21":"ast-product-gallery-with-no-image","22":"ast-product-tabs-layout-vertical","24":"first","25":"instock","26":"sale","27":"taxable","28":"shipping-taxable","29":"purchasable","30":"product-type-simple"},"jetpack-related-posts":[{"id":2018,"url":"https:\/\/bruval.com.ec\/home\/producto\/bvbox1015\/","url_meta":{"origin":2026,"position":0},"title":"BVBOX1015","author":"fmanzetti","date":"diciembre 1, 2023","format":false,"excerpt":"Ahora le dimos un refresh a nuestro modelo de Petit Box incluye un globo matalizdo de 18\" *Tematica del globo puede cambiar segun la ocasion","rel":"","context":"Entrada similar","block_context":{"text":"Entrada similar","link":""},"img":{"alt_text":"BVBOX1015","src":"https:\/\/i0.wp.com\/bruval.com.ec\/home\/wp-content\/uploads\/2023\/12\/4.webp?fit=645%2C800&ssl=1&resize=350%2C200","width":350,"height":200,"srcset":"https:\/\/i0.wp.com\/bruval.com.ec\/home\/wp-content\/uploads\/2023\/12\/4.webp?fit=645%2C800&ssl=1&resize=350%2C200 1x, https:\/\/i0.wp.com\/bruval.com.ec\/home\/wp-content\/uploads\/2023\/12\/4.webp?fit=645%2C800&ssl=1&resize=525%2C300 1.5x"},"classes":[]},{"id":1000,"url":"https:\/\/bruval.com.ec\/home\/producto\/dream-box-001\/","url_meta":{"origin":2026,"position":1},"title":"DREAM BOX 001","author":"cviteri","date":"abril 13, 2021","format":false,"excerpt":"\u00danicas y exclusivas de Bruval, hemos logrado complementar globos, oso de peluche y flores en esta hermosa y so\u00f1ada Box Personal\u00edzala con los globos de n\u00fameros de acuerdo a la ocasi\u00f3n. Colores pueden variar seg\u00fan stock.","rel":"","context":"Entrada similar","block_context":{"text":"Entrada similar","link":""},"img":{"alt_text":"Bruval","src":"https:\/\/i0.wp.com\/bruval.com.ec\/home\/wp-content\/uploads\/2021\/04\/Bruval-24.jpg?fit=800%2C800&ssl=1&resize=350%2C200","width":350,"height":200,"srcset":"https:\/\/i0.wp.com\/bruval.com.ec\/home\/wp-content\/uploads\/2021\/04\/Bruval-24.jpg?fit=800%2C800&ssl=1&resize=350%2C200 1x, https:\/\/i0.wp.com\/bruval.com.ec\/home\/wp-content\/uploads\/2021\/04\/Bruval-24.jpg?fit=800%2C800&ssl=1&resize=525%2C300 1.5x, https:\/\/i0.wp.com\/bruval.com.ec\/home\/wp-content\/uploads\/2021\/04\/Bruval-24.jpg?fit=800%2C800&ssl=1&resize=700%2C400 2x"},"classes":[]},{"id":1002,"url":"https:\/\/bruval.com.ec\/home\/producto\/dream-box-002\/","url_meta":{"origin":2026,"position":2},"title":"DREAM BOX 002","author":"cviteri","date":"abril 13, 2021","format":false,"excerpt":"Una hermosa manera de demostrar tus sentimientos con esta hermosa Box exclusiva de Bruval, compuesta de globos, oso de peluche de 12\" y un hermoso arreglo de rosas. Color de box, rosas y globos puede variar seg\u00fan el stock y ocasi\u00f3n.","rel":"","context":"Entrada similar","block_context":{"text":"Entrada similar","link":""},"img":{"alt_text":"Bruval","src":"https:\/\/i0.wp.com\/bruval.com.ec\/home\/wp-content\/uploads\/2021\/04\/Bruval-21.jpg?fit=800%2C800&ssl=1&resize=350%2C200","width":350,"height":200,"srcset":"https:\/\/i0.wp.com\/bruval.com.ec\/home\/wp-content\/uploads\/2021\/04\/Bruval-21.jpg?fit=800%2C800&ssl=1&resize=350%2C200 1x, https:\/\/i0.wp.com\/bruval.com.ec\/home\/wp-content\/uploads\/2021\/04\/Bruval-21.jpg?fit=800%2C800&ssl=1&resize=525%2C300 1.5x, https:\/\/i0.wp.com\/bruval.com.ec\/home\/wp-content\/uploads\/2021\/04\/Bruval-21.jpg?fit=800%2C800&ssl=1&resize=700%2C400 2x"},"classes":[]},{"id":1004,"url":"https:\/\/bruval.com.ec\/home\/producto\/festival-box-002\/","url_meta":{"origin":2026,"position":3},"title":"FESTIVAL BOX 002","author":"cviteri","date":"abril 13, 2021","format":false,"excerpt":"Puedes personalizar nuestra Festival Box con su inicial en globo. Puede elegir tambi\u00e9n n\u00fameros en globos. Colores de globos y box pueden variar seg\u00fan stock.","rel":"","context":"Entrada similar","block_context":{"text":"Entrada similar","link":""},"img":{"alt_text":"Bruval","src":"https:\/\/i0.wp.com\/bruval.com.ec\/home\/wp-content\/uploads\/2021\/04\/Bruval-23.jpg?fit=800%2C800&ssl=1&resize=350%2C200","width":350,"height":200,"srcset":"https:\/\/i0.wp.com\/bruval.com.ec\/home\/wp-content\/uploads\/2021\/04\/Bruval-23.jpg?fit=800%2C800&ssl=1&resize=350%2C200 1x, https:\/\/i0.wp.com\/bruval.com.ec\/home\/wp-content\/uploads\/2021\/04\/Bruval-23.jpg?fit=800%2C800&ssl=1&resize=525%2C300 1.5x, https:\/\/i0.wp.com\/bruval.com.ec\/home\/wp-content\/uploads\/2021\/04\/Bruval-23.jpg?fit=800%2C800&ssl=1&resize=700%2C400 2x"},"classes":[]},{"id":1023,"url":"https:\/\/bruval.com.ec\/home\/producto\/bvbox655\/","url_meta":{"origin":2026,"position":4},"title":"BVBOX655","author":"cviteri","date":"abril 13, 2021","format":false,"excerpt":"Linda Box de rosas y topper de globos complementado con nuestros mini teddy bear. Color de Box, topper de Globos y mini teddy bear pueden variar seg\u00fan disponibilidad.","rel":"","context":"Entrada similar","block_context":{"text":"Entrada similar","link":""},"img":{"alt_text":"Bruval","src":"https:\/\/i0.wp.com\/bruval.com.ec\/home\/wp-content\/uploads\/2021\/04\/Bruval-20.jpg?fit=800%2C800&ssl=1&resize=350%2C200","width":350,"height":200,"srcset":"https:\/\/i0.wp.com\/bruval.com.ec\/home\/wp-content\/uploads\/2021\/04\/Bruval-20.jpg?fit=800%2C800&ssl=1&resize=350%2C200 1x, https:\/\/i0.wp.com\/bruval.com.ec\/home\/wp-content\/uploads\/2021\/04\/Bruval-20.jpg?fit=800%2C800&ssl=1&resize=525%2C300 1.5x, https:\/\/i0.wp.com\/bruval.com.ec\/home\/wp-content\/uploads\/2021\/04\/Bruval-20.jpg?fit=800%2C800&ssl=1&resize=700%2C400 2x"},"classes":[]},{"id":2703,"url":"https:\/\/bruval.com.ec\/home\/producto\/bvbox2015\/","url_meta":{"origin":2026,"position":5},"title":"BVBOX2015","author":"Bruval Ecuador","date":"enero 7, 2026","format":false,"excerpt":"Una Small Box que lo tiene todo! Continen 25 rosas hermosas de Bruval y sus globitos *Color de rosas, globos y caja pueden variar seg\u00fan stock","rel":"","context":"Entrada similar","block_context":{"text":"Entrada similar","link":""},"img":{"alt_text":"","src":"https:\/\/i0.wp.com\/bruval.com.ec\/home\/wp-content\/uploads\/2026\/01\/BVBOX2015.webp?fit=832%2C608&ssl=1&resize=350%2C200","width":350,"height":200,"srcset":"https:\/\/i0.wp.com\/bruval.com.ec\/home\/wp-content\/uploads\/2026\/01\/BVBOX2015.webp?fit=832%2C608&ssl=1&resize=350%2C200 1x, https:\/\/i0.wp.com\/bruval.com.ec\/home\/wp-content\/uploads\/2026\/01\/BVBOX2015.webp?fit=832%2C608&ssl=1&resize=525%2C300 1.5x, https:\/\/i0.wp.com\/bruval.com.ec\/home\/wp-content\/uploads\/2026\/01\/BVBOX2015.webp?fit=832%2C608&ssl=1&resize=700%2C400 2x"},"classes":[]}],"jetpack_sharing_enabled":true,"_links":{"self":[{"href":"https:\/\/bruval.com.ec\/home\/wp-json\/wp\/v2\/product\/2026","targetHints":{"allow":["GET"]}}],"collection":[{"href":"https:\/\/bruval.com.ec\/home\/wp-json\/wp\/v2\/product"}],"about":[{"href":"https:\/\/bruval.com.ec\/home\/wp-json\/wp\/v2\/types\/product"}],"wp:featuredmedia":[{"embeddable":true,"href":"https:\/\/bruval.com.ec\/home\/wp-json\/wp\/v2\/media\/2041"}],"wp:attachment":[{"href":"https:\/\/bruval.com.ec\/home\/wp-json\/wp\/v2\/media?parent=2026"}],"wp:term":[{"taxonomy":"product_brand","embeddable":true,"href":"https:\/\/bruval.com.ec\/home\/wp-json\/wp\/v2\/product_brand?post=2026"},{"taxonomy":"product_cat","embeddable":true,"href":"https:\/\/bruval.com.ec\/home\/wp-json\/wp\/v2\/product_cat?post=2026"},{"taxonomy":"product_tag","embeddable":true,"href":"https:\/\/bruval.com.ec\/home\/wp-json\/wp\/v2\/product_tag?post=2026"}],"curies":[{"name":"wp","href":"https:\/\/api.w.org\/{rel}","templated":true}]}}