{"id":24,"date":"2017-12-15T15:01:39","date_gmt":"2017-12-15T20:01:39","guid":{"rendered":"https:\/\/bruval.com.ec\/home\/producto\/bv030\/"},"modified":"2025-08-06T12:39:01","modified_gmt":"2025-08-06T17:39:01","slug":"bv030","status":"publish","type":"product","link":"https:\/\/bruval.com.ec\/home\/producto\/bv030\/","title":{"rendered":"BV0030"},"content":{"rendered":"<p><!DOCTYPE html> <html> <head> <meta http-equiv=\"Content-Type\" content=\"text\/html; charset=UTF-8\" \/> <\/head> <body> <\/p>\n<p>Arreglo Floral contiene: rosas. Colores de las rosas y\/o flores bajo disponibilidad y previa coordinaci\u00f3n con BRUVAL. Env\u00edos a Guayaquil, Dur\u00e1n y Samborond\u00f3n.\u00a0<strong>Aceptamos:<\/strong>\u00a0PayPal (Visa, MasterCard, AMEX, Diners Club, Discover) y Pagos en Efectivo y Transferencia Bancaria. No olvide visitar nuestra isla en el C.C. Riocentro Entre R\u00edos. M\u00e1s informaci\u00f3n al\u00a00999480437<\/p>\n<p> <\/body> <\/html><\/p>\n","protected":false},"excerpt":{"rendered":"<p><!DOCTYPE html> <html> <head> <meta http-equiv=\"Content-Type\" content=\"text\/html; charset=UTF-8\" \/> <\/head> <body> <\/p>\n<p>Decir hasta pronto al estilo BRUVAL, con este delicado e imponente<\/p>\n<p> <\/body> <\/html><\/p>\n","protected":false},"featured_media":23,"template":"","meta":{"site-sidebar-layout":"default","site-content-layout":"","ast-site-content-layout":"","site-content-style":"default","site-sidebar-style":"default","ast-global-header-display":"","ast-banner-title-visibility":"","ast-main-header-display":"","ast-hfb-above-header-display":"","ast-hfb-below-header-display":"","ast-hfb-mobile-header-display":"","site-post-title":"","ast-breadcrumbs-content":"","ast-featured-img":"","footer-sml-layout":"","theme-transparent-header-meta":"","adv-header-id-meta":"","stick-header-meta":"","header-above-stick-meta":"","header-main-stick-meta":"","header-below-stick-meta":"","astra-migrate-meta-layouts":"default","ast-page-background-enabled":"default","ast-page-background-meta":{"desktop":{"background-color":"","background-image":"","background-repeat":"repeat","background-position":"center center","background-size":"auto","background-attachment":"scroll","background-type":"","background-media":"","overlay-type":"","overlay-color":"","overlay-opacity":"","overlay-gradient":""},"tablet":{"background-color":"","background-image":"","background-repeat":"repeat","background-position":"center center","background-size":"auto","background-attachment":"scroll","background-type":"","background-media":"","overlay-type":"","overlay-color":"","overlay-opacity":"","overlay-gradient":""},"mobile":{"background-color":"","background-image":"","background-repeat":"repeat","background-position":"center center","background-size":"auto","background-attachment":"scroll","background-type":"","background-media":"","overlay-type":"","overlay-color":"","overlay-opacity":"","overlay-gradient":""}},"ast-content-background-meta":{"desktop":{"background-color":"var(--ast-global-color-5)","background-image":"","background-repeat":"repeat","background-position":"center center","background-size":"auto","background-attachment":"scroll","background-type":"","background-media":"","overlay-type":"","overlay-color":"","overlay-opacity":"","overlay-gradient":""},"tablet":{"background-color":"var(--ast-global-color-5)","background-image":"","background-repeat":"repeat","background-position":"center center","background-size":"auto","background-attachment":"scroll","background-type":"","background-media":"","overlay-type":"","overlay-color":"","overlay-opacity":"","overlay-gradient":""},"mobile":{"background-color":"var(--ast-global-color-5)","background-image":"","background-repeat":"repeat","background-position":"center center","background-size":"auto","background-attachment":"scroll","background-type":"","background-media":"","overlay-type":"","overlay-color":"","overlay-opacity":"","overlay-gradient":""}}},"product_brand":[],"product_cat":[21,17],"product_tag":[],"class_list":{"0":"post-24","1":"product","2":"type-product","3":"status-publish","4":"has-post-thumbnail","6":"product_cat-condolencia","7":"product_cat-inicio","8":"desktop-align-center","9":"tablet-align-center","10":"mobile-align-center","11":"ast-product-gallery-layout-horizontal","12":"ast-product-tabs-layout-vertical","14":"first","15":"instock","16":"taxable","17":"shipping-taxable","18":"purchasable","19":"product-type-simple"},"jetpack-related-posts":[{"id":1505,"url":"https:\/\/bruval.com.ec\/home\/producto\/bvbox830\/","url_meta":{"origin":24,"position":0},"title":"BVBOX830","author":"Bruval Ecuador","date":"abril 13, 2022","format":false,"excerpt":"Nuestro Elegante baul bruval inspiradoen Burberry decorado con rosas mini rosas y lirios.","rel":"","context":"Entrada similar","block_context":{"text":"Entrada similar","link":""},"img":{"alt_text":"","src":"https:\/\/i0.wp.com\/bruval.com.ec\/home\/wp-content\/uploads\/2022\/04\/IMG_4970.jpg?fit=464%2C696&ssl=1&resize=350%2C200","width":350,"height":200},"classes":[]},{"id":2703,"url":"https:\/\/bruval.com.ec\/home\/producto\/bvbox2015\/","url_meta":{"origin":24,"position":1},"title":"BVBOX2015","author":"Bruval Ecuador","date":"enero 7, 2026","format":false,"excerpt":"Una Small Box que lo tiene todo! Continen 25 rosas hermosas de Bruval y sus globitos *Color de rosas, globos y caja pueden variar seg\u00fan stock","rel":"","context":"Entrada similar","block_context":{"text":"Entrada similar","link":""},"img":{"alt_text":"","src":"https:\/\/i0.wp.com\/bruval.com.ec\/home\/wp-content\/uploads\/2026\/01\/BVBOX2015.webp?fit=832%2C608&ssl=1&resize=350%2C200","width":350,"height":200,"srcset":"https:\/\/i0.wp.com\/bruval.com.ec\/home\/wp-content\/uploads\/2026\/01\/BVBOX2015.webp?fit=832%2C608&ssl=1&resize=350%2C200 1x, https:\/\/i0.wp.com\/bruval.com.ec\/home\/wp-content\/uploads\/2026\/01\/BVBOX2015.webp?fit=832%2C608&ssl=1&resize=525%2C300 1.5x, https:\/\/i0.wp.com\/bruval.com.ec\/home\/wp-content\/uploads\/2026\/01\/BVBOX2015.webp?fit=832%2C608&ssl=1&resize=700%2C400 2x"},"classes":[]},{"id":2707,"url":"https:\/\/bruval.com.ec\/home\/producto\/bvbox2020\/","url_meta":{"origin":24,"position":2},"title":"BVBOX2020","author":"Bruval Ecuador","date":"enero 7, 2026","format":false,"excerpt":"Sobria y elegante nuestra Bruval Box de rosas rojas y ahora puedes personalizarla con la incial o numero que prefieras *Color de rosas y caja pueden variar seg\u00fan el stock","rel":"","context":"Entrada similar","block_context":{"text":"Entrada similar","link":""},"img":{"alt_text":"","src":"https:\/\/i0.wp.com\/bruval.com.ec\/home\/wp-content\/uploads\/2026\/01\/BVBOX2020.webp?fit=801%2C600&ssl=1&resize=350%2C200","width":350,"height":200,"srcset":"https:\/\/i0.wp.com\/bruval.com.ec\/home\/wp-content\/uploads\/2026\/01\/BVBOX2020.webp?fit=801%2C600&ssl=1&resize=350%2C200 1x, https:\/\/i0.wp.com\/bruval.com.ec\/home\/wp-content\/uploads\/2026\/01\/BVBOX2020.webp?fit=801%2C600&ssl=1&resize=525%2C300 1.5x, https:\/\/i0.wp.com\/bruval.com.ec\/home\/wp-content\/uploads\/2026\/01\/BVBOX2020.webp?fit=801%2C600&ssl=1&resize=700%2C400 2x"},"classes":[]},{"id":2024,"url":"https:\/\/bruval.com.ec\/home\/producto\/bvbox1030\/","url_meta":{"origin":24,"position":3},"title":"BVBOX1030","author":"fmanzetti","date":"diciembre 1, 2023","format":false,"excerpt":"Si desea impactar este clasico de rosas sera la opcion que buscas... son 70 Rosas doradas finamente decoradas en nuestro jarron importado exclusivamente por Bruval y complementado con delicadas mariposas creando un detalle unico. *Color de rosas pueden variar segun stock","rel":"","context":"Entrada similar","block_context":{"text":"Entrada similar","link":""},"img":{"alt_text":"BVBOX1030","src":"https:\/\/i0.wp.com\/bruval.com.ec\/home\/wp-content\/uploads\/2023\/12\/8.webp?fit=600%2C800&ssl=1&resize=350%2C200","width":350,"height":200,"srcset":"https:\/\/i0.wp.com\/bruval.com.ec\/home\/wp-content\/uploads\/2023\/12\/8.webp?fit=600%2C800&ssl=1&resize=350%2C200 1x, https:\/\/i0.wp.com\/bruval.com.ec\/home\/wp-content\/uploads\/2023\/12\/8.webp?fit=600%2C800&ssl=1&resize=525%2C300 1.5x"},"classes":[]},{"id":1503,"url":"https:\/\/bruval.com.ec\/home\/producto\/bvbox820\/","url_meta":{"origin":24,"position":4},"title":"BVBOX820","author":"Bruval Ecuador","date":"abril 13, 2022","format":false,"excerpt":"Hermosa Bruval box de 25 Rosas y liros decorados de manera muy elegante.","rel":"","context":"Entrada similar","block_context":{"text":"Entrada similar","link":""},"img":{"alt_text":"","src":"https:\/\/i0.wp.com\/bruval.com.ec\/home\/wp-content\/uploads\/2022\/04\/IMG_4953.webp?fit=557%2C836&ssl=1&resize=350%2C200","width":350,"height":200,"srcset":"https:\/\/i0.wp.com\/bruval.com.ec\/home\/wp-content\/uploads\/2022\/04\/IMG_4953.webp?fit=557%2C836&ssl=1&resize=350%2C200 1x, https:\/\/i0.wp.com\/bruval.com.ec\/home\/wp-content\/uploads\/2022\/04\/IMG_4953.webp?fit=557%2C836&ssl=1&resize=525%2C300 1.5x"},"classes":[]},{"id":1500,"url":"https:\/\/bruval.com.ec\/home\/producto\/bvbox800\/","url_meta":{"origin":24,"position":5},"title":"BVBOX800","author":"Bruval Ecuador","date":"abril 13, 2022","format":false,"excerpt":"Hermosa Bruval Box de rosas frescas y lirios obteniendo una hermosa armonia entre ambos.","rel":"","context":"Entrada similar","block_context":{"text":"Entrada similar","link":""},"img":{"alt_text":"","src":"https:\/\/i0.wp.com\/bruval.com.ec\/home\/wp-content\/uploads\/2022\/04\/IMG_4915.webp?fit=624%2C935&ssl=1&resize=350%2C200","width":350,"height":200,"srcset":"https:\/\/i0.wp.com\/bruval.com.ec\/home\/wp-content\/uploads\/2022\/04\/IMG_4915.webp?fit=624%2C935&ssl=1&resize=350%2C200 1x, https:\/\/i0.wp.com\/bruval.com.ec\/home\/wp-content\/uploads\/2022\/04\/IMG_4915.webp?fit=624%2C935&ssl=1&resize=525%2C300 1.5x"},"classes":[]}],"jetpack_sharing_enabled":true,"_links":{"self":[{"href":"https:\/\/bruval.com.ec\/home\/wp-json\/wp\/v2\/product\/24","targetHints":{"allow":["GET"]}}],"collection":[{"href":"https:\/\/bruval.com.ec\/home\/wp-json\/wp\/v2\/product"}],"about":[{"href":"https:\/\/bruval.com.ec\/home\/wp-json\/wp\/v2\/types\/product"}],"wp:featuredmedia":[{"embeddable":true,"href":"https:\/\/bruval.com.ec\/home\/wp-json\/wp\/v2\/media\/23"}],"wp:attachment":[{"href":"https:\/\/bruval.com.ec\/home\/wp-json\/wp\/v2\/media?parent=24"}],"wp:term":[{"taxonomy":"product_brand","embeddable":true,"href":"https:\/\/bruval.com.ec\/home\/wp-json\/wp\/v2\/product_brand?post=24"},{"taxonomy":"product_cat","embeddable":true,"href":"https:\/\/bruval.com.ec\/home\/wp-json\/wp\/v2\/product_cat?post=24"},{"taxonomy":"product_tag","embeddable":true,"href":"https:\/\/bruval.com.ec\/home\/wp-json\/wp\/v2\/product_tag?post=24"}],"curies":[{"name":"wp","href":"https:\/\/api.w.org\/{rel}","templated":true}]}}