{"id":2689,"date":"2026-01-07T14:50:19","date_gmt":"2026-01-07T19:50:19","guid":{"rendered":"https:\/\/bruval.com.ec\/home\/?post_type=product&#038;p=2689"},"modified":"2026-01-20T12:08:55","modified_gmt":"2026-01-20T17:08:55","slug":"bvbox2000","status":"publish","type":"product","link":"https:\/\/bruval.com.ec\/home\/producto\/bvbox2000\/","title":{"rendered":"BVBOX2000"},"content":{"rendered":"<p><span data-sheets-root=\"1\">Hermosa Bruval Box de Girasoles que enamoran * Color de caja puede variar seg\u00fan stock<\/span><\/p>\n","protected":false},"excerpt":{"rendered":"<p><span data-sheets-root=\"1\">Hermosa Bruval Box de Girasoles que enamoran * Color de caja puede variar seg\u00fan stock<\/span><\/p>\n","protected":false},"featured_media":2737,"template":"","meta":{"site-sidebar-layout":"default","site-content-layout":"","ast-site-content-layout":"default","site-content-style":"default","site-sidebar-style":"default","ast-global-header-display":"","ast-banner-title-visibility":"","ast-main-header-display":"","ast-hfb-above-header-display":"","ast-hfb-below-header-display":"","ast-hfb-mobile-header-display":"","site-post-title":"","ast-breadcrumbs-content":"","ast-featured-img":"","footer-sml-layout":"","theme-transparent-header-meta":"default","adv-header-id-meta":"","stick-header-meta":"default","header-above-stick-meta":"","header-main-stick-meta":"","header-below-stick-meta":"","astra-migrate-meta-layouts":"set","ast-page-background-enabled":"default","ast-page-background-meta":{"desktop":{"background-color":"","background-image":"","background-repeat":"repeat","background-position":"center center","background-size":"auto","background-attachment":"scroll","background-type":"","background-media":"","overlay-type":"","overlay-color":"","overlay-opacity":"","overlay-gradient":""},"tablet":{"background-color":"","background-image":"","background-repeat":"repeat","background-position":"center center","background-size":"auto","background-attachment":"scroll","background-type":"","background-media":"","overlay-type":"","overlay-color":"","overlay-opacity":"","overlay-gradient":""},"mobile":{"background-color":"","background-image":"","background-repeat":"repeat","background-position":"center center","background-size":"auto","background-attachment":"scroll","background-type":"","background-media":"","overlay-type":"","overlay-color":"","overlay-opacity":"","overlay-gradient":""}},"ast-content-background-meta":{"desktop":{"background-color":"var(--ast-global-color-5)","background-image":"","background-repeat":"repeat","background-position":"center center","background-size":"auto","background-attachment":"scroll","background-type":"","background-media":"","overlay-type":"","overlay-color":"","overlay-opacity":"","overlay-gradient":""},"tablet":{"background-color":"var(--ast-global-color-5)","background-image":"","background-repeat":"repeat","background-position":"center center","background-size":"auto","background-attachment":"scroll","background-type":"","background-media":"","overlay-type":"","overlay-color":"","overlay-opacity":"","overlay-gradient":""},"mobile":{"background-color":"var(--ast-global-color-5)","background-image":"","background-repeat":"repeat","background-position":"center center","background-size":"auto","background-attachment":"scroll","background-type":"","background-media":"","overlay-type":"","overlay-color":"","overlay-opacity":"","overlay-gradient":""}}},"product_brand":[],"product_cat":[18,24,25,27,30,26],"product_tag":[],"class_list":{"0":"post-2689","1":"product","2":"type-product","3":"status-publish","4":"has-post-thumbnail","6":"product_cat-amor","7":"product_cat-aniversario","8":"product_cat-cumpleanos","9":"product_cat-recuperacion","10":"product_cat-san-valentin","11":"product_cat-trabajo","12":"desktop-align-center","13":"tablet-align-center","14":"mobile-align-center","15":"ast-product-gallery-layout-horizontal","16":"ast-product-gallery-with-no-image","17":"ast-product-tabs-layout-vertical","19":"first","20":"instock","21":"sale","22":"taxable","23":"shipping-taxable","24":"purchasable","25":"product-type-simple"},"jetpack-related-posts":[{"id":366,"url":"https:\/\/bruval.com.ec\/home\/producto\/bvbox046\/","url_meta":{"origin":2689,"position":0},"title":"BVBOX046","author":"cviteri","date":"abril 29, 2019","format":false,"excerpt":"Hermosa Box de rosas y girasoles en nuestras nuevas bases velvet\u2026 *Color de caja y rosas pueden variar seg\u00fan stock y elecci\u00f3n del cliente.","rel":"","context":"Entrada similar","block_context":{"text":"Entrada similar","link":""},"img":{"alt_text":"BVBOX046","src":"https:\/\/i0.wp.com\/bruval.com.ec\/home\/wp-content\/uploads\/2019\/04\/308-BVBOX046.jpg?fit=700%2C800&ssl=1&resize=350%2C200","width":350,"height":200,"srcset":"https:\/\/i0.wp.com\/bruval.com.ec\/home\/wp-content\/uploads\/2019\/04\/308-BVBOX046.jpg?fit=700%2C800&ssl=1&resize=350%2C200 1x, https:\/\/i0.wp.com\/bruval.com.ec\/home\/wp-content\/uploads\/2019\/04\/308-BVBOX046.jpg?fit=700%2C800&ssl=1&resize=525%2C300 1.5x, https:\/\/i0.wp.com\/bruval.com.ec\/home\/wp-content\/uploads\/2019\/04\/308-BVBOX046.jpg?fit=700%2C800&ssl=1&resize=700%2C400 2x"},"classes":[]},{"id":332,"url":"https:\/\/bruval.com.ec\/home\/producto\/bvbox034\/","url_meta":{"origin":2689,"position":1},"title":"BVBOX034","author":"cviteri","date":"abril 29, 2019","format":false,"excerpt":"En nuestras lindas Boxes Velvet regala esta hermosa esfera de girasoles\u2026. *Aproximadamente de 25 a 35 Girasoles seg\u00fan el tama\u00f1o. *Color de la base puede cambiar seg\u00fan stock","rel":"","context":"Entrada similar","block_context":{"text":"Entrada similar","link":""},"img":{"alt_text":"BVBOX034","src":"https:\/\/i0.wp.com\/bruval.com.ec\/home\/wp-content\/uploads\/2019\/04\/284-BVBOX034.jpg?fit=700%2C800&ssl=1&resize=350%2C200","width":350,"height":200,"srcset":"https:\/\/i0.wp.com\/bruval.com.ec\/home\/wp-content\/uploads\/2019\/04\/284-BVBOX034.jpg?fit=700%2C800&ssl=1&resize=350%2C200 1x, https:\/\/i0.wp.com\/bruval.com.ec\/home\/wp-content\/uploads\/2019\/04\/284-BVBOX034.jpg?fit=700%2C800&ssl=1&resize=525%2C300 1.5x, https:\/\/i0.wp.com\/bruval.com.ec\/home\/wp-content\/uploads\/2019\/04\/284-BVBOX034.jpg?fit=700%2C800&ssl=1&resize=700%2C400 2x"},"classes":[]},{"id":313,"url":"https:\/\/bruval.com.ec\/home\/producto\/bvbox029\/","url_meta":{"origin":2689,"position":2},"title":"BVBOX029","author":"cviteri","date":"enero 16, 2019","format":false,"excerpt":"75 rosas en nuestra Box Large\u2026 enamoraran con el estilo inconfundible de Bruval. *Color de la caja puede variar segun disponibilidad. *Color de rosas puede variar segun stock.","rel":"","context":"Entrada similar","block_context":{"text":"Entrada similar","link":""},"img":{"alt_text":"BVBOX029","src":"https:\/\/i0.wp.com\/bruval.com.ec\/home\/wp-content\/uploads\/2019\/01\/269-BVBOX029.jpg?fit=700%2C800&ssl=1&resize=350%2C200","width":350,"height":200,"srcset":"https:\/\/i0.wp.com\/bruval.com.ec\/home\/wp-content\/uploads\/2019\/01\/269-BVBOX029.jpg?fit=700%2C800&ssl=1&resize=350%2C200 1x, https:\/\/i0.wp.com\/bruval.com.ec\/home\/wp-content\/uploads\/2019\/01\/269-BVBOX029.jpg?fit=700%2C800&ssl=1&resize=525%2C300 1.5x, https:\/\/i0.wp.com\/bruval.com.ec\/home\/wp-content\/uploads\/2019\/01\/269-BVBOX029.jpg?fit=700%2C800&ssl=1&resize=700%2C400 2x"},"classes":[]},{"id":2691,"url":"https:\/\/bruval.com.ec\/home\/producto\/bvbox2010\/","url_meta":{"origin":2689,"position":3},"title":"BVBOX2010","author":"Bruval Ecuador","date":"enero 7, 2026","format":false,"excerpt":"Las Flores mas lindas y delicadas en una box de Bruval la encontraras en este hermoso arreglo floral Contine Rosas, Mini rosas, Senecio, Clavelinas y otras flores de temporada *Color de flores y caja pueden variar seg\u00fan stock","rel":"","context":"Entrada similar","block_context":{"text":"Entrada similar","link":""},"img":{"alt_text":"","src":"https:\/\/i0.wp.com\/bruval.com.ec\/home\/wp-content\/uploads\/2026\/01\/BVBOX2010-.webp?fit=832%2C601&ssl=1&resize=350%2C200","width":350,"height":200,"srcset":"https:\/\/i0.wp.com\/bruval.com.ec\/home\/wp-content\/uploads\/2026\/01\/BVBOX2010-.webp?fit=832%2C601&ssl=1&resize=350%2C200 1x, https:\/\/i0.wp.com\/bruval.com.ec\/home\/wp-content\/uploads\/2026\/01\/BVBOX2010-.webp?fit=832%2C601&ssl=1&resize=525%2C300 1.5x, https:\/\/i0.wp.com\/bruval.com.ec\/home\/wp-content\/uploads\/2026\/01\/BVBOX2010-.webp?fit=832%2C601&ssl=1&resize=700%2C400 2x"},"classes":[]},{"id":159,"url":"https:\/\/bruval.com.ec\/home\/producto\/bv0330\/","url_meta":{"origin":2689,"position":4},"title":"BV0330","author":"cviteri","date":"diciembre 18, 2017","format":false,"excerpt":"Lleg\u00f3 el momento de conocer nuestras BOX XL de girasoles y rosas *Color de la box y rosas pueden variar seg\u00fan stock","rel":"","context":"Entrada similar","block_context":{"text":"Entrada similar","link":""},"img":{"alt_text":"BV0330","src":"https:\/\/i0.wp.com\/bruval.com.ec\/home\/wp-content\/uploads\/2017\/12\/240-BV0330.jpg?fit=700%2C800&ssl=1&resize=350%2C200","width":350,"height":200,"srcset":"https:\/\/i0.wp.com\/bruval.com.ec\/home\/wp-content\/uploads\/2017\/12\/240-BV0330.jpg?fit=700%2C800&ssl=1&resize=350%2C200 1x, https:\/\/i0.wp.com\/bruval.com.ec\/home\/wp-content\/uploads\/2017\/12\/240-BV0330.jpg?fit=700%2C800&ssl=1&resize=525%2C300 1.5x, https:\/\/i0.wp.com\/bruval.com.ec\/home\/wp-content\/uploads\/2017\/12\/240-BV0330.jpg?fit=700%2C800&ssl=1&resize=700%2C400 2x"},"classes":[]},{"id":143,"url":"https:\/\/bruval.com.ec\/home\/producto\/bv0310\/","url_meta":{"origin":2689,"position":5},"title":"BV0310","author":"cviteri","date":"diciembre 18, 2017","format":false,"excerpt":"Justo lo que buscabas regalar girasoles bruval y una rosa preservada que vive m\u00ednimo un a\u00f1o *Color de la box y rosa preservada pueden variar seg\u00fan stock","rel":"","context":"Entrada similar","block_context":{"text":"Entrada similar","link":""},"img":{"alt_text":"BV0310","src":"https:\/\/i0.wp.com\/bruval.com.ec\/home\/wp-content\/uploads\/2017\/12\/237-BV0310.jpg?fit=700%2C800&ssl=1&resize=350%2C200","width":350,"height":200,"srcset":"https:\/\/i0.wp.com\/bruval.com.ec\/home\/wp-content\/uploads\/2017\/12\/237-BV0310.jpg?fit=700%2C800&ssl=1&resize=350%2C200 1x, https:\/\/i0.wp.com\/bruval.com.ec\/home\/wp-content\/uploads\/2017\/12\/237-BV0310.jpg?fit=700%2C800&ssl=1&resize=525%2C300 1.5x, https:\/\/i0.wp.com\/bruval.com.ec\/home\/wp-content\/uploads\/2017\/12\/237-BV0310.jpg?fit=700%2C800&ssl=1&resize=700%2C400 2x"},"classes":[]}],"jetpack_sharing_enabled":true,"_links":{"self":[{"href":"https:\/\/bruval.com.ec\/home\/wp-json\/wp\/v2\/product\/2689","targetHints":{"allow":["GET"]}}],"collection":[{"href":"https:\/\/bruval.com.ec\/home\/wp-json\/wp\/v2\/product"}],"about":[{"href":"https:\/\/bruval.com.ec\/home\/wp-json\/wp\/v2\/types\/product"}],"wp:featuredmedia":[{"embeddable":true,"href":"https:\/\/bruval.com.ec\/home\/wp-json\/wp\/v2\/media\/2737"}],"wp:attachment":[{"href":"https:\/\/bruval.com.ec\/home\/wp-json\/wp\/v2\/media?parent=2689"}],"wp:term":[{"taxonomy":"product_brand","embeddable":true,"href":"https:\/\/bruval.com.ec\/home\/wp-json\/wp\/v2\/product_brand?post=2689"},{"taxonomy":"product_cat","embeddable":true,"href":"https:\/\/bruval.com.ec\/home\/wp-json\/wp\/v2\/product_cat?post=2689"},{"taxonomy":"product_tag","embeddable":true,"href":"https:\/\/bruval.com.ec\/home\/wp-json\/wp\/v2\/product_tag?post=2689"}],"curies":[{"name":"wp","href":"https:\/\/api.w.org\/{rel}","templated":true}]}}