{"id":2709,"date":"2026-01-07T19:10:12","date_gmt":"2026-01-08T00:10:12","guid":{"rendered":"https:\/\/bruval.com.ec\/home\/?post_type=product&#038;p=2709"},"modified":"2026-01-07T19:18:23","modified_gmt":"2026-01-08T00:18:23","slug":"bvbox2025","status":"publish","type":"product","link":"https:\/\/bruval.com.ec\/home\/producto\/bvbox2025\/","title":{"rendered":"BVBOX2025"},"content":{"rendered":"<p><span data-sheets-root=\"1\">Bella Bruval Box de rosas rojas, hiperico y eucalipto un regalo so\u00f1ado<\/span><\/p>\n","protected":false},"excerpt":{"rendered":"<p><span data-sheets-root=\"1\">Bella Bruval Box de rosas rojas, hiperico y eucalipto un regalo so\u00f1ado<\/span><\/p>\n","protected":false},"featured_media":2710,"template":"","meta":{"site-sidebar-layout":"default","site-content-layout":"","ast-site-content-layout":"default","site-content-style":"default","site-sidebar-style":"default","ast-global-header-display":"","ast-banner-title-visibility":"","ast-main-header-display":"","ast-hfb-above-header-display":"","ast-hfb-below-header-display":"","ast-hfb-mobile-header-display":"","site-post-title":"","ast-breadcrumbs-content":"","ast-featured-img":"","footer-sml-layout":"","theme-transparent-header-meta":"default","adv-header-id-meta":"","stick-header-meta":"default","header-above-stick-meta":"","header-main-stick-meta":"","header-below-stick-meta":"","astra-migrate-meta-layouts":"set","ast-page-background-enabled":"default","ast-page-background-meta":{"desktop":{"background-color":"","background-image":"","background-repeat":"repeat","background-position":"center center","background-size":"auto","background-attachment":"scroll","background-type":"","background-media":"","overlay-type":"","overlay-color":"","overlay-opacity":"","overlay-gradient":""},"tablet":{"background-color":"","background-image":"","background-repeat":"repeat","background-position":"center center","background-size":"auto","background-attachment":"scroll","background-type":"","background-media":"","overlay-type":"","overlay-color":"","overlay-opacity":"","overlay-gradient":""},"mobile":{"background-color":"","background-image":"","background-repeat":"repeat","background-position":"center center","background-size":"auto","background-attachment":"scroll","background-type":"","background-media":"","overlay-type":"","overlay-color":"","overlay-opacity":"","overlay-gradient":""}},"ast-content-background-meta":{"desktop":{"background-color":"var(--ast-global-color-5)","background-image":"","background-repeat":"repeat","background-position":"center center","background-size":"auto","background-attachment":"scroll","background-type":"","background-media":"","overlay-type":"","overlay-color":"","overlay-opacity":"","overlay-gradient":""},"tablet":{"background-color":"var(--ast-global-color-5)","background-image":"","background-repeat":"repeat","background-position":"center center","background-size":"auto","background-attachment":"scroll","background-type":"","background-media":"","overlay-type":"","overlay-color":"","overlay-opacity":"","overlay-gradient":""},"mobile":{"background-color":"var(--ast-global-color-5)","background-image":"","background-repeat":"repeat","background-position":"center center","background-size":"auto","background-attachment":"scroll","background-type":"","background-media":"","overlay-type":"","overlay-color":"","overlay-opacity":"","overlay-gradient":""}}},"product_brand":[],"product_cat":[18,24,25,27,30,26],"product_tag":[],"class_list":{"0":"post-2709","1":"product","2":"type-product","3":"status-publish","4":"has-post-thumbnail","6":"product_cat-amor","7":"product_cat-aniversario","8":"product_cat-cumpleanos","9":"product_cat-recuperacion","10":"product_cat-san-valentin","11":"product_cat-trabajo","12":"desktop-align-center","13":"tablet-align-center","14":"mobile-align-center","15":"ast-product-gallery-layout-horizontal","16":"ast-product-gallery-with-no-image","17":"ast-product-tabs-layout-vertical","19":"first","20":"instock","21":"sale","22":"taxable","23":"shipping-taxable","24":"purchasable","25":"product-type-simple"},"jetpack-related-posts":[{"id":2707,"url":"https:\/\/bruval.com.ec\/home\/producto\/bvbox2020\/","url_meta":{"origin":2709,"position":0},"title":"BVBOX2020","author":"Bruval Ecuador","date":"enero 7, 2026","format":false,"excerpt":"Sobria y elegante nuestra Bruval Box de rosas rojas y ahora puedes personalizarla con la incial o numero que prefieras *Color de rosas y caja pueden variar seg\u00fan el stock","rel":"","context":"Entrada similar","block_context":{"text":"Entrada similar","link":""},"img":{"alt_text":"","src":"https:\/\/i0.wp.com\/bruval.com.ec\/home\/wp-content\/uploads\/2026\/01\/BVBOX2020.webp?fit=801%2C600&ssl=1&resize=350%2C200","width":350,"height":200,"srcset":"https:\/\/i0.wp.com\/bruval.com.ec\/home\/wp-content\/uploads\/2026\/01\/BVBOX2020.webp?fit=801%2C600&ssl=1&resize=350%2C200 1x, https:\/\/i0.wp.com\/bruval.com.ec\/home\/wp-content\/uploads\/2026\/01\/BVBOX2020.webp?fit=801%2C600&ssl=1&resize=525%2C300 1.5x, https:\/\/i0.wp.com\/bruval.com.ec\/home\/wp-content\/uploads\/2026\/01\/BVBOX2020.webp?fit=801%2C600&ssl=1&resize=700%2C400 2x"},"classes":[]},{"id":1027,"url":"https:\/\/bruval.com.ec\/home\/producto\/bvbox630\/","url_meta":{"origin":2709,"position":1},"title":"BVBOX630","author":"cviteri","date":"abril 13, 2021","format":false,"excerpt":"Una rom\u00e1ntica Box de Rosas rojas en forma de un coraz\u00f3n inclinado\u2026 con ella seguro la flechar\u00e1s. Color de rosas y box pueden cambiar seg\u00fan disponibilidad.","rel":"","context":"Entrada similar","block_context":{"text":"Entrada similar","link":""},"img":{"alt_text":"Bruval","src":"https:\/\/i0.wp.com\/bruval.com.ec\/home\/wp-content\/uploads\/2021\/04\/Bruval-7.jpg?fit=800%2C800&ssl=1&resize=350%2C200","width":350,"height":200,"srcset":"https:\/\/i0.wp.com\/bruval.com.ec\/home\/wp-content\/uploads\/2021\/04\/Bruval-7.jpg?fit=800%2C800&ssl=1&resize=350%2C200 1x, https:\/\/i0.wp.com\/bruval.com.ec\/home\/wp-content\/uploads\/2021\/04\/Bruval-7.jpg?fit=800%2C800&ssl=1&resize=525%2C300 1.5x, https:\/\/i0.wp.com\/bruval.com.ec\/home\/wp-content\/uploads\/2021\/04\/Bruval-7.jpg?fit=800%2C800&ssl=1&resize=700%2C400 2x"},"classes":[]},{"id":140,"url":"https:\/\/bruval.com.ec\/home\/producto\/bv0305\/","url_meta":{"origin":2709,"position":2},"title":"BV0305","author":"cviteri","date":"diciembre 18, 2017","format":false,"excerpt":"Justo lo que buscabas regalar rosas bruval y una rosa preservada que vive m\u00ednimo un a\u00f1o en nuestra Large Box *Color de la box y rosas pueden variar seg\u00fan stock","rel":"","context":"Entrada similar","block_context":{"text":"Entrada similar","link":""},"img":{"alt_text":"BV0305","src":"https:\/\/i0.wp.com\/bruval.com.ec\/home\/wp-content\/uploads\/2017\/12\/236-BV0305.jpg?fit=700%2C800&ssl=1&resize=350%2C200","width":350,"height":200,"srcset":"https:\/\/i0.wp.com\/bruval.com.ec\/home\/wp-content\/uploads\/2017\/12\/236-BV0305.jpg?fit=700%2C800&ssl=1&resize=350%2C200 1x, https:\/\/i0.wp.com\/bruval.com.ec\/home\/wp-content\/uploads\/2017\/12\/236-BV0305.jpg?fit=700%2C800&ssl=1&resize=525%2C300 1.5x, https:\/\/i0.wp.com\/bruval.com.ec\/home\/wp-content\/uploads\/2017\/12\/236-BV0305.jpg?fit=700%2C800&ssl=1&resize=700%2C400 2x"},"classes":[]},{"id":154,"url":"https:\/\/bruval.com.ec\/home\/producto\/bv0325\/","url_meta":{"origin":2709,"position":3},"title":"BV0325","author":"cviteri","date":"diciembre 18, 2017","format":false,"excerpt":"Justo lo que buscabas regalar rosas Bruval y una rosa preservada que vive m\u00ednimo un a\u00f1o en nuestra Small Box *Color de la box y rosas pueden variar seg\u00fan stock","rel":"","context":"Entrada similar","block_context":{"text":"Entrada similar","link":""},"img":{"alt_text":"BV0325","src":"https:\/\/i0.wp.com\/bruval.com.ec\/home\/wp-content\/uploads\/2017\/12\/262-BV0325.jpg?fit=700%2C800&ssl=1&resize=350%2C200","width":350,"height":200,"srcset":"https:\/\/i0.wp.com\/bruval.com.ec\/home\/wp-content\/uploads\/2017\/12\/262-BV0325.jpg?fit=700%2C800&ssl=1&resize=350%2C200 1x, https:\/\/i0.wp.com\/bruval.com.ec\/home\/wp-content\/uploads\/2017\/12\/262-BV0325.jpg?fit=700%2C800&ssl=1&resize=525%2C300 1.5x, https:\/\/i0.wp.com\/bruval.com.ec\/home\/wp-content\/uploads\/2017\/12\/262-BV0325.jpg?fit=700%2C800&ssl=1&resize=700%2C400 2x"},"classes":[]},{"id":1504,"url":"https:\/\/bruval.com.ec\/home\/producto\/bvbox825\/","url_meta":{"origin":2709,"position":4},"title":"BVBOX825","author":"Bruval Ecuador","date":"abril 13, 2022","format":false,"excerpt":"Regala este hermos Baul inspirado en Gucci con girasoles y rosas.","rel":"","context":"Entrada similar","block_context":{"text":"Entrada similar","link":""},"img":{"alt_text":"","src":"https:\/\/i0.wp.com\/bruval.com.ec\/home\/wp-content\/uploads\/2022\/04\/IMG_4964.webp?fit=498%2C748&ssl=1&resize=350%2C200","width":350,"height":200},"classes":[]},{"id":259,"url":"https:\/\/bruval.com.ec\/home\/producto\/bvbox0019\/","url_meta":{"origin":2709,"position":5},"title":"BVBOX0019","author":"cviteri","date":"febrero 1, 2018","format":false,"excerpt":"Combina las rosas rojas con el color que mas te guste en esta hermosa box. *Color de rosas y box varian seg\u00fan disponibilidad. *Entre 50 a 60 rosas aproximadamente.","rel":"","context":"Entrada similar","block_context":{"text":"Entrada similar","link":""},"img":{"alt_text":"BVBOX0019","src":"https:\/\/i0.wp.com\/bruval.com.ec\/home\/wp-content\/uploads\/2018\/02\/179-BVBOX0019.jpg?fit=700%2C800&ssl=1&resize=350%2C200","width":350,"height":200,"srcset":"https:\/\/i0.wp.com\/bruval.com.ec\/home\/wp-content\/uploads\/2018\/02\/179-BVBOX0019.jpg?fit=700%2C800&ssl=1&resize=350%2C200 1x, https:\/\/i0.wp.com\/bruval.com.ec\/home\/wp-content\/uploads\/2018\/02\/179-BVBOX0019.jpg?fit=700%2C800&ssl=1&resize=525%2C300 1.5x, https:\/\/i0.wp.com\/bruval.com.ec\/home\/wp-content\/uploads\/2018\/02\/179-BVBOX0019.jpg?fit=700%2C800&ssl=1&resize=700%2C400 2x"},"classes":[]}],"jetpack_sharing_enabled":true,"_links":{"self":[{"href":"https:\/\/bruval.com.ec\/home\/wp-json\/wp\/v2\/product\/2709","targetHints":{"allow":["GET"]}}],"collection":[{"href":"https:\/\/bruval.com.ec\/home\/wp-json\/wp\/v2\/product"}],"about":[{"href":"https:\/\/bruval.com.ec\/home\/wp-json\/wp\/v2\/types\/product"}],"wp:featuredmedia":[{"embeddable":true,"href":"https:\/\/bruval.com.ec\/home\/wp-json\/wp\/v2\/media\/2710"}],"wp:attachment":[{"href":"https:\/\/bruval.com.ec\/home\/wp-json\/wp\/v2\/media?parent=2709"}],"wp:term":[{"taxonomy":"product_brand","embeddable":true,"href":"https:\/\/bruval.com.ec\/home\/wp-json\/wp\/v2\/product_brand?post=2709"},{"taxonomy":"product_cat","embeddable":true,"href":"https:\/\/bruval.com.ec\/home\/wp-json\/wp\/v2\/product_cat?post=2709"},{"taxonomy":"product_tag","embeddable":true,"href":"https:\/\/bruval.com.ec\/home\/wp-json\/wp\/v2\/product_tag?post=2709"}],"curies":[{"name":"wp","href":"https:\/\/api.w.org\/{rel}","templated":true}]}}