{"id":281,"date":"2018-02-01T16:03:20","date_gmt":"2018-02-01T21:03:20","guid":{"rendered":"https:\/\/bruval.com.ec\/home\/producto\/bv0380\/"},"modified":"2023-01-23T17:23:54","modified_gmt":"2023-01-23T22:23:54","slug":"bv0380","status":"publish","type":"product","link":"https:\/\/bruval.com.ec\/home\/producto\/bv0380\/","title":{"rendered":"BV0380"},"content":{"rendered":"\n<p><span>Arreglo Floral contiene: rosa preservada en una c\u00fapula. Colores de las rosas y\/o flores bajo disponibilidad y previa coordinaci\u00f3n con BRUVAL. Env\u00edos a Guayaquil, Dur\u00e1n y Samborond\u00f3n.\u00a0<\/span><strong>Aceptamos:<\/strong><span>\u00a0PayPal (Visa, MasterCard, AMEX, Diners Club, Discover) y Pagos en Efectivo y Transferencia Bancaria. No olvide visitar nuestra isla en el C.C. Riocentro Entre R\u00edos. M\u00e1s informaci\u00f3n al\u00a00999480437<\/span><\/p>\n","protected":false},"excerpt":{"rendered":"\n<p>La belleza de la rosa Ecuatoriana ahora puede ser apreciada por mucho m\u00e1s tiempo como esta linda rosa Large con tallo natural preservado en un cilindro de cristal. *Color de la rosa varia seg\u00fan disponibilidad. *No ponerle agua *Mantenerla en un lugar fresco *No exponerla al sol.\u00a0<\/p>\n","protected":false},"featured_media":278,"template":"","meta":{"site-sidebar-layout":"default","site-content-layout":"","ast-site-content-layout":"","site-content-style":"default","site-sidebar-style":"default","ast-global-header-display":"","ast-banner-title-visibility":"","ast-main-header-display":"","ast-hfb-above-header-display":"","ast-hfb-below-header-display":"","ast-hfb-mobile-header-display":"","site-post-title":"","ast-breadcrumbs-content":"","ast-featured-img":"","footer-sml-layout":"","theme-transparent-header-meta":"","adv-header-id-meta":"","stick-header-meta":"","header-above-stick-meta":"","header-main-stick-meta":"","header-below-stick-meta":"","astra-migrate-meta-layouts":"default","ast-page-background-enabled":"default","ast-page-background-meta":{"desktop":{"background-color":"","background-image":"","background-repeat":"repeat","background-position":"center center","background-size":"auto","background-attachment":"scroll","background-type":"","background-media":"","overlay-type":"","overlay-color":"","overlay-opacity":"","overlay-gradient":""},"tablet":{"background-color":"","background-image":"","background-repeat":"repeat","background-position":"center center","background-size":"auto","background-attachment":"scroll","background-type":"","background-media":"","overlay-type":"","overlay-color":"","overlay-opacity":"","overlay-gradient":""},"mobile":{"background-color":"","background-image":"","background-repeat":"repeat","background-position":"center center","background-size":"auto","background-attachment":"scroll","background-type":"","background-media":"","overlay-type":"","overlay-color":"","overlay-opacity":"","overlay-gradient":""}},"ast-content-background-meta":{"desktop":{"background-color":"var(--ast-global-color-5)","background-image":"","background-repeat":"repeat","background-position":"center center","background-size":"auto","background-attachment":"scroll","background-type":"","background-media":"","overlay-type":"","overlay-color":"","overlay-opacity":"","overlay-gradient":""},"tablet":{"background-color":"var(--ast-global-color-5)","background-image":"","background-repeat":"repeat","background-position":"center center","background-size":"auto","background-attachment":"scroll","background-type":"","background-media":"","overlay-type":"","overlay-color":"","overlay-opacity":"","overlay-gradient":""},"mobile":{"background-color":"var(--ast-global-color-5)","background-image":"","background-repeat":"repeat","background-position":"center center","background-size":"auto","background-attachment":"scroll","background-type":"","background-media":"","overlay-type":"","overlay-color":"","overlay-opacity":"","overlay-gradient":""}}},"product_brand":[],"product_cat":[18,24,17,23,28,26],"product_tag":[],"class_list":{"0":"post-281","1":"product","2":"type-product","3":"status-publish","4":"has-post-thumbnail","6":"product_cat-amor","7":"product_cat-aniversario","8":"product_cat-inicio","9":"product_cat-para-el","10":"product_cat-rosas-preservadas","11":"product_cat-trabajo","12":"desktop-align-center","13":"tablet-align-center","14":"mobile-align-center","15":"ast-product-gallery-layout-horizontal","16":"ast-product-tabs-layout-vertical","18":"first","19":"outofstock","20":"taxable","21":"shipping-taxable","22":"purchasable","23":"product-type-simple"},"jetpack-related-posts":[{"id":177,"url":"https:\/\/bruval.com.ec\/home\/producto\/bv0345\/","url_meta":{"origin":281,"position":0},"title":"BV0345","author":"cviteri","date":"diciembre 18, 2017","format":false,"excerpt":"La belleza de la rosa Ecuatoriana ahora puede ser apreciada por mucho m\u00e1s tiempo como esta linda rosa XXL con tallo natural preservado. *Color de la rosa varia seg\u00fan disponibilidad. *No ponerle agua *Mantenerla en un lugar fresco *No exponerla al sol.","rel":"","context":"Entrada similar","block_context":{"text":"Entrada similar","link":""},"img":{"alt_text":"BV0345","src":"https:\/\/i0.wp.com\/bruval.com.ec\/home\/wp-content\/uploads\/2017\/12\/154-BV0345.jpg?fit=700%2C800&ssl=1&resize=350%2C200","width":350,"height":200,"srcset":"https:\/\/i0.wp.com\/bruval.com.ec\/home\/wp-content\/uploads\/2017\/12\/154-BV0345.jpg?fit=700%2C800&ssl=1&resize=350%2C200 1x, https:\/\/i0.wp.com\/bruval.com.ec\/home\/wp-content\/uploads\/2017\/12\/154-BV0345.jpg?fit=700%2C800&ssl=1&resize=525%2C300 1.5x, https:\/\/i0.wp.com\/bruval.com.ec\/home\/wp-content\/uploads\/2017\/12\/154-BV0345.jpg?fit=700%2C800&ssl=1&resize=700%2C400 2x"},"classes":[]},{"id":192,"url":"https:\/\/bruval.com.ec\/home\/producto\/bv0350\/","url_meta":{"origin":281,"position":1},"title":"BV0350","author":"cviteri","date":"diciembre 18, 2017","format":false,"excerpt":"La belleza de la rosa Ecuatoriana ahora puede ser apreciada por mucho m\u00e1s tiempo como esta linda rosa XL con tallo natural preservado. *Color de la rosa varia seg\u00fan disponibilidad. *No ponerle agua *Mantenerla en un lugar fresco *No exponerla al sol.","rel":"","context":"Entrada similar","block_context":{"text":"Entrada similar","link":""},"img":{"alt_text":"BV0350","src":"https:\/\/i0.wp.com\/bruval.com.ec\/home\/wp-content\/uploads\/2017\/12\/215-BV0350.jpg?fit=700%2C800&ssl=1&resize=350%2C200","width":350,"height":200,"srcset":"https:\/\/i0.wp.com\/bruval.com.ec\/home\/wp-content\/uploads\/2017\/12\/215-BV0350.jpg?fit=700%2C800&ssl=1&resize=350%2C200 1x, https:\/\/i0.wp.com\/bruval.com.ec\/home\/wp-content\/uploads\/2017\/12\/215-BV0350.jpg?fit=700%2C800&ssl=1&resize=525%2C300 1.5x, https:\/\/i0.wp.com\/bruval.com.ec\/home\/wp-content\/uploads\/2017\/12\/215-BV0350.jpg?fit=700%2C800&ssl=1&resize=700%2C400 2x"},"classes":[]},{"id":203,"url":"https:\/\/bruval.com.ec\/home\/producto\/bv0355\/","url_meta":{"origin":281,"position":2},"title":"BV0355","author":"cviteri","date":"diciembre 18, 2017","format":false,"excerpt":"La belleza de la rosa Ecuatoriana ahora puede ser apreciada por mucho m\u00e1s tiempo como esta linda rosa Large con tallo natural preservado en c\u00fapula de cristal. *Color de la rosa varia seg\u00fan disponibilidad. *No ponerle agua *Mantenerla en un lugar fresco *No exponerla al sol.","rel":"","context":"Entrada similar","block_context":{"text":"Entrada similar","link":""},"img":{"alt_text":"BV0355","src":"https:\/\/i0.wp.com\/bruval.com.ec\/home\/wp-content\/uploads\/2017\/12\/205-BV0355.jpg?fit=700%2C800&ssl=1&resize=350%2C200","width":350,"height":200,"srcset":"https:\/\/i0.wp.com\/bruval.com.ec\/home\/wp-content\/uploads\/2017\/12\/205-BV0355.jpg?fit=700%2C800&ssl=1&resize=350%2C200 1x, https:\/\/i0.wp.com\/bruval.com.ec\/home\/wp-content\/uploads\/2017\/12\/205-BV0355.jpg?fit=700%2C800&ssl=1&resize=525%2C300 1.5x, https:\/\/i0.wp.com\/bruval.com.ec\/home\/wp-content\/uploads\/2017\/12\/205-BV0355.jpg?fit=700%2C800&ssl=1&resize=700%2C400 2x"},"classes":[]},{"id":285,"url":"https:\/\/bruval.com.ec\/home\/producto\/bv0385\/","url_meta":{"origin":281,"position":3},"title":"BV0385","author":"cviteri","date":"febrero 1, 2018","format":false,"excerpt":"La belleza de la rosa Ecuatoriana ahora puede ser apreciada por mucho m\u00e1s tiempo como esta linda rosa XXL en un acuario de cristal. *Color de la rosa varia seg\u00fan disponibilidad. *No ponerle agua *Mantenerla en un lugar fresco *No exponerla al sol.\u00a0","rel":"","context":"Entrada similar","block_context":{"text":"Entrada similar","link":""},"img":{"alt_text":"BV0385","src":"https:\/\/i0.wp.com\/bruval.com.ec\/home\/wp-content\/uploads\/2018\/02\/196-BV0385.jpg?fit=700%2C800&ssl=1&resize=350%2C200","width":350,"height":200,"srcset":"https:\/\/i0.wp.com\/bruval.com.ec\/home\/wp-content\/uploads\/2018\/02\/196-BV0385.jpg?fit=700%2C800&ssl=1&resize=350%2C200 1x, https:\/\/i0.wp.com\/bruval.com.ec\/home\/wp-content\/uploads\/2018\/02\/196-BV0385.jpg?fit=700%2C800&ssl=1&resize=525%2C300 1.5x, https:\/\/i0.wp.com\/bruval.com.ec\/home\/wp-content\/uploads\/2018\/02\/196-BV0385.jpg?fit=700%2C800&ssl=1&resize=700%2C400 2x"},"classes":[]},{"id":271,"url":"https:\/\/bruval.com.ec\/home\/producto\/bv0365\/","url_meta":{"origin":281,"position":4},"title":"BV0365","author":"cviteri","date":"febrero 1, 2018","format":false,"excerpt":"En esta linda c\u00fapula de cristal encontrar\u00e1s varios tipo de flores preservadas que forman nuestro jard\u00edn de rosas preservadas.","rel":"","context":"Entrada similar","block_context":{"text":"Entrada similar","link":""},"img":{"alt_text":"BV0365","src":"https:\/\/i0.wp.com\/bruval.com.ec\/home\/wp-content\/uploads\/2018\/02\/188-BV0365.jpg?fit=700%2C800&ssl=1&resize=350%2C200","width":350,"height":200,"srcset":"https:\/\/i0.wp.com\/bruval.com.ec\/home\/wp-content\/uploads\/2018\/02\/188-BV0365.jpg?fit=700%2C800&ssl=1&resize=350%2C200 1x, https:\/\/i0.wp.com\/bruval.com.ec\/home\/wp-content\/uploads\/2018\/02\/188-BV0365.jpg?fit=700%2C800&ssl=1&resize=525%2C300 1.5x, https:\/\/i0.wp.com\/bruval.com.ec\/home\/wp-content\/uploads\/2018\/02\/188-BV0365.jpg?fit=700%2C800&ssl=1&resize=700%2C400 2x"},"classes":[]},{"id":1021,"url":"https:\/\/bruval.com.ec\/home\/producto\/bvbox654\/","url_meta":{"origin":281,"position":5},"title":"BVBOX654","author":"cviteri","date":"abril 13, 2021","format":false,"excerpt":"En un solo detalle, regalar\u00e1s rosas naturales y una rosa preservada en cilindro de cristal. Color de rosas naturales, rosa preservada y box pueden cambiar seg\u00fan disponibilidad.","rel":"","context":"Entrada similar","block_context":{"text":"Entrada similar","link":""},"img":{"alt_text":"Bruval","src":"https:\/\/i0.wp.com\/bruval.com.ec\/home\/wp-content\/uploads\/2021\/04\/Bruval-19.jpg?fit=800%2C800&ssl=1&resize=350%2C200","width":350,"height":200,"srcset":"https:\/\/i0.wp.com\/bruval.com.ec\/home\/wp-content\/uploads\/2021\/04\/Bruval-19.jpg?fit=800%2C800&ssl=1&resize=350%2C200 1x, https:\/\/i0.wp.com\/bruval.com.ec\/home\/wp-content\/uploads\/2021\/04\/Bruval-19.jpg?fit=800%2C800&ssl=1&resize=525%2C300 1.5x, https:\/\/i0.wp.com\/bruval.com.ec\/home\/wp-content\/uploads\/2021\/04\/Bruval-19.jpg?fit=800%2C800&ssl=1&resize=700%2C400 2x"},"classes":[]}],"jetpack_sharing_enabled":true,"_links":{"self":[{"href":"https:\/\/bruval.com.ec\/home\/wp-json\/wp\/v2\/product\/281","targetHints":{"allow":["GET"]}}],"collection":[{"href":"https:\/\/bruval.com.ec\/home\/wp-json\/wp\/v2\/product"}],"about":[{"href":"https:\/\/bruval.com.ec\/home\/wp-json\/wp\/v2\/types\/product"}],"wp:featuredmedia":[{"embeddable":true,"href":"https:\/\/bruval.com.ec\/home\/wp-json\/wp\/v2\/media\/278"}],"wp:attachment":[{"href":"https:\/\/bruval.com.ec\/home\/wp-json\/wp\/v2\/media?parent=281"}],"wp:term":[{"taxonomy":"product_brand","embeddable":true,"href":"https:\/\/bruval.com.ec\/home\/wp-json\/wp\/v2\/product_brand?post=281"},{"taxonomy":"product_cat","embeddable":true,"href":"https:\/\/bruval.com.ec\/home\/wp-json\/wp\/v2\/product_cat?post=281"},{"taxonomy":"product_tag","embeddable":true,"href":"https:\/\/bruval.com.ec\/home\/wp-json\/wp\/v2\/product_tag?post=281"}],"curies":[{"name":"wp","href":"https:\/\/api.w.org\/{rel}","templated":true}]}}