{"id":299,"date":"2018-04-18T13:26:07","date_gmt":"2018-04-18T18:26:07","guid":{"rendered":"https:\/\/bruval.com.ec\/home\/producto\/bvbox0026\/"},"modified":"2022-08-29T16:34:18","modified_gmt":"2022-08-29T21:34:18","slug":"bvbox0026","status":"publish","type":"product","link":"https:\/\/bruval.com.ec\/home\/producto\/bvbox0026\/","title":{"rendered":"BVBOX0026"},"content":{"rendered":"","protected":false},"excerpt":{"rendered":"<p>Nuevo diseno de nuestras Small Box un hermoso mix de flores para sorprender a esa persona especial.<\/p>\n","protected":false},"featured_media":298,"template":"","meta":{"site-sidebar-layout":"default","site-content-layout":"","ast-site-content-layout":"","site-content-style":"default","site-sidebar-style":"default","ast-global-header-display":"","ast-banner-title-visibility":"","ast-main-header-display":"","ast-hfb-above-header-display":"","ast-hfb-below-header-display":"","ast-hfb-mobile-header-display":"","site-post-title":"","ast-breadcrumbs-content":"","ast-featured-img":"","footer-sml-layout":"","theme-transparent-header-meta":"","adv-header-id-meta":"","stick-header-meta":"","header-above-stick-meta":"","header-main-stick-meta":"","header-below-stick-meta":"","astra-migrate-meta-layouts":"default","ast-page-background-enabled":"default","ast-page-background-meta":{"desktop":{"background-color":"","background-image":"","background-repeat":"repeat","background-position":"center center","background-size":"auto","background-attachment":"scroll","background-type":"","background-media":"","overlay-type":"","overlay-color":"","overlay-opacity":"","overlay-gradient":""},"tablet":{"background-color":"","background-image":"","background-repeat":"repeat","background-position":"center center","background-size":"auto","background-attachment":"scroll","background-type":"","background-media":"","overlay-type":"","overlay-color":"","overlay-opacity":"","overlay-gradient":""},"mobile":{"background-color":"","background-image":"","background-repeat":"repeat","background-position":"center center","background-size":"auto","background-attachment":"scroll","background-type":"","background-media":"","overlay-type":"","overlay-color":"","overlay-opacity":"","overlay-gradient":""}},"ast-content-background-meta":{"desktop":{"background-color":"var(--ast-global-color-5)","background-image":"","background-repeat":"repeat","background-position":"center center","background-size":"auto","background-attachment":"scroll","background-type":"","background-media":"","overlay-type":"","overlay-color":"","overlay-opacity":"","overlay-gradient":""},"tablet":{"background-color":"var(--ast-global-color-5)","background-image":"","background-repeat":"repeat","background-position":"center center","background-size":"auto","background-attachment":"scroll","background-type":"","background-media":"","overlay-type":"","overlay-color":"","overlay-opacity":"","overlay-gradient":""},"mobile":{"background-color":"var(--ast-global-color-5)","background-image":"","background-repeat":"repeat","background-position":"center center","background-size":"auto","background-attachment":"scroll","background-type":"","background-media":"","overlay-type":"","overlay-color":"","overlay-opacity":"","overlay-gradient":""}}},"product_brand":[],"product_cat":[18,24,29,25,17,33,31,26],"product_tag":[],"class_list":{"0":"post-299","1":"product","2":"type-product","3":"status-publish","4":"has-post-thumbnail","6":"product_cat-amor","7":"product_cat-aniversario","8":"product_cat-bruval-box","9":"product_cat-cumpleanos","10":"product_cat-inicio","11":"product_cat-lo-nuevo","12":"product_cat-mama","13":"product_cat-trabajo","14":"desktop-align-center","15":"tablet-align-center","16":"mobile-align-center","17":"ast-product-gallery-layout-horizontal","18":"ast-product-tabs-layout-vertical","20":"first","21":"instock","22":"taxable","23":"shipping-taxable","24":"purchasable","25":"product-type-simple"},"jetpack-related-posts":[{"id":372,"url":"https:\/\/bruval.com.ec\/home\/producto\/bvbox049\/","url_meta":{"origin":299,"position":0},"title":"BVBOX049","author":"cviteri","date":"enero 28, 2020","format":false,"excerpt":"Elegant Box Small una hermosa y elegante combinaci\u00f3n de flores en los tomas mas lindos. *Color de flores pueden variar seg\u00fan stock *Color de Box puede cambiar seg\u00fan stock","rel":"","context":"Entrada similar","block_context":{"text":"Entrada similar","link":""},"img":{"alt_text":"BVBOX049","src":"https:\/\/i0.wp.com\/bruval.com.ec\/home\/wp-content\/uploads\/2020\/01\/324-BVBOX049.jpg?fit=700%2C800&ssl=1&resize=350%2C200","width":350,"height":200,"srcset":"https:\/\/i0.wp.com\/bruval.com.ec\/home\/wp-content\/uploads\/2020\/01\/324-BVBOX049.jpg?fit=700%2C800&ssl=1&resize=350%2C200 1x, https:\/\/i0.wp.com\/bruval.com.ec\/home\/wp-content\/uploads\/2020\/01\/324-BVBOX049.jpg?fit=700%2C800&ssl=1&resize=525%2C300 1.5x, https:\/\/i0.wp.com\/bruval.com.ec\/home\/wp-content\/uploads\/2020\/01\/324-BVBOX049.jpg?fit=700%2C800&ssl=1&resize=700%2C400 2x"},"classes":[]},{"id":151,"url":"https:\/\/bruval.com.ec\/home\/producto\/bv0320\/","url_meta":{"origin":299,"position":1},"title":"BV0320","author":"cviteri","date":"diciembre 18, 2017","format":false,"excerpt":"Mix de flores (rosas, claveles, astromelias, lirios) en nuestra small box. *Color de la box puede variar seg\u00fan stock *Las flores pueden ser reemplazadas seg\u00fan disponibilidad","rel":"","context":"Entrada similar","block_context":{"text":"Entrada similar","link":""},"img":{"alt_text":"BV0320","src":"https:\/\/i0.wp.com\/bruval.com.ec\/home\/wp-content\/uploads\/2017\/12\/91-BV0320.jpg?fit=600%2C800&ssl=1&resize=350%2C200","width":350,"height":200,"srcset":"https:\/\/i0.wp.com\/bruval.com.ec\/home\/wp-content\/uploads\/2017\/12\/91-BV0320.jpg?fit=600%2C800&ssl=1&resize=350%2C200 1x, https:\/\/i0.wp.com\/bruval.com.ec\/home\/wp-content\/uploads\/2017\/12\/91-BV0320.jpg?fit=600%2C800&ssl=1&resize=525%2C300 1.5x"},"classes":[]},{"id":2570,"url":"https:\/\/bruval.com.ec\/home\/producto\/bvbox1050\/","url_meta":{"origin":299,"position":2},"title":"BVBOX1050","author":"Bruval Ecuador","date":"abril 3, 2025","format":false,"excerpt":"Sorprende con nuestro hermoso bouquet de flores en tonos pasteles ideal para regalar a esa persona especial","rel":"","context":"Entrada similar","block_context":{"text":"Entrada similar","link":""},"img":{"alt_text":"","src":"https:\/\/i0.wp.com\/bruval.com.ec\/home\/wp-content\/uploads\/2025\/04\/JM_09043-1.webp?fit=534%2C800&ssl=1&resize=350%2C200","width":350,"height":200,"srcset":"https:\/\/i0.wp.com\/bruval.com.ec\/home\/wp-content\/uploads\/2025\/04\/JM_09043-1.webp?fit=534%2C800&ssl=1&resize=350%2C200 1x, https:\/\/i0.wp.com\/bruval.com.ec\/home\/wp-content\/uploads\/2025\/04\/JM_09043-1.webp?fit=534%2C800&ssl=1&resize=525%2C300 1.5x"},"classes":[]},{"id":1502,"url":"https:\/\/bruval.com.ec\/home\/producto\/4941\/","url_meta":{"origin":299,"position":3},"title":"BVBOX815","author":"Bruval Ecuador","date":"abril 3, 2022","format":false,"excerpt":"Una Mini box con mucho color tenemos en este mix de flores.","rel":"","context":"Entrada similar","block_context":{"text":"Entrada similar","link":""},"img":{"alt_text":"","src":"https:\/\/i0.wp.com\/bruval.com.ec\/home\/wp-content\/uploads\/2022\/04\/IMG_4941.webp?fit=506%2C760&ssl=1&resize=350%2C200","width":350,"height":200},"classes":[]},{"id":321,"url":"https:\/\/bruval.com.ec\/home\/producto\/bvbox031\/","url_meta":{"origin":299,"position":4},"title":"BVBOX031","author":"cviteri","date":"enero 16, 2019","format":false,"excerpt":"En Bruval estamos siempre en busca de nuevas flores para ofrecerte algo diferente al momento de regalar, por ello tenemos para ti nuestra hermosa box de rosas y coles. \u00a0*Color de caja y flores pueden variar segun disponibilidad.","rel":"","context":"Entrada similar","block_context":{"text":"Entrada similar","link":""},"img":{"alt_text":"BVBOX031","src":"https:\/\/i0.wp.com\/bruval.com.ec\/home\/wp-content\/uploads\/2019\/01\/275-BVBOX031.jpg?fit=700%2C800&ssl=1&resize=350%2C200","width":350,"height":200,"srcset":"https:\/\/i0.wp.com\/bruval.com.ec\/home\/wp-content\/uploads\/2019\/01\/275-BVBOX031.jpg?fit=700%2C800&ssl=1&resize=350%2C200 1x, https:\/\/i0.wp.com\/bruval.com.ec\/home\/wp-content\/uploads\/2019\/01\/275-BVBOX031.jpg?fit=700%2C800&ssl=1&resize=525%2C300 1.5x, https:\/\/i0.wp.com\/bruval.com.ec\/home\/wp-content\/uploads\/2019\/01\/275-BVBOX031.jpg?fit=700%2C800&ssl=1&resize=700%2C400 2x"},"classes":[]},{"id":362,"url":"https:\/\/bruval.com.ec\/home\/producto\/bvbox045\/","url_meta":{"origin":299,"position":5},"title":"BVBOX045","author":"cviteri","date":"abril 29, 2019","format":false,"excerpt":"Una muy linda combinaci\u00f3n de rosas y flores de temporada en esta small box\u2026 *Color de caja, rosas y flores de temporada\u00a0 pueden variar seg\u00fan stock y elecci\u00f3n del cliente.","rel":"","context":"Entrada similar","block_context":{"text":"Entrada similar","link":""},"img":{"alt_text":"BVBOX045","src":"https:\/\/i0.wp.com\/bruval.com.ec\/home\/wp-content\/uploads\/2019\/04\/307-BVBOX045.jpg?fit=700%2C800&ssl=1&resize=350%2C200","width":350,"height":200,"srcset":"https:\/\/i0.wp.com\/bruval.com.ec\/home\/wp-content\/uploads\/2019\/04\/307-BVBOX045.jpg?fit=700%2C800&ssl=1&resize=350%2C200 1x, https:\/\/i0.wp.com\/bruval.com.ec\/home\/wp-content\/uploads\/2019\/04\/307-BVBOX045.jpg?fit=700%2C800&ssl=1&resize=525%2C300 1.5x, https:\/\/i0.wp.com\/bruval.com.ec\/home\/wp-content\/uploads\/2019\/04\/307-BVBOX045.jpg?fit=700%2C800&ssl=1&resize=700%2C400 2x"},"classes":[]}],"jetpack_sharing_enabled":true,"_links":{"self":[{"href":"https:\/\/bruval.com.ec\/home\/wp-json\/wp\/v2\/product\/299","targetHints":{"allow":["GET"]}}],"collection":[{"href":"https:\/\/bruval.com.ec\/home\/wp-json\/wp\/v2\/product"}],"about":[{"href":"https:\/\/bruval.com.ec\/home\/wp-json\/wp\/v2\/types\/product"}],"wp:featuredmedia":[{"embeddable":true,"href":"https:\/\/bruval.com.ec\/home\/wp-json\/wp\/v2\/media\/298"}],"wp:attachment":[{"href":"https:\/\/bruval.com.ec\/home\/wp-json\/wp\/v2\/media?parent=299"}],"wp:term":[{"taxonomy":"product_brand","embeddable":true,"href":"https:\/\/bruval.com.ec\/home\/wp-json\/wp\/v2\/product_brand?post=299"},{"taxonomy":"product_cat","embeddable":true,"href":"https:\/\/bruval.com.ec\/home\/wp-json\/wp\/v2\/product_cat?post=299"},{"taxonomy":"product_tag","embeddable":true,"href":"https:\/\/bruval.com.ec\/home\/wp-json\/wp\/v2\/product_tag?post=299"}],"curies":[{"name":"wp","href":"https:\/\/api.w.org\/{rel}","templated":true}]}}