{"id":32,"date":"2017-12-15T15:17:03","date_gmt":"2017-12-15T20:17:03","guid":{"rendered":"https:\/\/bruval.com.ec\/home\/producto\/bv050\/"},"modified":"2023-10-29T08:17:29","modified_gmt":"2023-10-29T13:17:29","slug":"bv050","status":"publish","type":"product","link":"https:\/\/bruval.com.ec\/home\/producto\/bv050\/","title":{"rendered":"BV0050"},"content":{"rendered":"\n<p>Arreglo Floral contiene: rosas, liliums, margaritas y peluche en una caja de madera. Colores de las\u00a0 flores bajo disponibilidad y previa coordinaci\u00f3n con BRUVAL. Env\u00edos a Guayaquil, Dur\u00e1n y Samborond\u00f3n.\u00a0<strong>Aceptamos:<\/strong>\u00a0PayPal (Visa, MasterCard, AMEX, Diners Club, Discover) y Pagos en Efectivo y Transferencia Bancaria. No olvide visitar nuestra isla en el C.C. Riocentro Entre R\u00edos. M\u00e1s informaci\u00f3n al\u00a00999480437<\/p>\n","protected":false},"excerpt":{"rendered":"\n<p>Para esa ocasi\u00f3n tan especial tenemos los detalles mas tiernos<\/p>\n","protected":false},"featured_media":31,"template":"","meta":{"site-sidebar-layout":"default","site-content-layout":"","ast-site-content-layout":"","site-content-style":"default","site-sidebar-style":"default","ast-global-header-display":"","ast-banner-title-visibility":"","ast-main-header-display":"","ast-hfb-above-header-display":"","ast-hfb-below-header-display":"","ast-hfb-mobile-header-display":"","site-post-title":"","ast-breadcrumbs-content":"","ast-featured-img":"","footer-sml-layout":"","theme-transparent-header-meta":"","adv-header-id-meta":"","stick-header-meta":"","header-above-stick-meta":"","header-main-stick-meta":"","header-below-stick-meta":"","astra-migrate-meta-layouts":"default","ast-page-background-enabled":"default","ast-page-background-meta":{"desktop":{"background-color":"","background-image":"","background-repeat":"repeat","background-position":"center center","background-size":"auto","background-attachment":"scroll","background-type":"","background-media":"","overlay-type":"","overlay-color":"","overlay-opacity":"","overlay-gradient":""},"tablet":{"background-color":"","background-image":"","background-repeat":"repeat","background-position":"center center","background-size":"auto","background-attachment":"scroll","background-type":"","background-media":"","overlay-type":"","overlay-color":"","overlay-opacity":"","overlay-gradient":""},"mobile":{"background-color":"","background-image":"","background-repeat":"repeat","background-position":"center center","background-size":"auto","background-attachment":"scroll","background-type":"","background-media":"","overlay-type":"","overlay-color":"","overlay-opacity":"","overlay-gradient":""}},"ast-content-background-meta":{"desktop":{"background-color":"var(--ast-global-color-5)","background-image":"","background-repeat":"repeat","background-position":"center center","background-size":"auto","background-attachment":"scroll","background-type":"","background-media":"","overlay-type":"","overlay-color":"","overlay-opacity":"","overlay-gradient":""},"tablet":{"background-color":"var(--ast-global-color-5)","background-image":"","background-repeat":"repeat","background-position":"center center","background-size":"auto","background-attachment":"scroll","background-type":"","background-media":"","overlay-type":"","overlay-color":"","overlay-opacity":"","overlay-gradient":""},"mobile":{"background-color":"var(--ast-global-color-5)","background-image":"","background-repeat":"repeat","background-position":"center center","background-size":"auto","background-attachment":"scroll","background-type":"","background-media":"","overlay-type":"","overlay-color":"","overlay-opacity":"","overlay-gradient":""}}},"product_brand":[],"product_cat":[17,22],"product_tag":[],"class_list":{"0":"post-32","1":"product","2":"type-product","3":"status-publish","4":"has-post-thumbnail","6":"product_cat-inicio","7":"product_cat-nacimiento","8":"desktop-align-center","9":"tablet-align-center","10":"mobile-align-center","11":"ast-product-gallery-layout-horizontal","12":"ast-product-tabs-layout-vertical","14":"first","15":"instock","16":"taxable","17":"shipping-taxable","18":"purchasable","19":"product-type-simple"},"jetpack-related-posts":[{"id":2560,"url":"https:\/\/bruval.com.ec\/home\/producto\/bvbox1055\/","url_meta":{"origin":32,"position":0},"title":"BVBOX1055","author":"Bruval Ecuador","date":"abril 3, 2025","format":false,"excerpt":"Si los girasoles son su flor favorita no esperes mas y sorprendela con este hermoso bouquet de lo mas lindos girasoles!","rel":"","context":"Entrada similar","block_context":{"text":"Entrada similar","link":""},"img":{"alt_text":"","src":"https:\/\/i0.wp.com\/bruval.com.ec\/home\/wp-content\/uploads\/2025\/04\/JM_09052.webp?fit=534%2C800&ssl=1&resize=350%2C200","width":350,"height":200,"srcset":"https:\/\/i0.wp.com\/bruval.com.ec\/home\/wp-content\/uploads\/2025\/04\/JM_09052.webp?fit=534%2C800&ssl=1&resize=350%2C200 1x, https:\/\/i0.wp.com\/bruval.com.ec\/home\/wp-content\/uploads\/2025\/04\/JM_09052.webp?fit=534%2C800&ssl=1&resize=525%2C300 1.5x"},"classes":[]},{"id":2705,"url":"https:\/\/bruval.com.ec\/home\/producto\/boquet-135\/","url_meta":{"origin":32,"position":1},"title":"Boquet 135","author":"Bruval Ecuador","date":"enero 7, 2026","format":false,"excerpt":"Lo mas romantico que puedes regalar nuestro corazon de rosas naturales!","rel":"","context":"Entrada similar","block_context":{"text":"Entrada similar","link":""},"img":{"alt_text":"","src":"https:\/\/i0.wp.com\/bruval.com.ec\/home\/wp-content\/uploads\/2026\/01\/Boquet-135.webp?fit=832%2C700&ssl=1&resize=350%2C200","width":350,"height":200,"srcset":"https:\/\/i0.wp.com\/bruval.com.ec\/home\/wp-content\/uploads\/2026\/01\/Boquet-135.webp?fit=832%2C700&ssl=1&resize=350%2C200 1x, https:\/\/i0.wp.com\/bruval.com.ec\/home\/wp-content\/uploads\/2026\/01\/Boquet-135.webp?fit=832%2C700&ssl=1&resize=525%2C300 1.5x, https:\/\/i0.wp.com\/bruval.com.ec\/home\/wp-content\/uploads\/2026\/01\/Boquet-135.webp?fit=832%2C700&ssl=1&resize=700%2C400 2x"},"classes":[]},{"id":2022,"url":"https:\/\/bruval.com.ec\/home\/producto\/bvbox1025\/","url_meta":{"origin":32,"position":2},"title":"BVBOX1025","author":"fmanzetti","date":"diciembre 1, 2023","format":false,"excerpt":"50Rosas Bruval decoradas de la manera mas elegante en nuestra hermosa caja premium con tira de perlas.","rel":"","context":"Entrada similar","block_context":{"text":"Entrada similar","link":""},"img":{"alt_text":"BVBOX1025","src":"https:\/\/i0.wp.com\/bruval.com.ec\/home\/wp-content\/uploads\/2023\/12\/6.webp?fit=1067%2C800&ssl=1&resize=350%2C200","width":350,"height":200,"srcset":"https:\/\/i0.wp.com\/bruval.com.ec\/home\/wp-content\/uploads\/2023\/12\/6.webp?fit=1067%2C800&ssl=1&resize=350%2C200 1x, https:\/\/i0.wp.com\/bruval.com.ec\/home\/wp-content\/uploads\/2023\/12\/6.webp?fit=1067%2C800&ssl=1&resize=525%2C300 1.5x, https:\/\/i0.wp.com\/bruval.com.ec\/home\/wp-content\/uploads\/2023\/12\/6.webp?fit=1067%2C800&ssl=1&resize=700%2C400 2x, https:\/\/i0.wp.com\/bruval.com.ec\/home\/wp-content\/uploads\/2023\/12\/6.webp?fit=1067%2C800&ssl=1&resize=1050%2C600 3x"},"classes":[]},{"id":2699,"url":"https:\/\/bruval.com.ec\/home\/producto\/bouquet-125\/","url_meta":{"origin":32,"position":3},"title":"Bouquet 125","author":"Bruval Ecuador","date":"enero 7, 2026","format":false,"excerpt":"Nuestros Bouquets ahora te duran mucho mas con nuestro mecanismo de hidratacion propia y esta opcion en rosas rojas complementadas con un osito de peluche es el reagalo ideal","rel":"","context":"Entrada similar","block_context":{"text":"Entrada similar","link":""},"img":{"alt_text":"","src":"https:\/\/i0.wp.com\/bruval.com.ec\/home\/wp-content\/uploads\/2026\/01\/Bouquet-125.webp?fit=832%2C612&ssl=1&resize=350%2C200","width":350,"height":200,"srcset":"https:\/\/i0.wp.com\/bruval.com.ec\/home\/wp-content\/uploads\/2026\/01\/Bouquet-125.webp?fit=832%2C612&ssl=1&resize=350%2C200 1x, https:\/\/i0.wp.com\/bruval.com.ec\/home\/wp-content\/uploads\/2026\/01\/Bouquet-125.webp?fit=832%2C612&ssl=1&resize=525%2C300 1.5x, https:\/\/i0.wp.com\/bruval.com.ec\/home\/wp-content\/uploads\/2026\/01\/Bouquet-125.webp?fit=832%2C612&ssl=1&resize=700%2C400 2x"},"classes":[]},{"id":2020,"url":"https:\/\/bruval.com.ec\/home\/producto\/bvbox0120\/","url_meta":{"origin":32,"position":4},"title":"BVBOX0120","author":"fmanzetti","date":"diciembre 1, 2023","format":false,"excerpt":"50Rosas Bruval decoradas de la manera mas elegante en nuestra hermosa caja premium con tira de perlas.","rel":"","context":"Entrada similar","block_context":{"text":"Entrada similar","link":""},"img":{"alt_text":"BVBOX0120","src":"https:\/\/i0.wp.com\/bruval.com.ec\/home\/wp-content\/uploads\/2023\/12\/5.webp?fit=1067%2C800&ssl=1&resize=350%2C200","width":350,"height":200,"srcset":"https:\/\/i0.wp.com\/bruval.com.ec\/home\/wp-content\/uploads\/2023\/12\/5.webp?fit=1067%2C800&ssl=1&resize=350%2C200 1x, https:\/\/i0.wp.com\/bruval.com.ec\/home\/wp-content\/uploads\/2023\/12\/5.webp?fit=1067%2C800&ssl=1&resize=525%2C300 1.5x, https:\/\/i0.wp.com\/bruval.com.ec\/home\/wp-content\/uploads\/2023\/12\/5.webp?fit=1067%2C800&ssl=1&resize=700%2C400 2x, https:\/\/i0.wp.com\/bruval.com.ec\/home\/wp-content\/uploads\/2023\/12\/5.webp?fit=1067%2C800&ssl=1&resize=1050%2C600 3x"},"classes":[]},{"id":2701,"url":"https:\/\/bruval.com.ec\/home\/producto\/bouquet-130\/","url_meta":{"origin":32,"position":5},"title":"Bouquet 130","author":"Bruval Ecuador","date":"enero 7, 2026","format":false,"excerpt":"Nuestros Bouquets ahora te duran mucho mas con nuestro mecanismo de hidratacion propia y esta opcion en rosas y follaje en color pastel complementadas con un osito de peluche es el reagalo ideal","rel":"","context":"Entrada similar","block_context":{"text":"Entrada similar","link":""},"img":{"alt_text":"","src":"https:\/\/i0.wp.com\/bruval.com.ec\/home\/wp-content\/uploads\/2026\/01\/Bouquet-130.webp?fit=832%2C620&ssl=1&resize=350%2C200","width":350,"height":200,"srcset":"https:\/\/i0.wp.com\/bruval.com.ec\/home\/wp-content\/uploads\/2026\/01\/Bouquet-130.webp?fit=832%2C620&ssl=1&resize=350%2C200 1x, https:\/\/i0.wp.com\/bruval.com.ec\/home\/wp-content\/uploads\/2026\/01\/Bouquet-130.webp?fit=832%2C620&ssl=1&resize=525%2C300 1.5x, https:\/\/i0.wp.com\/bruval.com.ec\/home\/wp-content\/uploads\/2026\/01\/Bouquet-130.webp?fit=832%2C620&ssl=1&resize=700%2C400 2x"},"classes":[]}],"jetpack_sharing_enabled":true,"_links":{"self":[{"href":"https:\/\/bruval.com.ec\/home\/wp-json\/wp\/v2\/product\/32","targetHints":{"allow":["GET"]}}],"collection":[{"href":"https:\/\/bruval.com.ec\/home\/wp-json\/wp\/v2\/product"}],"about":[{"href":"https:\/\/bruval.com.ec\/home\/wp-json\/wp\/v2\/types\/product"}],"wp:featuredmedia":[{"embeddable":true,"href":"https:\/\/bruval.com.ec\/home\/wp-json\/wp\/v2\/media\/31"}],"wp:attachment":[{"href":"https:\/\/bruval.com.ec\/home\/wp-json\/wp\/v2\/media?parent=32"}],"wp:term":[{"taxonomy":"product_brand","embeddable":true,"href":"https:\/\/bruval.com.ec\/home\/wp-json\/wp\/v2\/product_brand?post=32"},{"taxonomy":"product_cat","embeddable":true,"href":"https:\/\/bruval.com.ec\/home\/wp-json\/wp\/v2\/product_cat?post=32"},{"taxonomy":"product_tag","embeddable":true,"href":"https:\/\/bruval.com.ec\/home\/wp-json\/wp\/v2\/product_tag?post=32"}],"curies":[{"name":"wp","href":"https:\/\/api.w.org\/{rel}","templated":true}]}}