{"id":336,"date":"2019-04-29T11:08:59","date_gmt":"2019-04-29T16:08:59","guid":{"rendered":"https:\/\/bruval.com.ec\/home\/producto\/bvbox036\/"},"modified":"2025-02-10T16:10:46","modified_gmt":"2025-02-10T21:10:46","slug":"bvbox036","status":"publish","type":"product","link":"https:\/\/bruval.com.ec\/home\/producto\/bvbox036\/","title":{"rendered":"BVBOX036"},"content":{"rendered":"","protected":false},"excerpt":{"rendered":"<p>Linda Tierna Box de rosas, clavelinas y Hortensia\u2026<\/p>\n<p>*Color de caja y rosas puede variar seg\u00fan stock y elecci\u00f3n del cliente.<\/p>\n","protected":false},"featured_media":335,"template":"","meta":{"site-sidebar-layout":"default","site-content-layout":"","ast-site-content-layout":"","site-content-style":"default","site-sidebar-style":"default","ast-global-header-display":"","ast-banner-title-visibility":"","ast-main-header-display":"","ast-hfb-above-header-display":"","ast-hfb-below-header-display":"","ast-hfb-mobile-header-display":"","site-post-title":"","ast-breadcrumbs-content":"","ast-featured-img":"","footer-sml-layout":"","theme-transparent-header-meta":"","adv-header-id-meta":"","stick-header-meta":"","header-above-stick-meta":"","header-main-stick-meta":"","header-below-stick-meta":"","astra-migrate-meta-layouts":"default","ast-page-background-enabled":"default","ast-page-background-meta":{"desktop":{"background-color":"","background-image":"","background-repeat":"repeat","background-position":"center center","background-size":"auto","background-attachment":"scroll","background-type":"","background-media":"","overlay-type":"","overlay-color":"","overlay-opacity":"","overlay-gradient":""},"tablet":{"background-color":"","background-image":"","background-repeat":"repeat","background-position":"center center","background-size":"auto","background-attachment":"scroll","background-type":"","background-media":"","overlay-type":"","overlay-color":"","overlay-opacity":"","overlay-gradient":""},"mobile":{"background-color":"","background-image":"","background-repeat":"repeat","background-position":"center center","background-size":"auto","background-attachment":"scroll","background-type":"","background-media":"","overlay-type":"","overlay-color":"","overlay-opacity":"","overlay-gradient":""}},"ast-content-background-meta":{"desktop":{"background-color":"var(--ast-global-color-5)","background-image":"","background-repeat":"repeat","background-position":"center center","background-size":"auto","background-attachment":"scroll","background-type":"","background-media":"","overlay-type":"","overlay-color":"","overlay-opacity":"","overlay-gradient":""},"tablet":{"background-color":"var(--ast-global-color-5)","background-image":"","background-repeat":"repeat","background-position":"center center","background-size":"auto","background-attachment":"scroll","background-type":"","background-media":"","overlay-type":"","overlay-color":"","overlay-opacity":"","overlay-gradient":""},"mobile":{"background-color":"var(--ast-global-color-5)","background-image":"","background-repeat":"repeat","background-position":"center center","background-size":"auto","background-attachment":"scroll","background-type":"","background-media":"","overlay-type":"","overlay-color":"","overlay-opacity":"","overlay-gradient":""}}},"product_brand":[],"product_cat":[20,18,24,29,25,32,17,33,31,22,27,30,26],"product_tag":[],"class_list":{"0":"post-336","1":"product","2":"type-product","3":"status-publish","4":"has-post-thumbnail","6":"product_cat-amistad","7":"product_cat-amor","8":"product_cat-aniversario","9":"product_cat-bruval-box","10":"product_cat-cumpleanos","11":"product_cat-destacados","12":"product_cat-inicio","13":"product_cat-lo-nuevo","14":"product_cat-mama","15":"product_cat-nacimiento","16":"product_cat-recuperacion","17":"product_cat-san-valentin","18":"product_cat-trabajo","19":"desktop-align-center","20":"tablet-align-center","21":"mobile-align-center","22":"ast-product-gallery-layout-horizontal","23":"ast-product-tabs-layout-vertical","25":"first","26":"instock","27":"taxable","28":"shipping-taxable","29":"purchasable","30":"product-type-simple"},"jetpack-related-posts":[{"id":356,"url":"https:\/\/bruval.com.ec\/home\/producto\/bvbox043\/","url_meta":{"origin":336,"position":0},"title":"BVBOX043","author":"cviteri","date":"abril 29, 2019","format":false,"excerpt":"Elegante y linda box de hortensias, rosas, mini rosas y follaje de temporada\u2026 *Color de caja, rosas y Hortensias\u00a0 pueden variar seg\u00fan stock y elecci\u00f3n del cliente.","rel":"","context":"Entrada similar","block_context":{"text":"Entrada similar","link":""},"img":{"alt_text":"BVBOX043","src":"https:\/\/i0.wp.com\/bruval.com.ec\/home\/wp-content\/uploads\/2019\/04\/302-BVBOX043.jpg?fit=700%2C800&ssl=1&resize=350%2C200","width":350,"height":200,"srcset":"https:\/\/i0.wp.com\/bruval.com.ec\/home\/wp-content\/uploads\/2019\/04\/302-BVBOX043.jpg?fit=700%2C800&ssl=1&resize=350%2C200 1x, https:\/\/i0.wp.com\/bruval.com.ec\/home\/wp-content\/uploads\/2019\/04\/302-BVBOX043.jpg?fit=700%2C800&ssl=1&resize=525%2C300 1.5x, https:\/\/i0.wp.com\/bruval.com.ec\/home\/wp-content\/uploads\/2019\/04\/302-BVBOX043.jpg?fit=700%2C800&ssl=1&resize=700%2C400 2x"},"classes":[]},{"id":2691,"url":"https:\/\/bruval.com.ec\/home\/producto\/bvbox2010\/","url_meta":{"origin":336,"position":1},"title":"BVBOX2010","author":"Bruval Ecuador","date":"enero 7, 2026","format":false,"excerpt":"Las Flores mas lindas y delicadas en una box de Bruval la encontraras en este hermoso arreglo floral Contine Rosas, Mini rosas, Senecio, Clavelinas y otras flores de temporada *Color de flores y caja pueden variar seg\u00fan stock","rel":"","context":"Entrada similar","block_context":{"text":"Entrada similar","link":""},"img":{"alt_text":"","src":"https:\/\/i0.wp.com\/bruval.com.ec\/home\/wp-content\/uploads\/2026\/01\/BVBOX2010-.webp?fit=832%2C601&ssl=1&resize=350%2C200","width":350,"height":200,"srcset":"https:\/\/i0.wp.com\/bruval.com.ec\/home\/wp-content\/uploads\/2026\/01\/BVBOX2010-.webp?fit=832%2C601&ssl=1&resize=350%2C200 1x, https:\/\/i0.wp.com\/bruval.com.ec\/home\/wp-content\/uploads\/2026\/01\/BVBOX2010-.webp?fit=832%2C601&ssl=1&resize=525%2C300 1.5x, https:\/\/i0.wp.com\/bruval.com.ec\/home\/wp-content\/uploads\/2026\/01\/BVBOX2010-.webp?fit=832%2C601&ssl=1&resize=700%2C400 2x"},"classes":[]},{"id":338,"url":"https:\/\/bruval.com.ec\/home\/producto\/bvbox037\/","url_meta":{"origin":336,"position":2},"title":"BVBOX037","author":"cviteri","date":"abril 29, 2019","format":false,"excerpt":"Tierna y delicada Box de rosas con una orqu\u00eddea Cymbidium. *Color de caja, rosas y Orquidea\u00a0 pueden variar seg\u00fan stock y elecci\u00f3n del cliente.","rel":"","context":"Entrada similar","block_context":{"text":"Entrada similar","link":""},"img":{"alt_text":"BVBOX037","src":"https:\/\/i0.wp.com\/bruval.com.ec\/home\/wp-content\/uploads\/2019\/04\/312-BVBOX037.jpg?fit=700%2C800&ssl=1&resize=350%2C200","width":350,"height":200,"srcset":"https:\/\/i0.wp.com\/bruval.com.ec\/home\/wp-content\/uploads\/2019\/04\/312-BVBOX037.jpg?fit=700%2C800&ssl=1&resize=350%2C200 1x, https:\/\/i0.wp.com\/bruval.com.ec\/home\/wp-content\/uploads\/2019\/04\/312-BVBOX037.jpg?fit=700%2C800&ssl=1&resize=525%2C300 1.5x, https:\/\/i0.wp.com\/bruval.com.ec\/home\/wp-content\/uploads\/2019\/04\/312-BVBOX037.jpg?fit=700%2C800&ssl=1&resize=700%2C400 2x"},"classes":[]},{"id":353,"url":"https:\/\/bruval.com.ec\/home\/producto\/bvbox042\/","url_meta":{"origin":336,"position":3},"title":"BVBOX042","author":"cviteri","date":"abril 29, 2019","format":false,"excerpt":"Tierna Box de rosas y follaje de temporada en nuestra nueva colecci\u00f3n de boxes\u2026 Tienes muchas opciones para elegir\u2026. *Color de caja, rosas y follaje\u00a0 pueden variar seg\u00fan stock y elecci\u00f3n del cliente.","rel":"","context":"Entrada similar","block_context":{"text":"Entrada similar","link":""},"img":{"alt_text":"BVBOX042","src":"https:\/\/i0.wp.com\/bruval.com.ec\/home\/wp-content\/uploads\/2019\/04\/301-BVBOX042.jpg?fit=700%2C800&ssl=1&resize=350%2C200","width":350,"height":200,"srcset":"https:\/\/i0.wp.com\/bruval.com.ec\/home\/wp-content\/uploads\/2019\/04\/301-BVBOX042.jpg?fit=700%2C800&ssl=1&resize=350%2C200 1x, https:\/\/i0.wp.com\/bruval.com.ec\/home\/wp-content\/uploads\/2019\/04\/301-BVBOX042.jpg?fit=700%2C800&ssl=1&resize=525%2C300 1.5x, https:\/\/i0.wp.com\/bruval.com.ec\/home\/wp-content\/uploads\/2019\/04\/301-BVBOX042.jpg?fit=700%2C800&ssl=1&resize=700%2C400 2x"},"classes":[]},{"id":334,"url":"https:\/\/bruval.com.ec\/home\/producto\/bvbox035\/","url_meta":{"origin":336,"position":4},"title":"BVBOX035","author":"cviteri","date":"abril 29, 2019","format":false,"excerpt":"Linda Box llena de colores y flores variadas\u2026 Encontraras rosas, lirios y muchas otras variedades m\u00e1s. * Color de caja y rosas puede variar seg\u00fan stock y elecci\u00f3n del cliente.","rel":"","context":"Entrada similar","block_context":{"text":"Entrada similar","link":""},"img":{"alt_text":"BVBOX035","src":"https:\/\/i0.wp.com\/bruval.com.ec\/home\/wp-content\/uploads\/2019\/04\/287-BVBOX035.jpg?fit=700%2C800&ssl=1&resize=350%2C200","width":350,"height":200,"srcset":"https:\/\/i0.wp.com\/bruval.com.ec\/home\/wp-content\/uploads\/2019\/04\/287-BVBOX035.jpg?fit=700%2C800&ssl=1&resize=350%2C200 1x, https:\/\/i0.wp.com\/bruval.com.ec\/home\/wp-content\/uploads\/2019\/04\/287-BVBOX035.jpg?fit=700%2C800&ssl=1&resize=525%2C300 1.5x, https:\/\/i0.wp.com\/bruval.com.ec\/home\/wp-content\/uploads\/2019\/04\/287-BVBOX035.jpg?fit=700%2C800&ssl=1&resize=700%2C400 2x"},"classes":[]},{"id":359,"url":"https:\/\/bruval.com.ec\/home\/producto\/bvbox044\/","url_meta":{"origin":336,"position":5},"title":"BVBOX044","author":"cviteri","date":"abril 29, 2019","format":false,"excerpt":"Una elegante box en nuestra nueva colecci\u00f3n de cajas\u2026 Lindas orqu\u00eddeas con rosas y follaje de temporada\u2026. *Color de caja, rosas y Orquideas\u00a0 pueden variar seg\u00fan stock y elecci\u00f3n del cliente.","rel":"","context":"Entrada similar","block_context":{"text":"Entrada similar","link":""},"img":{"alt_text":"BVBOX044","src":"https:\/\/i0.wp.com\/bruval.com.ec\/home\/wp-content\/uploads\/2019\/04\/304-BVBOX044.jpg?fit=700%2C800&ssl=1&resize=350%2C200","width":350,"height":200,"srcset":"https:\/\/i0.wp.com\/bruval.com.ec\/home\/wp-content\/uploads\/2019\/04\/304-BVBOX044.jpg?fit=700%2C800&ssl=1&resize=350%2C200 1x, https:\/\/i0.wp.com\/bruval.com.ec\/home\/wp-content\/uploads\/2019\/04\/304-BVBOX044.jpg?fit=700%2C800&ssl=1&resize=525%2C300 1.5x, https:\/\/i0.wp.com\/bruval.com.ec\/home\/wp-content\/uploads\/2019\/04\/304-BVBOX044.jpg?fit=700%2C800&ssl=1&resize=700%2C400 2x"},"classes":[]}],"jetpack_sharing_enabled":true,"_links":{"self":[{"href":"https:\/\/bruval.com.ec\/home\/wp-json\/wp\/v2\/product\/336","targetHints":{"allow":["GET"]}}],"collection":[{"href":"https:\/\/bruval.com.ec\/home\/wp-json\/wp\/v2\/product"}],"about":[{"href":"https:\/\/bruval.com.ec\/home\/wp-json\/wp\/v2\/types\/product"}],"wp:featuredmedia":[{"embeddable":true,"href":"https:\/\/bruval.com.ec\/home\/wp-json\/wp\/v2\/media\/335"}],"wp:attachment":[{"href":"https:\/\/bruval.com.ec\/home\/wp-json\/wp\/v2\/media?parent=336"}],"wp:term":[{"taxonomy":"product_brand","embeddable":true,"href":"https:\/\/bruval.com.ec\/home\/wp-json\/wp\/v2\/product_brand?post=336"},{"taxonomy":"product_cat","embeddable":true,"href":"https:\/\/bruval.com.ec\/home\/wp-json\/wp\/v2\/product_cat?post=336"},{"taxonomy":"product_tag","embeddable":true,"href":"https:\/\/bruval.com.ec\/home\/wp-json\/wp\/v2\/product_tag?post=336"}],"curies":[{"name":"wp","href":"https:\/\/api.w.org\/{rel}","templated":true}]}}