{"id":372,"date":"2020-01-28T12:22:31","date_gmt":"2020-01-28T17:22:31","guid":{"rendered":"https:\/\/bruval.com.ec\/home\/producto\/bvbox049\/"},"modified":"2024-04-08T17:11:34","modified_gmt":"2024-04-08T22:11:34","slug":"bvbox049","status":"publish","type":"product","link":"https:\/\/bruval.com.ec\/home\/producto\/bvbox049\/","title":{"rendered":"BVBOX049"},"content":{"rendered":"","protected":false},"excerpt":{"rendered":"<p>Elegant Box Small una hermosa y elegante combinaci\u00f3n de flores en los tomas mas lindos.<\/p>\n<p>*Color de flores pueden variar seg\u00fan stock<br \/>\n*Color de Box puede cambiar seg\u00fan stock<\/p>\n","protected":false},"featured_media":371,"template":"","meta":{"site-sidebar-layout":"default","site-content-layout":"default","ast-site-content-layout":"","site-content-style":"default","site-sidebar-style":"default","ast-global-header-display":"","ast-banner-title-visibility":"","ast-main-header-display":"","ast-hfb-above-header-display":"","ast-hfb-below-header-display":"","ast-hfb-mobile-header-display":"","site-post-title":"","ast-breadcrumbs-content":"","ast-featured-img":"","footer-sml-layout":"","theme-transparent-header-meta":"default","adv-header-id-meta":"","stick-header-meta":"default","header-above-stick-meta":"","header-main-stick-meta":"","header-below-stick-meta":"","astra-migrate-meta-layouts":"default","ast-page-background-enabled":"default","ast-page-background-meta":{"desktop":{"background-color":"","background-image":"","background-repeat":"repeat","background-position":"center center","background-size":"auto","background-attachment":"scroll","background-type":"","background-media":"","overlay-type":"","overlay-color":"","overlay-opacity":"","overlay-gradient":""},"tablet":{"background-color":"","background-image":"","background-repeat":"repeat","background-position":"center center","background-size":"auto","background-attachment":"scroll","background-type":"","background-media":"","overlay-type":"","overlay-color":"","overlay-opacity":"","overlay-gradient":""},"mobile":{"background-color":"","background-image":"","background-repeat":"repeat","background-position":"center center","background-size":"auto","background-attachment":"scroll","background-type":"","background-media":"","overlay-type":"","overlay-color":"","overlay-opacity":"","overlay-gradient":""}},"ast-content-background-meta":{"desktop":{"background-color":"var(--ast-global-color-5)","background-image":"","background-repeat":"repeat","background-position":"center center","background-size":"auto","background-attachment":"scroll","background-type":"","background-media":"","overlay-type":"","overlay-color":"","overlay-opacity":"","overlay-gradient":""},"tablet":{"background-color":"var(--ast-global-color-5)","background-image":"","background-repeat":"repeat","background-position":"center center","background-size":"auto","background-attachment":"scroll","background-type":"","background-media":"","overlay-type":"","overlay-color":"","overlay-opacity":"","overlay-gradient":""},"mobile":{"background-color":"var(--ast-global-color-5)","background-image":"","background-repeat":"repeat","background-position":"center center","background-size":"auto","background-attachment":"scroll","background-type":"","background-media":"","overlay-type":"","overlay-color":"","overlay-opacity":"","overlay-gradient":""}}},"product_brand":[],"product_cat":[17,31,27,30],"product_tag":[],"class_list":{"0":"post-372","1":"product","2":"type-product","3":"status-publish","4":"has-post-thumbnail","6":"product_cat-inicio","7":"product_cat-mama","8":"product_cat-recuperacion","9":"product_cat-san-valentin","10":"desktop-align-center","11":"tablet-align-center","12":"mobile-align-center","13":"ast-product-gallery-layout-horizontal","14":"ast-product-tabs-layout-vertical","16":"first","17":"instock","18":"taxable","19":"shipping-taxable","20":"purchasable","21":"product-type-simple"},"jetpack-related-posts":[{"id":2691,"url":"https:\/\/bruval.com.ec\/home\/producto\/bvbox2010\/","url_meta":{"origin":372,"position":0},"title":"BVBOX2010","author":"Bruval Ecuador","date":"enero 7, 2026","format":false,"excerpt":"Las Flores mas lindas y delicadas en una box de Bruval la encontraras en este hermoso arreglo floral Contine Rosas, Mini rosas, Senecio, Clavelinas y otras flores de temporada *Color de flores y caja pueden variar seg\u00fan stock","rel":"","context":"Entrada similar","block_context":{"text":"Entrada similar","link":""},"img":{"alt_text":"","src":"https:\/\/i0.wp.com\/bruval.com.ec\/home\/wp-content\/uploads\/2026\/01\/BVBOX2010-.webp?fit=832%2C601&ssl=1&resize=350%2C200","width":350,"height":200,"srcset":"https:\/\/i0.wp.com\/bruval.com.ec\/home\/wp-content\/uploads\/2026\/01\/BVBOX2010-.webp?fit=832%2C601&ssl=1&resize=350%2C200 1x, https:\/\/i0.wp.com\/bruval.com.ec\/home\/wp-content\/uploads\/2026\/01\/BVBOX2010-.webp?fit=832%2C601&ssl=1&resize=525%2C300 1.5x, https:\/\/i0.wp.com\/bruval.com.ec\/home\/wp-content\/uploads\/2026\/01\/BVBOX2010-.webp?fit=832%2C601&ssl=1&resize=700%2C400 2x"},"classes":[]},{"id":368,"url":"https:\/\/bruval.com.ec\/home\/producto\/bvbox047\/","url_meta":{"origin":372,"position":1},"title":"BVBOX047","author":"cviteri","date":"enero 28, 2020","format":false,"excerpt":"Elegant Box Medium una hermosa y elegante combinaci\u00f3n de flores en los tonos mas lindos!!! *Color de flores pueden variar seg\u00fan stock *Color de Box puede cambiar seg\u00fan stock","rel":"","context":"Entrada similar","block_context":{"text":"Entrada similar","link":""},"img":{"alt_text":"BVBOX047","src":"https:\/\/i0.wp.com\/bruval.com.ec\/home\/wp-content\/uploads\/2020\/01\/322-BVBOX047.jpg?fit=700%2C800&ssl=1&resize=350%2C200","width":350,"height":200,"srcset":"https:\/\/i0.wp.com\/bruval.com.ec\/home\/wp-content\/uploads\/2020\/01\/322-BVBOX047.jpg?fit=700%2C800&ssl=1&resize=350%2C200 1x, https:\/\/i0.wp.com\/bruval.com.ec\/home\/wp-content\/uploads\/2020\/01\/322-BVBOX047.jpg?fit=700%2C800&ssl=1&resize=525%2C300 1.5x, https:\/\/i0.wp.com\/bruval.com.ec\/home\/wp-content\/uploads\/2020\/01\/322-BVBOX047.jpg?fit=700%2C800&ssl=1&resize=700%2C400 2x"},"classes":[]},{"id":151,"url":"https:\/\/bruval.com.ec\/home\/producto\/bv0320\/","url_meta":{"origin":372,"position":2},"title":"BV0320","author":"cviteri","date":"diciembre 18, 2017","format":false,"excerpt":"Mix de flores (rosas, claveles, astromelias, lirios) en nuestra small box. *Color de la box puede variar seg\u00fan stock *Las flores pueden ser reemplazadas seg\u00fan disponibilidad","rel":"","context":"Entrada similar","block_context":{"text":"Entrada similar","link":""},"img":{"alt_text":"BV0320","src":"https:\/\/i0.wp.com\/bruval.com.ec\/home\/wp-content\/uploads\/2017\/12\/91-BV0320.jpg?fit=600%2C800&ssl=1&resize=350%2C200","width":350,"height":200,"srcset":"https:\/\/i0.wp.com\/bruval.com.ec\/home\/wp-content\/uploads\/2017\/12\/91-BV0320.jpg?fit=600%2C800&ssl=1&resize=350%2C200 1x, https:\/\/i0.wp.com\/bruval.com.ec\/home\/wp-content\/uploads\/2017\/12\/91-BV0320.jpg?fit=600%2C800&ssl=1&resize=525%2C300 1.5x"},"classes":[]},{"id":1010,"url":"https:\/\/bruval.com.ec\/home\/producto\/bvbox605\/","url_meta":{"origin":372,"position":3},"title":"BVBOX605","author":"cviteri","date":"abril 13, 2021","format":false,"excerpt":"Mini Box de Rosas y mini rosas una combinaci\u00f3n ideal para enamorar! Color de Box y flores pueden cambiar seg\u00fan el stock.","rel":"","context":"Entrada similar","block_context":{"text":"Entrada similar","link":""},"img":{"alt_text":"BRUVAL","src":"https:\/\/i0.wp.com\/bruval.com.ec\/home\/wp-content\/uploads\/2021\/04\/BVBOX605-B.jpg?fit=800%2C800&ssl=1&resize=350%2C200","width":350,"height":200,"srcset":"https:\/\/i0.wp.com\/bruval.com.ec\/home\/wp-content\/uploads\/2021\/04\/BVBOX605-B.jpg?fit=800%2C800&ssl=1&resize=350%2C200 1x, https:\/\/i0.wp.com\/bruval.com.ec\/home\/wp-content\/uploads\/2021\/04\/BVBOX605-B.jpg?fit=800%2C800&ssl=1&resize=525%2C300 1.5x, https:\/\/i0.wp.com\/bruval.com.ec\/home\/wp-content\/uploads\/2021\/04\/BVBOX605-B.jpg?fit=800%2C800&ssl=1&resize=700%2C400 2x"},"classes":[]},{"id":137,"url":"https:\/\/bruval.com.ec\/home\/producto\/bv0300\/","url_meta":{"origin":372,"position":4},"title":"BV0300","author":"cviteri","date":"diciembre 18, 2017","format":false,"excerpt":"Un mix completo de flores en nuestra box contiene: Rosas, lirios, astromelias, margaritas, minirosas, claveles *Color de la box puede variar segun stock *Las flores pueden ser reemplazadas segun disponibilidad.","rel":"","context":"Entrada similar","block_context":{"text":"Entrada similar","link":""},"img":{"alt_text":"BV0300","src":"https:\/\/i0.wp.com\/bruval.com.ec\/home\/wp-content\/uploads\/2017\/12\/235-BV0300.jpg?fit=700%2C800&ssl=1&resize=350%2C200","width":350,"height":200,"srcset":"https:\/\/i0.wp.com\/bruval.com.ec\/home\/wp-content\/uploads\/2017\/12\/235-BV0300.jpg?fit=700%2C800&ssl=1&resize=350%2C200 1x, https:\/\/i0.wp.com\/bruval.com.ec\/home\/wp-content\/uploads\/2017\/12\/235-BV0300.jpg?fit=700%2C800&ssl=1&resize=525%2C300 1.5x, https:\/\/i0.wp.com\/bruval.com.ec\/home\/wp-content\/uploads\/2017\/12\/235-BV0300.jpg?fit=700%2C800&ssl=1&resize=700%2C400 2x"},"classes":[]},{"id":1006,"url":"https:\/\/bruval.com.ec\/home\/producto\/bvbox615\/","url_meta":{"origin":372,"position":5},"title":"BVBOX615","author":"cviteri","date":"abril 13, 2021","format":false,"excerpt":"Mini box de rosas, hortensias y follaje variado ideal para alegrarle el d\u00eda. Color de Box y flores pueden variar seg\u00fan stock.","rel":"","context":"Entrada similar","block_context":{"text":"Entrada similar","link":""},"img":{"alt_text":"BRUVAL","src":"https:\/\/i0.wp.com\/bruval.com.ec\/home\/wp-content\/uploads\/2021\/04\/BVBOX615-B.jpg?fit=800%2C800&ssl=1&resize=350%2C200","width":350,"height":200,"srcset":"https:\/\/i0.wp.com\/bruval.com.ec\/home\/wp-content\/uploads\/2021\/04\/BVBOX615-B.jpg?fit=800%2C800&ssl=1&resize=350%2C200 1x, https:\/\/i0.wp.com\/bruval.com.ec\/home\/wp-content\/uploads\/2021\/04\/BVBOX615-B.jpg?fit=800%2C800&ssl=1&resize=525%2C300 1.5x, https:\/\/i0.wp.com\/bruval.com.ec\/home\/wp-content\/uploads\/2021\/04\/BVBOX615-B.jpg?fit=800%2C800&ssl=1&resize=700%2C400 2x"},"classes":[]}],"jetpack_sharing_enabled":true,"_links":{"self":[{"href":"https:\/\/bruval.com.ec\/home\/wp-json\/wp\/v2\/product\/372","targetHints":{"allow":["GET"]}}],"collection":[{"href":"https:\/\/bruval.com.ec\/home\/wp-json\/wp\/v2\/product"}],"about":[{"href":"https:\/\/bruval.com.ec\/home\/wp-json\/wp\/v2\/types\/product"}],"wp:featuredmedia":[{"embeddable":true,"href":"https:\/\/bruval.com.ec\/home\/wp-json\/wp\/v2\/media\/371"}],"wp:attachment":[{"href":"https:\/\/bruval.com.ec\/home\/wp-json\/wp\/v2\/media?parent=372"}],"wp:term":[{"taxonomy":"product_brand","embeddable":true,"href":"https:\/\/bruval.com.ec\/home\/wp-json\/wp\/v2\/product_brand?post=372"},{"taxonomy":"product_cat","embeddable":true,"href":"https:\/\/bruval.com.ec\/home\/wp-json\/wp\/v2\/product_cat?post=372"},{"taxonomy":"product_tag","embeddable":true,"href":"https:\/\/bruval.com.ec\/home\/wp-json\/wp\/v2\/product_tag?post=372"}],"curies":[{"name":"wp","href":"https:\/\/api.w.org\/{rel}","templated":true}]}}