{"id":375,"date":"2020-01-28T12:26:33","date_gmt":"2020-01-28T17:26:33","guid":{"rendered":"https:\/\/bruval.com.ec\/home\/producto\/bvbox050\/"},"modified":"2024-04-09T15:15:50","modified_gmt":"2024-04-09T20:15:50","slug":"bvbox050","status":"publish","type":"product","link":"https:\/\/bruval.com.ec\/home\/producto\/bvbox050\/","title":{"rendered":"BVBOX050"},"content":{"rendered":"<p><span style=\"font-weight: bolder; font-family: 'Noto Sans', sans-serif; font-size: 14px; background-color: #ffffff;\">Aceptamos:<\/span><span style=\"font-family: 'Noto Sans', sans-serif; font-size: 14px; background-color: #ffffff;\">\u00a0PayPal (Visa, MasterCard, AMEX, Diners Club, Discover), Tarjetas de Cr\u00e9dito, Pagos en Efectivo y Transferencia Bancaria. No olvide visitar nuestra isla en el C.C. Riocentro Entre R\u00edos. M\u00e1s informaci\u00f3n al\u00a0<\/span><span style=\"font-family: 'Noto Sans', sans-serif; font-size: 14px; background-color: #ffffff;\">0999480437<\/span><\/p>\n","protected":false},"excerpt":{"rendered":"<p>Regala nuestra hermosa Box de rosas Bruval, puedes personalizarla con su inicial, numero de aniversario o coraz\u00f3n.<\/p>\n<p>*Color de rosas pueden variar seg\u00fan stock<\/p>\n","protected":false},"featured_media":373,"template":"","meta":{"site-sidebar-layout":"default","site-content-layout":"default","ast-site-content-layout":"","site-content-style":"default","site-sidebar-style":"default","ast-global-header-display":"","ast-banner-title-visibility":"","ast-main-header-display":"","ast-hfb-above-header-display":"","ast-hfb-below-header-display":"","ast-hfb-mobile-header-display":"","site-post-title":"","ast-breadcrumbs-content":"","ast-featured-img":"","footer-sml-layout":"","theme-transparent-header-meta":"default","adv-header-id-meta":"","stick-header-meta":"default","header-above-stick-meta":"","header-main-stick-meta":"","header-below-stick-meta":"","astra-migrate-meta-layouts":"default","ast-page-background-enabled":"default","ast-page-background-meta":{"desktop":{"background-color":"","background-image":"","background-repeat":"repeat","background-position":"center center","background-size":"auto","background-attachment":"scroll","background-type":"","background-media":"","overlay-type":"","overlay-color":"","overlay-opacity":"","overlay-gradient":""},"tablet":{"background-color":"","background-image":"","background-repeat":"repeat","background-position":"center center","background-size":"auto","background-attachment":"scroll","background-type":"","background-media":"","overlay-type":"","overlay-color":"","overlay-opacity":"","overlay-gradient":""},"mobile":{"background-color":"","background-image":"","background-repeat":"repeat","background-position":"center center","background-size":"auto","background-attachment":"scroll","background-type":"","background-media":"","overlay-type":"","overlay-color":"","overlay-opacity":"","overlay-gradient":""}},"ast-content-background-meta":{"desktop":{"background-color":"var(--ast-global-color-5)","background-image":"","background-repeat":"repeat","background-position":"center center","background-size":"auto","background-attachment":"scroll","background-type":"","background-media":"","overlay-type":"","overlay-color":"","overlay-opacity":"","overlay-gradient":""},"tablet":{"background-color":"var(--ast-global-color-5)","background-image":"","background-repeat":"repeat","background-position":"center center","background-size":"auto","background-attachment":"scroll","background-type":"","background-media":"","overlay-type":"","overlay-color":"","overlay-opacity":"","overlay-gradient":""},"mobile":{"background-color":"var(--ast-global-color-5)","background-image":"","background-repeat":"repeat","background-position":"center center","background-size":"auto","background-attachment":"scroll","background-type":"","background-media":"","overlay-type":"","overlay-color":"","overlay-opacity":"","overlay-gradient":""}}},"product_brand":[],"product_cat":[18,29,17,31,22,27,30,26],"product_tag":[],"class_list":{"0":"post-375","1":"product","2":"type-product","3":"status-publish","4":"has-post-thumbnail","6":"product_cat-amor","7":"product_cat-bruval-box","8":"product_cat-inicio","9":"product_cat-mama","10":"product_cat-nacimiento","11":"product_cat-recuperacion","12":"product_cat-san-valentin","13":"product_cat-trabajo","14":"desktop-align-center","15":"tablet-align-center","16":"mobile-align-center","17":"ast-product-gallery-layout-horizontal","18":"ast-product-tabs-layout-vertical","20":"first","21":"instock","22":"taxable","23":"shipping-taxable","24":"purchasable","25":"product-type-simple"},"jetpack-related-posts":[{"id":307,"url":"https:\/\/bruval.com.ec\/home\/producto\/bvbox028\/","url_meta":{"origin":375,"position":0},"title":"BVBOX028","author":"cviteri","date":"enero 16, 2019","format":false,"excerpt":"Nuestra hermosa Box Large de 50 rosas y mini rosas linda y delicada para regalar por cualquier ocasion. *Colores de caja, rosas y mini rosas pueden variar segun disponibilidad. *Mini rosas pueden ser reemplazadas por clavelinas en caso de ser necesario.","rel":"","context":"Entrada similar","block_context":{"text":"Entrada similar","link":""},"img":{"alt_text":"BVBOX028","src":"https:\/\/i0.wp.com\/bruval.com.ec\/home\/wp-content\/uploads\/2019\/01\/265-BVBOX028.jpg?fit=700%2C800&ssl=1&resize=350%2C200","width":350,"height":200,"srcset":"https:\/\/i0.wp.com\/bruval.com.ec\/home\/wp-content\/uploads\/2019\/01\/265-BVBOX028.jpg?fit=700%2C800&ssl=1&resize=350%2C200 1x, https:\/\/i0.wp.com\/bruval.com.ec\/home\/wp-content\/uploads\/2019\/01\/265-BVBOX028.jpg?fit=700%2C800&ssl=1&resize=525%2C300 1.5x, https:\/\/i0.wp.com\/bruval.com.ec\/home\/wp-content\/uploads\/2019\/01\/265-BVBOX028.jpg?fit=700%2C800&ssl=1&resize=700%2C400 2x"},"classes":[]},{"id":2707,"url":"https:\/\/bruval.com.ec\/home\/producto\/bvbox2020\/","url_meta":{"origin":375,"position":1},"title":"BVBOX2020","author":"Bruval Ecuador","date":"enero 7, 2026","format":false,"excerpt":"Sobria y elegante nuestra Bruval Box de rosas rojas y ahora puedes personalizarla con la incial o numero que prefieras *Color de rosas y caja pueden variar seg\u00fan el stock","rel":"","context":"Entrada similar","block_context":{"text":"Entrada similar","link":""},"img":{"alt_text":"","src":"https:\/\/i0.wp.com\/bruval.com.ec\/home\/wp-content\/uploads\/2026\/01\/BVBOX2020.webp?fit=801%2C600&ssl=1&resize=350%2C200","width":350,"height":200,"srcset":"https:\/\/i0.wp.com\/bruval.com.ec\/home\/wp-content\/uploads\/2026\/01\/BVBOX2020.webp?fit=801%2C600&ssl=1&resize=350%2C200 1x, https:\/\/i0.wp.com\/bruval.com.ec\/home\/wp-content\/uploads\/2026\/01\/BVBOX2020.webp?fit=801%2C600&ssl=1&resize=525%2C300 1.5x, https:\/\/i0.wp.com\/bruval.com.ec\/home\/wp-content\/uploads\/2026\/01\/BVBOX2020.webp?fit=801%2C600&ssl=1&resize=700%2C400 2x"},"classes":[]},{"id":2015,"url":"https:\/\/bruval.com.ec\/home\/producto\/bvbox1010\/","url_meta":{"origin":375,"position":2},"title":"BVBOX1010","author":"fmanzetti","date":"diciembre 1, 2023","format":false,"excerpt":"25 Rosas Bruval en esta elegante mini box dandole el toque de elegancia su tira de perlas. *Color de la caja puede variar segun stock *Color de Rosas pueden variar segun stock","rel":"","context":"Entrada similar","block_context":{"text":"Entrada similar","link":""},"img":{"alt_text":"BVBOX1010","src":"https:\/\/i0.wp.com\/bruval.com.ec\/home\/wp-content\/uploads\/2023\/12\/3.webp?fit=600%2C800&ssl=1&resize=350%2C200","width":350,"height":200,"srcset":"https:\/\/i0.wp.com\/bruval.com.ec\/home\/wp-content\/uploads\/2023\/12\/3.webp?fit=600%2C800&ssl=1&resize=350%2C200 1x, https:\/\/i0.wp.com\/bruval.com.ec\/home\/wp-content\/uploads\/2023\/12\/3.webp?fit=600%2C800&ssl=1&resize=525%2C300 1.5x"},"classes":[]},{"id":2028,"url":"https:\/\/bruval.com.ec\/home\/producto\/bvbox1040\/","url_meta":{"origin":375,"position":3},"title":"BVBOX1040","author":"fmanzetti","date":"diciembre 1, 2023","format":false,"excerpt":"25 Rosas Bruval en esta elegante mini box dandole el toque de elegancia su tira de perlas. *Color de la caja puede variar segun stock *Color de Rosas pueden variar segun stock","rel":"","context":"Entrada similar","block_context":{"text":"Entrada similar","link":""},"img":{"alt_text":"BVBOX1040","src":"https:\/\/i0.wp.com\/bruval.com.ec\/home\/wp-content\/uploads\/2023\/12\/DSCN8051.webp?fit=905%2C800&ssl=1&resize=350%2C200","width":350,"height":200,"srcset":"https:\/\/i0.wp.com\/bruval.com.ec\/home\/wp-content\/uploads\/2023\/12\/DSCN8051.webp?fit=905%2C800&ssl=1&resize=350%2C200 1x, https:\/\/i0.wp.com\/bruval.com.ec\/home\/wp-content\/uploads\/2023\/12\/DSCN8051.webp?fit=905%2C800&ssl=1&resize=525%2C300 1.5x, https:\/\/i0.wp.com\/bruval.com.ec\/home\/wp-content\/uploads\/2023\/12\/DSCN8051.webp?fit=905%2C800&ssl=1&resize=700%2C400 2x"},"classes":[]},{"id":2024,"url":"https:\/\/bruval.com.ec\/home\/producto\/bvbox1030\/","url_meta":{"origin":375,"position":4},"title":"BVBOX1030","author":"fmanzetti","date":"diciembre 1, 2023","format":false,"excerpt":"Si desea impactar este clasico de rosas sera la opcion que buscas... son 70 Rosas doradas finamente decoradas en nuestro jarron importado exclusivamente por Bruval y complementado con delicadas mariposas creando un detalle unico. *Color de rosas pueden variar segun stock","rel":"","context":"Entrada similar","block_context":{"text":"Entrada similar","link":""},"img":{"alt_text":"BVBOX1030","src":"https:\/\/i0.wp.com\/bruval.com.ec\/home\/wp-content\/uploads\/2023\/12\/8.webp?fit=600%2C800&ssl=1&resize=350%2C200","width":350,"height":200,"srcset":"https:\/\/i0.wp.com\/bruval.com.ec\/home\/wp-content\/uploads\/2023\/12\/8.webp?fit=600%2C800&ssl=1&resize=350%2C200 1x, https:\/\/i0.wp.com\/bruval.com.ec\/home\/wp-content\/uploads\/2023\/12\/8.webp?fit=600%2C800&ssl=1&resize=525%2C300 1.5x"},"classes":[]},{"id":2714,"url":"https:\/\/bruval.com.ec\/home\/producto\/bouquet-140\/","url_meta":{"origin":375,"position":5},"title":"BOUQUET 140","author":"Bruval Ecuador","date":"enero 13, 2026","format":false,"excerpt":"Delicado y sofisticado bouquet de rosas complementado por un hermoso oso depeluche *Color de rosas y modelo del osito pueden variar seg\u00fan el stock","rel":"","context":"Entrada similar","block_context":{"text":"Entrada similar","link":""},"img":{"alt_text":"","src":"https:\/\/i0.wp.com\/bruval.com.ec\/home\/wp-content\/uploads\/2026\/01\/BOUQUET-140.webp?fit=832%2C624&ssl=1&resize=350%2C200","width":350,"height":200,"srcset":"https:\/\/i0.wp.com\/bruval.com.ec\/home\/wp-content\/uploads\/2026\/01\/BOUQUET-140.webp?fit=832%2C624&ssl=1&resize=350%2C200 1x, https:\/\/i0.wp.com\/bruval.com.ec\/home\/wp-content\/uploads\/2026\/01\/BOUQUET-140.webp?fit=832%2C624&ssl=1&resize=525%2C300 1.5x, https:\/\/i0.wp.com\/bruval.com.ec\/home\/wp-content\/uploads\/2026\/01\/BOUQUET-140.webp?fit=832%2C624&ssl=1&resize=700%2C400 2x"},"classes":[]}],"jetpack_sharing_enabled":true,"_links":{"self":[{"href":"https:\/\/bruval.com.ec\/home\/wp-json\/wp\/v2\/product\/375","targetHints":{"allow":["GET"]}}],"collection":[{"href":"https:\/\/bruval.com.ec\/home\/wp-json\/wp\/v2\/product"}],"about":[{"href":"https:\/\/bruval.com.ec\/home\/wp-json\/wp\/v2\/types\/product"}],"wp:featuredmedia":[{"embeddable":true,"href":"https:\/\/bruval.com.ec\/home\/wp-json\/wp\/v2\/media\/373"}],"wp:attachment":[{"href":"https:\/\/bruval.com.ec\/home\/wp-json\/wp\/v2\/media?parent=375"}],"wp:term":[{"taxonomy":"product_brand","embeddable":true,"href":"https:\/\/bruval.com.ec\/home\/wp-json\/wp\/v2\/product_brand?post=375"},{"taxonomy":"product_cat","embeddable":true,"href":"https:\/\/bruval.com.ec\/home\/wp-json\/wp\/v2\/product_cat?post=375"},{"taxonomy":"product_tag","embeddable":true,"href":"https:\/\/bruval.com.ec\/home\/wp-json\/wp\/v2\/product_tag?post=375"}],"curies":[{"name":"wp","href":"https:\/\/api.w.org\/{rel}","templated":true}]}}