{"id":385,"date":"2020-01-28T12:45:01","date_gmt":"2020-01-28T17:45:01","guid":{"rendered":"https:\/\/bruval.com.ec\/home\/producto\/bvbox054\/"},"modified":"2024-04-08T17:23:49","modified_gmt":"2024-04-08T22:23:49","slug":"bvbox054","status":"publish","type":"product","link":"https:\/\/bruval.com.ec\/home\/producto\/bvbox054\/","title":{"rendered":"BVBOX054"},"content":{"rendered":"<p><span style=\"font-weight: bolder; font-family: 'Noto Sans', sans-serif; font-size: 14px; background-color: #ffffff;\">Aceptamos:<\/span><span style=\"font-family: 'Noto Sans', sans-serif; font-size: 14px; background-color: #ffffff;\">\u00a0PayPal (Visa, MasterCard, AMEX, Diners Club, Discover), Tarjetas de Cr\u00e9dito, Pagos en Efectivo y Transferencia Bancaria. No olvide visitar nuestra isla en el C.C. Riocentro Entre R\u00edos. M\u00e1s informaci\u00f3n al\u00a0<\/span><span style=\"font-family: 'Noto Sans', sans-serif; font-size: 14px; background-color: #ffffff;\">0999480437<\/span><\/p>\n","protected":false},"excerpt":{"rendered":"<p>Rom\u00e1ntico arreglo de rosas en forma de coraz\u00f3n contiene en promedio 150 rosas.<\/p>\n<p>*Color de rosas puede variar seg\u00fan stock<br \/>\n*Color de Box puede variar seg\u00fan disponibilidad.<\/p>\n","protected":false},"featured_media":383,"template":"","meta":{"site-sidebar-layout":"default","site-content-layout":"default","ast-site-content-layout":"","site-content-style":"default","site-sidebar-style":"default","ast-global-header-display":"","ast-banner-title-visibility":"","ast-main-header-display":"","ast-hfb-above-header-display":"","ast-hfb-below-header-display":"","ast-hfb-mobile-header-display":"","site-post-title":"","ast-breadcrumbs-content":"","ast-featured-img":"","footer-sml-layout":"","theme-transparent-header-meta":"default","adv-header-id-meta":"","stick-header-meta":"default","header-above-stick-meta":"","header-main-stick-meta":"","header-below-stick-meta":"","astra-migrate-meta-layouts":"default","ast-page-background-enabled":"default","ast-page-background-meta":{"desktop":{"background-color":"","background-image":"","background-repeat":"repeat","background-position":"center center","background-size":"auto","background-attachment":"scroll","background-type":"","background-media":"","overlay-type":"","overlay-color":"","overlay-opacity":"","overlay-gradient":""},"tablet":{"background-color":"","background-image":"","background-repeat":"repeat","background-position":"center center","background-size":"auto","background-attachment":"scroll","background-type":"","background-media":"","overlay-type":"","overlay-color":"","overlay-opacity":"","overlay-gradient":""},"mobile":{"background-color":"","background-image":"","background-repeat":"repeat","background-position":"center center","background-size":"auto","background-attachment":"scroll","background-type":"","background-media":"","overlay-type":"","overlay-color":"","overlay-opacity":"","overlay-gradient":""}},"ast-content-background-meta":{"desktop":{"background-color":"var(--ast-global-color-5)","background-image":"","background-repeat":"repeat","background-position":"center center","background-size":"auto","background-attachment":"scroll","background-type":"","background-media":"","overlay-type":"","overlay-color":"","overlay-opacity":"","overlay-gradient":""},"tablet":{"background-color":"var(--ast-global-color-5)","background-image":"","background-repeat":"repeat","background-position":"center center","background-size":"auto","background-attachment":"scroll","background-type":"","background-media":"","overlay-type":"","overlay-color":"","overlay-opacity":"","overlay-gradient":""},"mobile":{"background-color":"var(--ast-global-color-5)","background-image":"","background-repeat":"repeat","background-position":"center center","background-size":"auto","background-attachment":"scroll","background-type":"","background-media":"","overlay-type":"","overlay-color":"","overlay-opacity":"","overlay-gradient":""}}},"product_brand":[],"product_cat":[18,29,17,31,22,27,30,26],"product_tag":[],"class_list":{"0":"post-385","1":"product","2":"type-product","3":"status-publish","4":"has-post-thumbnail","6":"product_cat-amor","7":"product_cat-bruval-box","8":"product_cat-inicio","9":"product_cat-mama","10":"product_cat-nacimiento","11":"product_cat-recuperacion","12":"product_cat-san-valentin","13":"product_cat-trabajo","14":"desktop-align-center","15":"tablet-align-center","16":"mobile-align-center","17":"ast-product-gallery-layout-horizontal","18":"ast-product-tabs-layout-vertical","20":"first","21":"instock","22":"taxable","23":"shipping-taxable","24":"purchasable","25":"product-type-simple"},"jetpack-related-posts":[{"id":2015,"url":"https:\/\/bruval.com.ec\/home\/producto\/bvbox1010\/","url_meta":{"origin":385,"position":0},"title":"BVBOX1010","author":"fmanzetti","date":"diciembre 1, 2023","format":false,"excerpt":"25 Rosas Bruval en esta elegante mini box dandole el toque de elegancia su tira de perlas. *Color de la caja puede variar segun stock *Color de Rosas pueden variar segun stock","rel":"","context":"Entrada similar","block_context":{"text":"Entrada similar","link":""},"img":{"alt_text":"BVBOX1010","src":"https:\/\/i0.wp.com\/bruval.com.ec\/home\/wp-content\/uploads\/2023\/12\/3.webp?fit=600%2C800&ssl=1&resize=350%2C200","width":350,"height":200,"srcset":"https:\/\/i0.wp.com\/bruval.com.ec\/home\/wp-content\/uploads\/2023\/12\/3.webp?fit=600%2C800&ssl=1&resize=350%2C200 1x, https:\/\/i0.wp.com\/bruval.com.ec\/home\/wp-content\/uploads\/2023\/12\/3.webp?fit=600%2C800&ssl=1&resize=525%2C300 1.5x"},"classes":[]},{"id":2028,"url":"https:\/\/bruval.com.ec\/home\/producto\/bvbox1040\/","url_meta":{"origin":385,"position":1},"title":"BVBOX1040","author":"fmanzetti","date":"diciembre 1, 2023","format":false,"excerpt":"25 Rosas Bruval en esta elegante mini box dandole el toque de elegancia su tira de perlas. *Color de la caja puede variar segun stock *Color de Rosas pueden variar segun stock","rel":"","context":"Entrada similar","block_context":{"text":"Entrada similar","link":""},"img":{"alt_text":"BVBOX1040","src":"https:\/\/i0.wp.com\/bruval.com.ec\/home\/wp-content\/uploads\/2023\/12\/DSCN8051.webp?fit=905%2C800&ssl=1&resize=350%2C200","width":350,"height":200,"srcset":"https:\/\/i0.wp.com\/bruval.com.ec\/home\/wp-content\/uploads\/2023\/12\/DSCN8051.webp?fit=905%2C800&ssl=1&resize=350%2C200 1x, https:\/\/i0.wp.com\/bruval.com.ec\/home\/wp-content\/uploads\/2023\/12\/DSCN8051.webp?fit=905%2C800&ssl=1&resize=525%2C300 1.5x, https:\/\/i0.wp.com\/bruval.com.ec\/home\/wp-content\/uploads\/2023\/12\/DSCN8051.webp?fit=905%2C800&ssl=1&resize=700%2C400 2x"},"classes":[]},{"id":2707,"url":"https:\/\/bruval.com.ec\/home\/producto\/bvbox2020\/","url_meta":{"origin":385,"position":2},"title":"BVBOX2020","author":"Bruval Ecuador","date":"enero 7, 2026","format":false,"excerpt":"Sobria y elegante nuestra Bruval Box de rosas rojas y ahora puedes personalizarla con la incial o numero que prefieras *Color de rosas y caja pueden variar seg\u00fan el stock","rel":"","context":"Entrada similar","block_context":{"text":"Entrada similar","link":""},"img":{"alt_text":"","src":"https:\/\/i0.wp.com\/bruval.com.ec\/home\/wp-content\/uploads\/2026\/01\/BVBOX2020.webp?fit=801%2C600&ssl=1&resize=350%2C200","width":350,"height":200,"srcset":"https:\/\/i0.wp.com\/bruval.com.ec\/home\/wp-content\/uploads\/2026\/01\/BVBOX2020.webp?fit=801%2C600&ssl=1&resize=350%2C200 1x, https:\/\/i0.wp.com\/bruval.com.ec\/home\/wp-content\/uploads\/2026\/01\/BVBOX2020.webp?fit=801%2C600&ssl=1&resize=525%2C300 1.5x, https:\/\/i0.wp.com\/bruval.com.ec\/home\/wp-content\/uploads\/2026\/01\/BVBOX2020.webp?fit=801%2C600&ssl=1&resize=700%2C400 2x"},"classes":[]},{"id":2714,"url":"https:\/\/bruval.com.ec\/home\/producto\/bouquet-140\/","url_meta":{"origin":385,"position":3},"title":"BOUQUET 140","author":"Bruval Ecuador","date":"enero 13, 2026","format":false,"excerpt":"Delicado y sofisticado bouquet de rosas complementado por un hermoso oso depeluche *Color de rosas y modelo del osito pueden variar seg\u00fan el stock","rel":"","context":"Entrada similar","block_context":{"text":"Entrada similar","link":""},"img":{"alt_text":"","src":"https:\/\/i0.wp.com\/bruval.com.ec\/home\/wp-content\/uploads\/2026\/01\/BOUQUET-140.webp?fit=832%2C624&ssl=1&resize=350%2C200","width":350,"height":200,"srcset":"https:\/\/i0.wp.com\/bruval.com.ec\/home\/wp-content\/uploads\/2026\/01\/BOUQUET-140.webp?fit=832%2C624&ssl=1&resize=350%2C200 1x, https:\/\/i0.wp.com\/bruval.com.ec\/home\/wp-content\/uploads\/2026\/01\/BOUQUET-140.webp?fit=832%2C624&ssl=1&resize=525%2C300 1.5x, https:\/\/i0.wp.com\/bruval.com.ec\/home\/wp-content\/uploads\/2026\/01\/BOUQUET-140.webp?fit=832%2C624&ssl=1&resize=700%2C400 2x"},"classes":[]},{"id":2703,"url":"https:\/\/bruval.com.ec\/home\/producto\/bvbox2015\/","url_meta":{"origin":385,"position":4},"title":"BVBOX2015","author":"Bruval Ecuador","date":"enero 7, 2026","format":false,"excerpt":"Una Small Box que lo tiene todo! Continen 25 rosas hermosas de Bruval y sus globitos *Color de rosas, globos y caja pueden variar seg\u00fan stock","rel":"","context":"Entrada similar","block_context":{"text":"Entrada similar","link":""},"img":{"alt_text":"","src":"https:\/\/i0.wp.com\/bruval.com.ec\/home\/wp-content\/uploads\/2026\/01\/BVBOX2015.webp?fit=832%2C608&ssl=1&resize=350%2C200","width":350,"height":200,"srcset":"https:\/\/i0.wp.com\/bruval.com.ec\/home\/wp-content\/uploads\/2026\/01\/BVBOX2015.webp?fit=832%2C608&ssl=1&resize=350%2C200 1x, https:\/\/i0.wp.com\/bruval.com.ec\/home\/wp-content\/uploads\/2026\/01\/BVBOX2015.webp?fit=832%2C608&ssl=1&resize=525%2C300 1.5x, https:\/\/i0.wp.com\/bruval.com.ec\/home\/wp-content\/uploads\/2026\/01\/BVBOX2015.webp?fit=832%2C608&ssl=1&resize=700%2C400 2x"},"classes":[]},{"id":2697,"url":"https:\/\/bruval.com.ec\/home\/producto\/bouquet-120\/","url_meta":{"origin":385,"position":5},"title":"Bouquet 120","author":"Bruval Ecuador","date":"enero 7, 2026","format":false,"excerpt":"Delicado y sofisticado bouquet de rosas complementado por un hermoso oso depeluche *Color de rosas y modelo del osito pueden variar seg\u00fan el stock","rel":"","context":"Entrada similar","block_context":{"text":"Entrada similar","link":""},"img":{"alt_text":"","src":"https:\/\/i0.wp.com\/bruval.com.ec\/home\/wp-content\/uploads\/2026\/01\/Bouquet-120.webp?fit=832%2C697&ssl=1&resize=350%2C200","width":350,"height":200,"srcset":"https:\/\/i0.wp.com\/bruval.com.ec\/home\/wp-content\/uploads\/2026\/01\/Bouquet-120.webp?fit=832%2C697&ssl=1&resize=350%2C200 1x, https:\/\/i0.wp.com\/bruval.com.ec\/home\/wp-content\/uploads\/2026\/01\/Bouquet-120.webp?fit=832%2C697&ssl=1&resize=525%2C300 1.5x, https:\/\/i0.wp.com\/bruval.com.ec\/home\/wp-content\/uploads\/2026\/01\/Bouquet-120.webp?fit=832%2C697&ssl=1&resize=700%2C400 2x"},"classes":[]}],"jetpack_sharing_enabled":true,"_links":{"self":[{"href":"https:\/\/bruval.com.ec\/home\/wp-json\/wp\/v2\/product\/385","targetHints":{"allow":["GET"]}}],"collection":[{"href":"https:\/\/bruval.com.ec\/home\/wp-json\/wp\/v2\/product"}],"about":[{"href":"https:\/\/bruval.com.ec\/home\/wp-json\/wp\/v2\/types\/product"}],"wp:featuredmedia":[{"embeddable":true,"href":"https:\/\/bruval.com.ec\/home\/wp-json\/wp\/v2\/media\/383"}],"wp:attachment":[{"href":"https:\/\/bruval.com.ec\/home\/wp-json\/wp\/v2\/media?parent=385"}],"wp:term":[{"taxonomy":"product_brand","embeddable":true,"href":"https:\/\/bruval.com.ec\/home\/wp-json\/wp\/v2\/product_brand?post=385"},{"taxonomy":"product_cat","embeddable":true,"href":"https:\/\/bruval.com.ec\/home\/wp-json\/wp\/v2\/product_cat?post=385"},{"taxonomy":"product_tag","embeddable":true,"href":"https:\/\/bruval.com.ec\/home\/wp-json\/wp\/v2\/product_tag?post=385"}],"curies":[{"name":"wp","href":"https:\/\/api.w.org\/{rel}","templated":true}]}}