{"id":62,"date":"2017-12-15T16:13:32","date_gmt":"2017-12-15T21:13:32","guid":{"rendered":"https:\/\/bruval.com.ec\/home\/producto\/bv0125\/"},"modified":"2025-03-21T13:26:47","modified_gmt":"2025-03-21T18:26:47","slug":"bv0125","status":"publish","type":"product","link":"https:\/\/bruval.com.ec\/home\/producto\/bv0125\/","title":{"rendered":"BV0125"},"content":{"rendered":"<p><!DOCTYPE html> <html> <head> <meta http-equiv=\"Content-Type\" content=\"text\/html; charset=UTF-8\" \/> <\/head> <body> <\/p>\n<p>Arreglo Floral contiene: rosas, fuji, cartuchos y astromelias en una caja de madera. Colores de las\u00a0 flores bajo disponibilidad y previa coordinaci\u00f3n con BRUVAL. Env\u00edos a Guayaquil, Dur\u00e1n y Samborond\u00f3n.\u00a0<strong>Aceptamos:<\/strong>\u00a0PayPal (Visa, MasterCard, AMEX, Diners Club, Discover) y Pagos en Efectivo y Transferencia Bancaria. No olvide visitar nuestra isla en el C.C. Riocentro Entre R\u00edos. M\u00e1s informaci\u00f3n al\u00a00999480437<\/p>\n<p> <\/body> <\/html><\/p>\n","protected":false},"excerpt":{"rendered":"<p><!DOCTYPE html> <html> <head> <meta http-equiv=\"Content-Type\" content=\"text\/html; charset=UTF-8\" \/> <\/head> <body> <\/p>\n<p>Arreglo mortuorio de rosas, fuji, cartuchos y astromelias<\/p>\n<p> <\/body> <\/html><\/p>\n","protected":false},"featured_media":61,"template":"","meta":{"site-sidebar-layout":"default","site-content-layout":"","ast-site-content-layout":"","site-content-style":"default","site-sidebar-style":"default","ast-global-header-display":"","ast-banner-title-visibility":"","ast-main-header-display":"","ast-hfb-above-header-display":"","ast-hfb-below-header-display":"","ast-hfb-mobile-header-display":"","site-post-title":"","ast-breadcrumbs-content":"","ast-featured-img":"","footer-sml-layout":"","theme-transparent-header-meta":"","adv-header-id-meta":"","stick-header-meta":"","header-above-stick-meta":"","header-main-stick-meta":"","header-below-stick-meta":"","astra-migrate-meta-layouts":"default","ast-page-background-enabled":"default","ast-page-background-meta":{"desktop":{"background-color":"","background-image":"","background-repeat":"repeat","background-position":"center center","background-size":"auto","background-attachment":"scroll","background-type":"","background-media":"","overlay-type":"","overlay-color":"","overlay-opacity":"","overlay-gradient":""},"tablet":{"background-color":"","background-image":"","background-repeat":"repeat","background-position":"center center","background-size":"auto","background-attachment":"scroll","background-type":"","background-media":"","overlay-type":"","overlay-color":"","overlay-opacity":"","overlay-gradient":""},"mobile":{"background-color":"","background-image":"","background-repeat":"repeat","background-position":"center center","background-size":"auto","background-attachment":"scroll","background-type":"","background-media":"","overlay-type":"","overlay-color":"","overlay-opacity":"","overlay-gradient":""}},"ast-content-background-meta":{"desktop":{"background-color":"var(--ast-global-color-5)","background-image":"","background-repeat":"repeat","background-position":"center center","background-size":"auto","background-attachment":"scroll","background-type":"","background-media":"","overlay-type":"","overlay-color":"","overlay-opacity":"","overlay-gradient":""},"tablet":{"background-color":"var(--ast-global-color-5)","background-image":"","background-repeat":"repeat","background-position":"center center","background-size":"auto","background-attachment":"scroll","background-type":"","background-media":"","overlay-type":"","overlay-color":"","overlay-opacity":"","overlay-gradient":""},"mobile":{"background-color":"var(--ast-global-color-5)","background-image":"","background-repeat":"repeat","background-position":"center center","background-size":"auto","background-attachment":"scroll","background-type":"","background-media":"","overlay-type":"","overlay-color":"","overlay-opacity":"","overlay-gradient":""}}},"product_brand":[],"product_cat":[21,17],"product_tag":[],"class_list":{"0":"post-62","1":"product","2":"type-product","3":"status-publish","4":"has-post-thumbnail","6":"product_cat-condolencia","7":"product_cat-inicio","8":"desktop-align-center","9":"tablet-align-center","10":"mobile-align-center","11":"ast-product-gallery-layout-horizontal","12":"ast-product-tabs-layout-vertical","14":"first","15":"instock","16":"taxable","17":"shipping-taxable","18":"purchasable","19":"product-type-simple"},"jetpack-related-posts":[{"id":68,"url":"https:\/\/bruval.com.ec\/home\/producto\/bv0140\/","url_meta":{"origin":62,"position":0},"title":"BV0140","author":"cviteri","date":"diciembre 15, 2017","format":false,"excerpt":"Extravagante arreglo de flores con el estilo BRUVAL, contiene rosas, astromelias, margaritas, liliums y crocomia.","rel":"","context":"Entrada similar","block_context":{"text":"Entrada similar","link":""},"img":{"alt_text":"BV0140","src":"https:\/\/i0.wp.com\/bruval.com.ec\/home\/wp-content\/uploads\/2017\/12\/51-BV0140.jpg?fit=600%2C800&ssl=1&resize=350%2C200","width":350,"height":200,"srcset":"https:\/\/i0.wp.com\/bruval.com.ec\/home\/wp-content\/uploads\/2017\/12\/51-BV0140.jpg?fit=600%2C800&ssl=1&resize=350%2C200 1x, https:\/\/i0.wp.com\/bruval.com.ec\/home\/wp-content\/uploads\/2017\/12\/51-BV0140.jpg?fit=600%2C800&ssl=1&resize=525%2C300 1.5x"},"classes":[]},{"id":147,"url":"https:\/\/bruval.com.ec\/home\/producto\/bv0315\/","url_meta":{"origin":62,"position":1},"title":"BV0315","author":"cviteri","date":"diciembre 18, 2017","format":false,"excerpt":"25 rosas Bruval complementadas con astromelias en nuestra small box *Color de la box y rosas pueden variar segun stock","rel":"","context":"Entrada similar","block_context":{"text":"Entrada similar","link":""},"img":{"alt_text":"BV0315","src":"https:\/\/i0.wp.com\/bruval.com.ec\/home\/wp-content\/uploads\/2017\/12\/261-BV0315.jpg?fit=700%2C800&ssl=1&resize=350%2C200","width":350,"height":200,"srcset":"https:\/\/i0.wp.com\/bruval.com.ec\/home\/wp-content\/uploads\/2017\/12\/261-BV0315.jpg?fit=700%2C800&ssl=1&resize=350%2C200 1x, https:\/\/i0.wp.com\/bruval.com.ec\/home\/wp-content\/uploads\/2017\/12\/261-BV0315.jpg?fit=700%2C800&ssl=1&resize=525%2C300 1.5x, https:\/\/i0.wp.com\/bruval.com.ec\/home\/wp-content\/uploads\/2017\/12\/261-BV0315.jpg?fit=700%2C800&ssl=1&resize=700%2C400 2x"},"classes":[]},{"id":48,"url":"https:\/\/bruval.com.ec\/home\/producto\/bv0090\/","url_meta":{"origin":62,"position":2},"title":"BV0090","author":"cviteri","date":"diciembre 15, 2017","format":false,"excerpt":"Dos docenas de nuestras mejores Rosas Bruval\u00a0 decoradas con solidago y astromelias","rel":"","context":"Entrada similar","block_context":{"text":"Entrada similar","link":""},"img":{"alt_text":"BV0090","src":"https:\/\/i0.wp.com\/bruval.com.ec\/home\/wp-content\/uploads\/2017\/12\/41-BV0090.jpg?fit=600%2C800&ssl=1&resize=350%2C200","width":350,"height":200,"srcset":"https:\/\/i0.wp.com\/bruval.com.ec\/home\/wp-content\/uploads\/2017\/12\/41-BV0090.jpg?fit=600%2C800&ssl=1&resize=350%2C200 1x, https:\/\/i0.wp.com\/bruval.com.ec\/home\/wp-content\/uploads\/2017\/12\/41-BV0090.jpg?fit=600%2C800&ssl=1&resize=525%2C300 1.5x"},"classes":[]},{"id":151,"url":"https:\/\/bruval.com.ec\/home\/producto\/bv0320\/","url_meta":{"origin":62,"position":3},"title":"BV0320","author":"cviteri","date":"diciembre 18, 2017","format":false,"excerpt":"Mix de flores (rosas, claveles, astromelias, lirios) en nuestra small box. *Color de la box puede variar seg\u00fan stock *Las flores pueden ser reemplazadas seg\u00fan disponibilidad","rel":"","context":"Entrada similar","block_context":{"text":"Entrada similar","link":""},"img":{"alt_text":"BV0320","src":"https:\/\/i0.wp.com\/bruval.com.ec\/home\/wp-content\/uploads\/2017\/12\/91-BV0320.jpg?fit=600%2C800&ssl=1&resize=350%2C200","width":350,"height":200,"srcset":"https:\/\/i0.wp.com\/bruval.com.ec\/home\/wp-content\/uploads\/2017\/12\/91-BV0320.jpg?fit=600%2C800&ssl=1&resize=350%2C200 1x, https:\/\/i0.wp.com\/bruval.com.ec\/home\/wp-content\/uploads\/2017\/12\/91-BV0320.jpg?fit=600%2C800&ssl=1&resize=525%2C300 1.5x"},"classes":[]},{"id":137,"url":"https:\/\/bruval.com.ec\/home\/producto\/bv0300\/","url_meta":{"origin":62,"position":4},"title":"BV0300","author":"cviteri","date":"diciembre 18, 2017","format":false,"excerpt":"Un mix completo de flores en nuestra box contiene: Rosas, lirios, astromelias, margaritas, minirosas, claveles *Color de la box puede variar segun stock *Las flores pueden ser reemplazadas segun disponibilidad.","rel":"","context":"Entrada similar","block_context":{"text":"Entrada similar","link":""},"img":{"alt_text":"BV0300","src":"https:\/\/i0.wp.com\/bruval.com.ec\/home\/wp-content\/uploads\/2017\/12\/235-BV0300.jpg?fit=700%2C800&ssl=1&resize=350%2C200","width":350,"height":200,"srcset":"https:\/\/i0.wp.com\/bruval.com.ec\/home\/wp-content\/uploads\/2017\/12\/235-BV0300.jpg?fit=700%2C800&ssl=1&resize=350%2C200 1x, https:\/\/i0.wp.com\/bruval.com.ec\/home\/wp-content\/uploads\/2017\/12\/235-BV0300.jpg?fit=700%2C800&ssl=1&resize=525%2C300 1.5x, https:\/\/i0.wp.com\/bruval.com.ec\/home\/wp-content\/uploads\/2017\/12\/235-BV0300.jpg?fit=700%2C800&ssl=1&resize=700%2C400 2x"},"classes":[]},{"id":131,"url":"https:\/\/bruval.com.ec\/home\/producto\/bv0290\/","url_meta":{"origin":62,"position":5},"title":"BV0290","author":"cviteri","date":"diciembre 15, 2017","format":false,"excerpt":"Jardinera Vintage decoradas con las flores mas frescas!!! Hortensias, Rosas, astromelias, eucalipto, Alelies * Flores pueden variar segun disponibilidad.","rel":"","context":"Entrada similar","block_context":{"text":"Entrada similar","link":""},"img":{"alt_text":"BV0290","src":"https:\/\/i0.wp.com\/bruval.com.ec\/home\/wp-content\/uploads\/2017\/12\/83-BV0290.jpg?fit=600%2C800&ssl=1&resize=350%2C200","width":350,"height":200,"srcset":"https:\/\/i0.wp.com\/bruval.com.ec\/home\/wp-content\/uploads\/2017\/12\/83-BV0290.jpg?fit=600%2C800&ssl=1&resize=350%2C200 1x, https:\/\/i0.wp.com\/bruval.com.ec\/home\/wp-content\/uploads\/2017\/12\/83-BV0290.jpg?fit=600%2C800&ssl=1&resize=525%2C300 1.5x"},"classes":[]}],"jetpack_sharing_enabled":true,"_links":{"self":[{"href":"https:\/\/bruval.com.ec\/home\/wp-json\/wp\/v2\/product\/62","targetHints":{"allow":["GET"]}}],"collection":[{"href":"https:\/\/bruval.com.ec\/home\/wp-json\/wp\/v2\/product"}],"about":[{"href":"https:\/\/bruval.com.ec\/home\/wp-json\/wp\/v2\/types\/product"}],"wp:featuredmedia":[{"embeddable":true,"href":"https:\/\/bruval.com.ec\/home\/wp-json\/wp\/v2\/media\/61"}],"wp:attachment":[{"href":"https:\/\/bruval.com.ec\/home\/wp-json\/wp\/v2\/media?parent=62"}],"wp:term":[{"taxonomy":"product_brand","embeddable":true,"href":"https:\/\/bruval.com.ec\/home\/wp-json\/wp\/v2\/product_brand?post=62"},{"taxonomy":"product_cat","embeddable":true,"href":"https:\/\/bruval.com.ec\/home\/wp-json\/wp\/v2\/product_cat?post=62"},{"taxonomy":"product_tag","embeddable":true,"href":"https:\/\/bruval.com.ec\/home\/wp-json\/wp\/v2\/product_tag?post=62"}],"curies":[{"name":"wp","href":"https:\/\/api.w.org\/{rel}","templated":true}]}}