{"id":64,"date":"2017-12-15T16:15:10","date_gmt":"2017-12-15T21:15:10","guid":{"rendered":"https:\/\/bruval.com.ec\/home\/producto\/bv0130\/"},"modified":"2023-01-23T17:30:55","modified_gmt":"2023-01-23T22:30:55","slug":"bv0130","status":"publish","type":"product","link":"https:\/\/bruval.com.ec\/home\/producto\/bv0130\/","title":{"rendered":"BV0130"},"content":{"rendered":"<p><!DOCTYPE html> <html> <head> <meta http-equiv=\"Content-Type\" content=\"text\/html; charset=UTF-8\" \/> <\/head> <body> <\/p>\n<p>Arreglo Floral contiene: girasoles, rosas, cartuchos, botella de Henkell y lata de prongles en una caja de madera. Colores de las\u00a0 flores bajo disponibilidad y previa coordinaci\u00f3n con BRUVAL. Env\u00edos a Guayaquil, Dur\u00e1n y Samborond\u00f3n.\u00a0<strong>Aceptamos:<\/strong>\u00a0PayPal (Visa, MasterCard, AMEX, Diners Club, Discover) y Pagos en Efectivo y Transferencia Bancaria. No olvide visitar nuestra isla en el C.C. Riocentro Entre R\u00edos. M\u00e1s informaci\u00f3n al\u00a00999480437<\/p>\n<p> <\/body> <\/html><\/p>\n","protected":false},"excerpt":{"rendered":"<p><!DOCTYPE html> <html> <head> <meta http-equiv=\"Content-Type\" content=\"text\/html; charset=UTF-8\" \/> <\/head> <body> <\/p>\n<p>Arreglo floral al muy estilo BRUVAL con rosas, cartuchos, girasoles y complementado con una botella de Henkell de litro y una lata de pringles.<\/p>\n<p> <\/body> <\/html><\/p>\n","protected":false},"featured_media":63,"template":"","meta":{"site-sidebar-layout":"default","site-content-layout":"","ast-site-content-layout":"","site-content-style":"default","site-sidebar-style":"default","ast-global-header-display":"","ast-banner-title-visibility":"","ast-main-header-display":"","ast-hfb-above-header-display":"","ast-hfb-below-header-display":"","ast-hfb-mobile-header-display":"","site-post-title":"","ast-breadcrumbs-content":"","ast-featured-img":"","footer-sml-layout":"","theme-transparent-header-meta":"","adv-header-id-meta":"","stick-header-meta":"","header-above-stick-meta":"","header-main-stick-meta":"","header-below-stick-meta":"","astra-migrate-meta-layouts":"default","ast-page-background-enabled":"default","ast-page-background-meta":{"desktop":{"background-color":"","background-image":"","background-repeat":"repeat","background-position":"center center","background-size":"auto","background-attachment":"scroll","background-type":"","background-media":"","overlay-type":"","overlay-color":"","overlay-opacity":"","overlay-gradient":""},"tablet":{"background-color":"","background-image":"","background-repeat":"repeat","background-position":"center center","background-size":"auto","background-attachment":"scroll","background-type":"","background-media":"","overlay-type":"","overlay-color":"","overlay-opacity":"","overlay-gradient":""},"mobile":{"background-color":"","background-image":"","background-repeat":"repeat","background-position":"center center","background-size":"auto","background-attachment":"scroll","background-type":"","background-media":"","overlay-type":"","overlay-color":"","overlay-opacity":"","overlay-gradient":""}},"ast-content-background-meta":{"desktop":{"background-color":"var(--ast-global-color-5)","background-image":"","background-repeat":"repeat","background-position":"center center","background-size":"auto","background-attachment":"scroll","background-type":"","background-media":"","overlay-type":"","overlay-color":"","overlay-opacity":"","overlay-gradient":""},"tablet":{"background-color":"var(--ast-global-color-5)","background-image":"","background-repeat":"repeat","background-position":"center center","background-size":"auto","background-attachment":"scroll","background-type":"","background-media":"","overlay-type":"","overlay-color":"","overlay-opacity":"","overlay-gradient":""},"mobile":{"background-color":"var(--ast-global-color-5)","background-image":"","background-repeat":"repeat","background-position":"center center","background-size":"auto","background-attachment":"scroll","background-type":"","background-media":"","overlay-type":"","overlay-color":"","overlay-opacity":"","overlay-gradient":""}}},"product_brand":[],"product_cat":[18,25,17,23],"product_tag":[],"class_list":{"0":"post-64","1":"product","2":"type-product","3":"status-publish","4":"has-post-thumbnail","6":"product_cat-amor","7":"product_cat-cumpleanos","8":"product_cat-inicio","9":"product_cat-para-el","10":"desktop-align-center","11":"tablet-align-center","12":"mobile-align-center","13":"ast-product-gallery-layout-horizontal","14":"ast-product-tabs-layout-vertical","16":"first","17":"instock","18":"taxable","19":"shipping-taxable","20":"purchasable","21":"product-type-simple"},"jetpack-related-posts":[{"id":116,"url":"https:\/\/bruval.com.ec\/home\/producto\/bv0260\/","url_meta":{"origin":64,"position":0},"title":"BV0260","author":"cviteri","date":"diciembre 15, 2017","format":false,"excerpt":"Hermoso arreglo de rosas, girasoles y lirios. \u00a0*Color de caja y flores pueden variar segun disponibilidad.","rel":"","context":"Entrada similar","block_context":{"text":"Entrada similar","link":""},"img":{"alt_text":"BV0260","src":"https:\/\/i0.wp.com\/bruval.com.ec\/home\/wp-content\/uploads\/2017\/12\/75-BV0260.jpg?fit=600%2C800&ssl=1&resize=350%2C200","width":350,"height":200,"srcset":"https:\/\/i0.wp.com\/bruval.com.ec\/home\/wp-content\/uploads\/2017\/12\/75-BV0260.jpg?fit=600%2C800&ssl=1&resize=350%2C200 1x, https:\/\/i0.wp.com\/bruval.com.ec\/home\/wp-content\/uploads\/2017\/12\/75-BV0260.jpg?fit=600%2C800&ssl=1&resize=525%2C300 1.5x"},"classes":[]},{"id":143,"url":"https:\/\/bruval.com.ec\/home\/producto\/bv0310\/","url_meta":{"origin":64,"position":1},"title":"BV0310","author":"cviteri","date":"diciembre 18, 2017","format":false,"excerpt":"Justo lo que buscabas regalar girasoles bruval y una rosa preservada que vive m\u00ednimo un a\u00f1o *Color de la box y rosa preservada pueden variar seg\u00fan stock","rel":"","context":"Entrada similar","block_context":{"text":"Entrada similar","link":""},"img":{"alt_text":"BV0310","src":"https:\/\/i0.wp.com\/bruval.com.ec\/home\/wp-content\/uploads\/2017\/12\/237-BV0310.jpg?fit=700%2C800&ssl=1&resize=350%2C200","width":350,"height":200,"srcset":"https:\/\/i0.wp.com\/bruval.com.ec\/home\/wp-content\/uploads\/2017\/12\/237-BV0310.jpg?fit=700%2C800&ssl=1&resize=350%2C200 1x, https:\/\/i0.wp.com\/bruval.com.ec\/home\/wp-content\/uploads\/2017\/12\/237-BV0310.jpg?fit=700%2C800&ssl=1&resize=525%2C300 1.5x, https:\/\/i0.wp.com\/bruval.com.ec\/home\/wp-content\/uploads\/2017\/12\/237-BV0310.jpg?fit=700%2C800&ssl=1&resize=700%2C400 2x"},"classes":[]},{"id":253,"url":"https:\/\/bruval.com.ec\/home\/producto\/bvbox0016\/","url_meta":{"origin":64,"position":2},"title":"BVBOX0016","author":"cviteri","date":"febrero 1, 2018","format":false,"excerpt":"La combinacion perfecta, rosas y girasoles en esta box espectacular. *Color de rosas y box puede variar seg\u00fan disponibilidad.","rel":"","context":"Entrada similar","block_context":{"text":"Entrada similar","link":""},"img":{"alt_text":"BVBOX0016","src":"https:\/\/i0.wp.com\/bruval.com.ec\/home\/wp-content\/uploads\/2018\/02\/176-BVBOX0016.jpg?fit=700%2C800&ssl=1&resize=350%2C200","width":350,"height":200,"srcset":"https:\/\/i0.wp.com\/bruval.com.ec\/home\/wp-content\/uploads\/2018\/02\/176-BVBOX0016.jpg?fit=700%2C800&ssl=1&resize=350%2C200 1x, https:\/\/i0.wp.com\/bruval.com.ec\/home\/wp-content\/uploads\/2018\/02\/176-BVBOX0016.jpg?fit=700%2C800&ssl=1&resize=525%2C300 1.5x, https:\/\/i0.wp.com\/bruval.com.ec\/home\/wp-content\/uploads\/2018\/02\/176-BVBOX0016.jpg?fit=700%2C800&ssl=1&resize=700%2C400 2x"},"classes":[]},{"id":118,"url":"https:\/\/bruval.com.ec\/home\/producto\/bv265\/","url_meta":{"origin":64,"position":3},"title":"BV0265","author":"cviteri","date":"diciembre 15, 2017","format":false,"excerpt":"Peque\u00f1o arreglo de rosas, girasol y lirios. \u00a0*Color de caja y flores pueden variar segun disponibilidad.","rel":"","context":"Entrada similar","block_context":{"text":"Entrada similar","link":""},"img":{"alt_text":"BV0265","src":"https:\/\/i0.wp.com\/bruval.com.ec\/home\/wp-content\/uploads\/2017\/12\/85-BV0265.jpg?fit=600%2C800&ssl=1&resize=350%2C200","width":350,"height":200,"srcset":"https:\/\/i0.wp.com\/bruval.com.ec\/home\/wp-content\/uploads\/2017\/12\/85-BV0265.jpg?fit=600%2C800&ssl=1&resize=350%2C200 1x, https:\/\/i0.wp.com\/bruval.com.ec\/home\/wp-content\/uploads\/2017\/12\/85-BV0265.jpg?fit=600%2C800&ssl=1&resize=525%2C300 1.5x"},"classes":[]},{"id":114,"url":"https:\/\/bruval.com.ec\/home\/producto\/bv0255\/","url_meta":{"origin":64,"position":4},"title":"BV0255","author":"cviteri","date":"diciembre 15, 2017","format":false,"excerpt":"Nuestras rosas Bruval decoradas con Girasoles","rel":"","context":"Entrada similar","block_context":{"text":"Entrada similar","link":""},"img":{"alt_text":"BV0255","src":"https:\/\/i0.wp.com\/bruval.com.ec\/home\/wp-content\/uploads\/2017\/12\/74-BV0255.jpg?fit=600%2C800&ssl=1&resize=350%2C200","width":350,"height":200,"srcset":"https:\/\/i0.wp.com\/bruval.com.ec\/home\/wp-content\/uploads\/2017\/12\/74-BV0255.jpg?fit=600%2C800&ssl=1&resize=350%2C200 1x, https:\/\/i0.wp.com\/bruval.com.ec\/home\/wp-content\/uploads\/2017\/12\/74-BV0255.jpg?fit=600%2C800&ssl=1&resize=525%2C300 1.5x"},"classes":[]},{"id":251,"url":"https:\/\/bruval.com.ec\/home\/producto\/bvbox0015\/","url_meta":{"origin":64,"position":5},"title":"BVBOX0015","author":"cviteri","date":"febrero 1, 2018","format":false,"excerpt":"La combinacion perfecta, rosas y girasoles en esta box espectacular. *Color de rosas y box puede variar seg\u00fan disponibilidad.","rel":"","context":"Entrada similar","block_context":{"text":"Entrada similar","link":""},"img":{"alt_text":"BVBOX0015","src":"https:\/\/i0.wp.com\/bruval.com.ec\/home\/wp-content\/uploads\/2018\/02\/175-BVBOX0015.jpg?fit=700%2C800&ssl=1&resize=350%2C200","width":350,"height":200,"srcset":"https:\/\/i0.wp.com\/bruval.com.ec\/home\/wp-content\/uploads\/2018\/02\/175-BVBOX0015.jpg?fit=700%2C800&ssl=1&resize=350%2C200 1x, https:\/\/i0.wp.com\/bruval.com.ec\/home\/wp-content\/uploads\/2018\/02\/175-BVBOX0015.jpg?fit=700%2C800&ssl=1&resize=525%2C300 1.5x, https:\/\/i0.wp.com\/bruval.com.ec\/home\/wp-content\/uploads\/2018\/02\/175-BVBOX0015.jpg?fit=700%2C800&ssl=1&resize=700%2C400 2x"},"classes":[]}],"jetpack_sharing_enabled":true,"_links":{"self":[{"href":"https:\/\/bruval.com.ec\/home\/wp-json\/wp\/v2\/product\/64","targetHints":{"allow":["GET"]}}],"collection":[{"href":"https:\/\/bruval.com.ec\/home\/wp-json\/wp\/v2\/product"}],"about":[{"href":"https:\/\/bruval.com.ec\/home\/wp-json\/wp\/v2\/types\/product"}],"wp:featuredmedia":[{"embeddable":true,"href":"https:\/\/bruval.com.ec\/home\/wp-json\/wp\/v2\/media\/63"}],"wp:attachment":[{"href":"https:\/\/bruval.com.ec\/home\/wp-json\/wp\/v2\/media?parent=64"}],"wp:term":[{"taxonomy":"product_brand","embeddable":true,"href":"https:\/\/bruval.com.ec\/home\/wp-json\/wp\/v2\/product_brand?post=64"},{"taxonomy":"product_cat","embeddable":true,"href":"https:\/\/bruval.com.ec\/home\/wp-json\/wp\/v2\/product_cat?post=64"},{"taxonomy":"product_tag","embeddable":true,"href":"https:\/\/bruval.com.ec\/home\/wp-json\/wp\/v2\/product_tag?post=64"}],"curies":[{"name":"wp","href":"https:\/\/api.w.org\/{rel}","templated":true}]}}