{"id":70,"date":"2017-12-15T16:18:12","date_gmt":"2017-12-15T21:18:12","guid":{"rendered":"https:\/\/bruval.com.ec\/home\/producto\/bv0145\/"},"modified":"2017-12-15T16:18:12","modified_gmt":"2017-12-15T21:18:12","slug":"bv0145","status":"publish","type":"product","link":"https:\/\/bruval.com.ec\/home\/producto\/bv0145\/","title":{"rendered":"BV0145"},"content":{"rendered":"<p><!DOCTYPE html> <html> <head> <meta http-equiv=\"Content-Type\" content=\"text\/html; charset=UTF-8\" \/> <\/head> <body> <\/p>\n<p>Arreglo Floral contiene: orquidea Dendrobium, rosas, delphinium y follaje ex\u00f3tico y botella de vino en una caja de madera. Colores de las\u00a0 flores bajo disponibilidad y previa coordinaci\u00f3n con BRUVAL. Env\u00edos a Guayaquil, Dur\u00e1n y Samborond\u00f3n.\u00a0<strong>Aceptamos:<\/strong>\u00a0PayPal (Visa, MasterCard, AMEX, Diners Club, Discover) y Pagos en Efectivo y Transferencia Bancaria. No olvide visitar nuestra isla en el C.C. Riocentro Entre R\u00edos. M\u00e1s informaci\u00f3n al\u00a00999480437<\/p>\n<p> <\/body> <\/html><\/p>\n","protected":false},"excerpt":{"rendered":"<p><!DOCTYPE html> <html> <head> <meta http-equiv=\"Content-Type\" content=\"text\/html; charset=UTF-8\" \/> <\/head> <body> <\/p>\n<p>Contiene una planta de orquidea Dendrobium, rosas, delphinium, y follaje ex\u00f3tico decorado al estilo BRUVAL.<\/p>\n<p> <\/body> <\/html><\/p>\n","protected":false},"featured_media":69,"template":"","meta":{"site-sidebar-layout":"default","site-content-layout":"","ast-site-content-layout":"","site-content-style":"default","site-sidebar-style":"default","ast-global-header-display":"","ast-banner-title-visibility":"","ast-main-header-display":"","ast-hfb-above-header-display":"","ast-hfb-below-header-display":"","ast-hfb-mobile-header-display":"","site-post-title":"","ast-breadcrumbs-content":"","ast-featured-img":"","footer-sml-layout":"","theme-transparent-header-meta":"","adv-header-id-meta":"","stick-header-meta":"","header-above-stick-meta":"","header-main-stick-meta":"","header-below-stick-meta":"","astra-migrate-meta-layouts":"default","ast-page-background-enabled":"default","ast-page-background-meta":{"desktop":{"background-color":"","background-image":"","background-repeat":"repeat","background-position":"center center","background-size":"auto","background-attachment":"scroll","background-type":"","background-media":"","overlay-type":"","overlay-color":"","overlay-opacity":"","overlay-gradient":""},"tablet":{"background-color":"","background-image":"","background-repeat":"repeat","background-position":"center center","background-size":"auto","background-attachment":"scroll","background-type":"","background-media":"","overlay-type":"","overlay-color":"","overlay-opacity":"","overlay-gradient":""},"mobile":{"background-color":"","background-image":"","background-repeat":"repeat","background-position":"center center","background-size":"auto","background-attachment":"scroll","background-type":"","background-media":"","overlay-type":"","overlay-color":"","overlay-opacity":"","overlay-gradient":""}},"ast-content-background-meta":{"desktop":{"background-color":"var(--ast-global-color-5)","background-image":"","background-repeat":"repeat","background-position":"center center","background-size":"auto","background-attachment":"scroll","background-type":"","background-media":"","overlay-type":"","overlay-color":"","overlay-opacity":"","overlay-gradient":""},"tablet":{"background-color":"var(--ast-global-color-5)","background-image":"","background-repeat":"repeat","background-position":"center center","background-size":"auto","background-attachment":"scroll","background-type":"","background-media":"","overlay-type":"","overlay-color":"","overlay-opacity":"","overlay-gradient":""},"mobile":{"background-color":"var(--ast-global-color-5)","background-image":"","background-repeat":"repeat","background-position":"center center","background-size":"auto","background-attachment":"scroll","background-type":"","background-media":"","overlay-type":"","overlay-color":"","overlay-opacity":"","overlay-gradient":""}}},"product_brand":[],"product_cat":[18,24,17,23,30,26],"product_tag":[],"class_list":{"0":"post-70","1":"product","2":"type-product","3":"status-publish","4":"has-post-thumbnail","6":"product_cat-amor","7":"product_cat-aniversario","8":"product_cat-inicio","9":"product_cat-para-el","10":"product_cat-san-valentin","11":"product_cat-trabajo","12":"desktop-align-center","13":"tablet-align-center","14":"mobile-align-center","15":"ast-product-gallery-layout-horizontal","16":"ast-product-tabs-layout-vertical","18":"first","19":"instock","20":"taxable","21":"shipping-taxable","22":"purchasable","23":"product-type-simple"},"jetpack-related-posts":[{"id":22,"url":"https:\/\/bruval.com.ec\/home\/producto\/bv025\/","url_meta":{"origin":70,"position":0},"title":"BV0025","author":"cviteri","date":"diciembre 15, 2017","format":false,"excerpt":"Imp\u00f3n tu estilo regalando las mejores rosas y BRUVAL te presenta este elegante arreglo de rosas complementado con una planta de orqu\u00eddea en el centro. \u00a0*Color de\u00a0orqu\u00eddea y rosas pueden variar segun disponibilidad.","rel":"","context":"Entrada similar","block_context":{"text":"Entrada similar","link":""},"img":{"alt_text":"BV025","src":"https:\/\/i0.wp.com\/bruval.com.ec\/home\/wp-content\/uploads\/2017\/12\/28-BV025.jpg?fit=600%2C800&ssl=1&resize=350%2C200","width":350,"height":200,"srcset":"https:\/\/i0.wp.com\/bruval.com.ec\/home\/wp-content\/uploads\/2017\/12\/28-BV025.jpg?fit=600%2C800&ssl=1&resize=350%2C200 1x, https:\/\/i0.wp.com\/bruval.com.ec\/home\/wp-content\/uploads\/2017\/12\/28-BV025.jpg?fit=600%2C800&ssl=1&resize=525%2C300 1.5x"},"classes":[]},{"id":72,"url":"https:\/\/bruval.com.ec\/home\/producto\/bv0150\/","url_meta":{"origin":70,"position":1},"title":"BV0150","author":"cviteri","date":"diciembre 15, 2017","format":false,"excerpt":"Canasta de 50 rosas Bruval con liliums y follaje variado.","rel":"","context":"Entrada similar","block_context":{"text":"Entrada similar","link":""},"img":{"alt_text":"BV0150","src":"https:\/\/i0.wp.com\/bruval.com.ec\/home\/wp-content\/uploads\/2017\/12\/53-BV0150.jpg?fit=600%2C800&ssl=1&resize=350%2C200","width":350,"height":200,"srcset":"https:\/\/i0.wp.com\/bruval.com.ec\/home\/wp-content\/uploads\/2017\/12\/53-BV0150.jpg?fit=600%2C800&ssl=1&resize=350%2C200 1x, https:\/\/i0.wp.com\/bruval.com.ec\/home\/wp-content\/uploads\/2017\/12\/53-BV0150.jpg?fit=600%2C800&ssl=1&resize=525%2C300 1.5x"},"classes":[]},{"id":338,"url":"https:\/\/bruval.com.ec\/home\/producto\/bvbox037\/","url_meta":{"origin":70,"position":2},"title":"BVBOX037","author":"cviteri","date":"abril 29, 2019","format":false,"excerpt":"Tierna y delicada Box de rosas con una orqu\u00eddea Cymbidium. *Color de caja, rosas y Orquidea\u00a0 pueden variar seg\u00fan stock y elecci\u00f3n del cliente.","rel":"","context":"Entrada similar","block_context":{"text":"Entrada similar","link":""},"img":{"alt_text":"BVBOX037","src":"https:\/\/i0.wp.com\/bruval.com.ec\/home\/wp-content\/uploads\/2019\/04\/312-BVBOX037.jpg?fit=700%2C800&ssl=1&resize=350%2C200","width":350,"height":200,"srcset":"https:\/\/i0.wp.com\/bruval.com.ec\/home\/wp-content\/uploads\/2019\/04\/312-BVBOX037.jpg?fit=700%2C800&ssl=1&resize=350%2C200 1x, https:\/\/i0.wp.com\/bruval.com.ec\/home\/wp-content\/uploads\/2019\/04\/312-BVBOX037.jpg?fit=700%2C800&ssl=1&resize=525%2C300 1.5x, https:\/\/i0.wp.com\/bruval.com.ec\/home\/wp-content\/uploads\/2019\/04\/312-BVBOX037.jpg?fit=700%2C800&ssl=1&resize=700%2C400 2x"},"classes":[]},{"id":1492,"url":"https:\/\/bruval.com.ec\/home\/producto\/bvbox810\/","url_meta":{"origin":70,"position":3},"title":"BVBOX810","author":"Bruval Ecuador","date":"abril 13, 2022","format":false,"excerpt":"Linda Bruval Box de Rosas y follaje en tonos pasteles complementado con un globo de 9\" metalizado.","rel":"","context":"Entrada similar","block_context":{"text":"Entrada similar","link":""},"img":{"alt_text":"","src":"https:\/\/i0.wp.com\/bruval.com.ec\/home\/wp-content\/uploads\/2022\/04\/IMG_4909.webp?fit=567%2C850&ssl=1&resize=350%2C200","width":350,"height":200,"srcset":"https:\/\/i0.wp.com\/bruval.com.ec\/home\/wp-content\/uploads\/2022\/04\/IMG_4909.webp?fit=567%2C850&ssl=1&resize=350%2C200 1x, https:\/\/i0.wp.com\/bruval.com.ec\/home\/wp-content\/uploads\/2022\/04\/IMG_4909.webp?fit=567%2C850&ssl=1&resize=525%2C300 1.5x"},"classes":[]},{"id":168,"url":"https:\/\/bruval.com.ec\/home\/producto\/bv0340\/","url_meta":{"origin":70,"position":4},"title":"BV0340","author":"cviteri","date":"diciembre 18, 2017","format":false,"excerpt":"BOX XL 50 rosas BRUVAL complementadas con follaje variado.*Color de la box y rosas pueden variar seg\u00fan stock","rel":"","context":"Entrada similar","block_context":{"text":"Entrada similar","link":""},"img":{"alt_text":"BV0340","src":"https:\/\/i0.wp.com\/bruval.com.ec\/home\/wp-content\/uploads\/2017\/12\/242-BV0340.jpg?fit=700%2C800&ssl=1&resize=350%2C200","width":350,"height":200,"srcset":"https:\/\/i0.wp.com\/bruval.com.ec\/home\/wp-content\/uploads\/2017\/12\/242-BV0340.jpg?fit=700%2C800&ssl=1&resize=350%2C200 1x, https:\/\/i0.wp.com\/bruval.com.ec\/home\/wp-content\/uploads\/2017\/12\/242-BV0340.jpg?fit=700%2C800&ssl=1&resize=525%2C300 1.5x, https:\/\/i0.wp.com\/bruval.com.ec\/home\/wp-content\/uploads\/2017\/12\/242-BV0340.jpg?fit=700%2C800&ssl=1&resize=700%2C400 2x"},"classes":[]},{"id":255,"url":"https:\/\/bruval.com.ec\/home\/producto\/bvbox0017\/","url_meta":{"origin":70,"position":5},"title":"BVBOX0017","author":"cviteri","date":"febrero 1, 2018","format":false,"excerpt":"Una box muy colorida, llena de amor de la manera que solo Bruval te puede dar, 50 rosas con follaje variado de temporada. *Color de rosas y box pueden variar seg\u00fan disponibilidad.","rel":"","context":"Entrada similar","block_context":{"text":"Entrada similar","link":""},"img":{"alt_text":"BVBOX0017","src":"https:\/\/i0.wp.com\/bruval.com.ec\/home\/wp-content\/uploads\/2018\/02\/177-BVBOX0017.jpg?fit=700%2C800&ssl=1&resize=350%2C200","width":350,"height":200,"srcset":"https:\/\/i0.wp.com\/bruval.com.ec\/home\/wp-content\/uploads\/2018\/02\/177-BVBOX0017.jpg?fit=700%2C800&ssl=1&resize=350%2C200 1x, https:\/\/i0.wp.com\/bruval.com.ec\/home\/wp-content\/uploads\/2018\/02\/177-BVBOX0017.jpg?fit=700%2C800&ssl=1&resize=525%2C300 1.5x, https:\/\/i0.wp.com\/bruval.com.ec\/home\/wp-content\/uploads\/2018\/02\/177-BVBOX0017.jpg?fit=700%2C800&ssl=1&resize=700%2C400 2x"},"classes":[]}],"jetpack_sharing_enabled":true,"_links":{"self":[{"href":"https:\/\/bruval.com.ec\/home\/wp-json\/wp\/v2\/product\/70","targetHints":{"allow":["GET"]}}],"collection":[{"href":"https:\/\/bruval.com.ec\/home\/wp-json\/wp\/v2\/product"}],"about":[{"href":"https:\/\/bruval.com.ec\/home\/wp-json\/wp\/v2\/types\/product"}],"wp:featuredmedia":[{"embeddable":true,"href":"https:\/\/bruval.com.ec\/home\/wp-json\/wp\/v2\/media\/69"}],"wp:attachment":[{"href":"https:\/\/bruval.com.ec\/home\/wp-json\/wp\/v2\/media?parent=70"}],"wp:term":[{"taxonomy":"product_brand","embeddable":true,"href":"https:\/\/bruval.com.ec\/home\/wp-json\/wp\/v2\/product_brand?post=70"},{"taxonomy":"product_cat","embeddable":true,"href":"https:\/\/bruval.com.ec\/home\/wp-json\/wp\/v2\/product_cat?post=70"},{"taxonomy":"product_tag","embeddable":true,"href":"https:\/\/bruval.com.ec\/home\/wp-json\/wp\/v2\/product_tag?post=70"}],"curies":[{"name":"wp","href":"https:\/\/api.w.org\/{rel}","templated":true}]}}