{"id":84,"date":"2017-12-15T16:29:03","date_gmt":"2017-12-15T21:29:03","guid":{"rendered":"https:\/\/bruval.com.ec\/home\/producto\/bv0180\/"},"modified":"2024-08-07T09:16:02","modified_gmt":"2024-08-07T14:16:02","slug":"bv0180","status":"publish","type":"product","link":"https:\/\/bruval.com.ec\/home\/producto\/bv0180\/","title":{"rendered":"BV0180"},"content":{"rendered":"\n<p>Arreglo Floral contiene: rosas y globo metalizado en una caja de madera. Colores de las\u00a0 flores bajo disponibilidad y previa coordinaci\u00f3n con BRUVAL. Env\u00edos a Guayaquil, Dur\u00e1n y Samborond\u00f3n.\u00a0<strong>Aceptamos:<\/strong>\u00a0PayPal (Visa, MasterCard, AMEX, Diners Club, Discover) y Pagos en Efectivo y Transferencia Bancaria. No olvide visitar nuestra isla en el C.C. Riocentro Entre R\u00edos. M\u00e1s informaci\u00f3n al\u00a00999480437<\/p>\n","protected":false},"excerpt":{"rendered":"\n<p>20 ROSAS Bruval decorados de una manera muy especial y complementadas con un globo metalizado de 4&#8243;<\/p>\n","protected":false},"featured_media":83,"template":"","meta":{"site-sidebar-layout":"default","site-content-layout":"","ast-site-content-layout":"","site-content-style":"default","site-sidebar-style":"default","ast-global-header-display":"","ast-banner-title-visibility":"","ast-main-header-display":"","ast-hfb-above-header-display":"","ast-hfb-below-header-display":"","ast-hfb-mobile-header-display":"","site-post-title":"","ast-breadcrumbs-content":"","ast-featured-img":"","footer-sml-layout":"","theme-transparent-header-meta":"","adv-header-id-meta":"","stick-header-meta":"","header-above-stick-meta":"","header-main-stick-meta":"","header-below-stick-meta":"","astra-migrate-meta-layouts":"default","ast-page-background-enabled":"default","ast-page-background-meta":{"desktop":{"background-color":"","background-image":"","background-repeat":"repeat","background-position":"center center","background-size":"auto","background-attachment":"scroll","background-type":"","background-media":"","overlay-type":"","overlay-color":"","overlay-opacity":"","overlay-gradient":""},"tablet":{"background-color":"","background-image":"","background-repeat":"repeat","background-position":"center center","background-size":"auto","background-attachment":"scroll","background-type":"","background-media":"","overlay-type":"","overlay-color":"","overlay-opacity":"","overlay-gradient":""},"mobile":{"background-color":"","background-image":"","background-repeat":"repeat","background-position":"center center","background-size":"auto","background-attachment":"scroll","background-type":"","background-media":"","overlay-type":"","overlay-color":"","overlay-opacity":"","overlay-gradient":""}},"ast-content-background-meta":{"desktop":{"background-color":"var(--ast-global-color-5)","background-image":"","background-repeat":"repeat","background-position":"center center","background-size":"auto","background-attachment":"scroll","background-type":"","background-media":"","overlay-type":"","overlay-color":"","overlay-opacity":"","overlay-gradient":""},"tablet":{"background-color":"var(--ast-global-color-5)","background-image":"","background-repeat":"repeat","background-position":"center center","background-size":"auto","background-attachment":"scroll","background-type":"","background-media":"","overlay-type":"","overlay-color":"","overlay-opacity":"","overlay-gradient":""},"mobile":{"background-color":"var(--ast-global-color-5)","background-image":"","background-repeat":"repeat","background-position":"center center","background-size":"auto","background-attachment":"scroll","background-type":"","background-media":"","overlay-type":"","overlay-color":"","overlay-opacity":"","overlay-gradient":""}}},"product_brand":[],"product_cat":[20,25,17,31,26],"product_tag":[],"class_list":{"0":"post-84","1":"product","2":"type-product","3":"status-publish","4":"has-post-thumbnail","6":"product_cat-amistad","7":"product_cat-cumpleanos","8":"product_cat-inicio","9":"product_cat-mama","10":"product_cat-trabajo","11":"desktop-align-center","12":"tablet-align-center","13":"mobile-align-center","14":"ast-product-gallery-layout-horizontal","15":"ast-product-tabs-layout-vertical","17":"first","18":"instock","19":"taxable","20":"shipping-taxable","21":"purchasable","22":"product-type-simple"},"jetpack-related-posts":[{"id":1492,"url":"https:\/\/bruval.com.ec\/home\/producto\/bvbox810\/","url_meta":{"origin":84,"position":0},"title":"BVBOX810","author":"Bruval Ecuador","date":"abril 13, 2022","format":false,"excerpt":"Linda Bruval Box de Rosas y follaje en tonos pasteles complementado con un globo de 9\" metalizado.","rel":"","context":"Entrada similar","block_context":{"text":"Entrada similar","link":""},"img":{"alt_text":"","src":"https:\/\/i0.wp.com\/bruval.com.ec\/home\/wp-content\/uploads\/2022\/04\/IMG_4909.webp?fit=567%2C850&ssl=1&resize=350%2C200","width":350,"height":200,"srcset":"https:\/\/i0.wp.com\/bruval.com.ec\/home\/wp-content\/uploads\/2022\/04\/IMG_4909.webp?fit=567%2C850&ssl=1&resize=350%2C200 1x, https:\/\/i0.wp.com\/bruval.com.ec\/home\/wp-content\/uploads\/2022\/04\/IMG_4909.webp?fit=567%2C850&ssl=1&resize=525%2C300 1.5x"},"classes":[]},{"id":76,"url":"https:\/\/bruval.com.ec\/home\/producto\/bv0160\/","url_meta":{"origin":84,"position":1},"title":"BV0160","author":"cviteri","date":"diciembre 15, 2017","format":false,"excerpt":"12 Rosas bruval decoradas con mucho estilo y complementadas con un globo metalizado de 9\".","rel":"","context":"Entrada similar","block_context":{"text":"Entrada similar","link":""},"img":{"alt_text":"BV0160","src":"https:\/\/i0.wp.com\/bruval.com.ec\/home\/wp-content\/uploads\/2017\/12\/55-BV0160.jpg?fit=600%2C800&ssl=1&resize=350%2C200","width":350,"height":200,"srcset":"https:\/\/i0.wp.com\/bruval.com.ec\/home\/wp-content\/uploads\/2017\/12\/55-BV0160.jpg?fit=600%2C800&ssl=1&resize=350%2C200 1x, https:\/\/i0.wp.com\/bruval.com.ec\/home\/wp-content\/uploads\/2017\/12\/55-BV0160.jpg?fit=600%2C800&ssl=1&resize=525%2C300 1.5x"},"classes":[]},{"id":66,"url":"https:\/\/bruval.com.ec\/home\/producto\/bv0135\/","url_meta":{"origin":84,"position":2},"title":"BV0135","author":"cviteri","date":"diciembre 15, 2017","format":false,"excerpt":"Rosas y Margaritas al estilo BRUVAL complementadas con un globo metalizado de 9\"","rel":"","context":"Entrada similar","block_context":{"text":"Entrada similar","link":""},"img":{"alt_text":"BV0135","src":"https:\/\/i0.wp.com\/bruval.com.ec\/home\/wp-content\/uploads\/2017\/12\/50-BV0135.jpg?fit=600%2C800&ssl=1&resize=350%2C200","width":350,"height":200,"srcset":"https:\/\/i0.wp.com\/bruval.com.ec\/home\/wp-content\/uploads\/2017\/12\/50-BV0135.jpg?fit=600%2C800&ssl=1&resize=350%2C200 1x, https:\/\/i0.wp.com\/bruval.com.ec\/home\/wp-content\/uploads\/2017\/12\/50-BV0135.jpg?fit=600%2C800&ssl=1&resize=525%2C300 1.5x"},"classes":[]},{"id":52,"url":"https:\/\/bruval.com.ec\/home\/producto\/bv0100\/","url_meta":{"origin":84,"position":3},"title":"BV0100","author":"cviteri","date":"diciembre 15, 2017","format":false,"excerpt":"Nuestra canasta de globos BRUVAL\u00a0 8 globos metalizados de 4\" + 1 Globo metalizado de 9\" complementado con chocolates hershys","rel":"","context":"Entrada similar","block_context":{"text":"Entrada similar","link":""},"img":{"alt_text":"BV0100","src":"https:\/\/i0.wp.com\/bruval.com.ec\/home\/wp-content\/uploads\/2017\/12\/43-BV0100.jpg?fit=600%2C800&ssl=1&resize=350%2C200","width":350,"height":200,"srcset":"https:\/\/i0.wp.com\/bruval.com.ec\/home\/wp-content\/uploads\/2017\/12\/43-BV0100.jpg?fit=600%2C800&ssl=1&resize=350%2C200 1x, https:\/\/i0.wp.com\/bruval.com.ec\/home\/wp-content\/uploads\/2017\/12\/43-BV0100.jpg?fit=600%2C800&ssl=1&resize=525%2C300 1.5x"},"classes":[]},{"id":54,"url":"https:\/\/bruval.com.ec\/home\/producto\/bv0105\/","url_meta":{"origin":84,"position":4},"title":"BV0105","author":"cviteri","date":"diciembre 15, 2017","format":false,"excerpt":"","rel":"","context":"Entrada similar","block_context":{"text":"Entrada similar","link":""},"img":{"alt_text":"BV0105","src":"https:\/\/i0.wp.com\/bruval.com.ec\/home\/wp-content\/uploads\/2017\/12\/44-BV0105.jpg?fit=600%2C800&ssl=1&resize=350%2C200","width":350,"height":200,"srcset":"https:\/\/i0.wp.com\/bruval.com.ec\/home\/wp-content\/uploads\/2017\/12\/44-BV0105.jpg?fit=600%2C800&ssl=1&resize=350%2C200 1x, https:\/\/i0.wp.com\/bruval.com.ec\/home\/wp-content\/uploads\/2017\/12\/44-BV0105.jpg?fit=600%2C800&ssl=1&resize=525%2C300 1.5x"},"classes":[]},{"id":2703,"url":"https:\/\/bruval.com.ec\/home\/producto\/bvbox2015\/","url_meta":{"origin":84,"position":5},"title":"BVBOX2015","author":"Bruval Ecuador","date":"enero 7, 2026","format":false,"excerpt":"Una Small Box que lo tiene todo! Continen 25 rosas hermosas de Bruval y sus globitos *Color de rosas, globos y caja pueden variar seg\u00fan stock","rel":"","context":"Entrada similar","block_context":{"text":"Entrada similar","link":""},"img":{"alt_text":"","src":"https:\/\/i0.wp.com\/bruval.com.ec\/home\/wp-content\/uploads\/2026\/01\/BVBOX2015.webp?fit=832%2C608&ssl=1&resize=350%2C200","width":350,"height":200,"srcset":"https:\/\/i0.wp.com\/bruval.com.ec\/home\/wp-content\/uploads\/2026\/01\/BVBOX2015.webp?fit=832%2C608&ssl=1&resize=350%2C200 1x, https:\/\/i0.wp.com\/bruval.com.ec\/home\/wp-content\/uploads\/2026\/01\/BVBOX2015.webp?fit=832%2C608&ssl=1&resize=525%2C300 1.5x, https:\/\/i0.wp.com\/bruval.com.ec\/home\/wp-content\/uploads\/2026\/01\/BVBOX2015.webp?fit=832%2C608&ssl=1&resize=700%2C400 2x"},"classes":[]}],"jetpack_sharing_enabled":true,"_links":{"self":[{"href":"https:\/\/bruval.com.ec\/home\/wp-json\/wp\/v2\/product\/84","targetHints":{"allow":["GET"]}}],"collection":[{"href":"https:\/\/bruval.com.ec\/home\/wp-json\/wp\/v2\/product"}],"about":[{"href":"https:\/\/bruval.com.ec\/home\/wp-json\/wp\/v2\/types\/product"}],"wp:featuredmedia":[{"embeddable":true,"href":"https:\/\/bruval.com.ec\/home\/wp-json\/wp\/v2\/media\/83"}],"wp:attachment":[{"href":"https:\/\/bruval.com.ec\/home\/wp-json\/wp\/v2\/media?parent=84"}],"wp:term":[{"taxonomy":"product_brand","embeddable":true,"href":"https:\/\/bruval.com.ec\/home\/wp-json\/wp\/v2\/product_brand?post=84"},{"taxonomy":"product_cat","embeddable":true,"href":"https:\/\/bruval.com.ec\/home\/wp-json\/wp\/v2\/product_cat?post=84"},{"taxonomy":"product_tag","embeddable":true,"href":"https:\/\/bruval.com.ec\/home\/wp-json\/wp\/v2\/product_tag?post=84"}],"curies":[{"name":"wp","href":"https:\/\/api.w.org\/{rel}","templated":true}]}}